{"id":14,"date":"2024-12-18T08:57:23","date_gmt":"2024-12-18T08:57:23","guid":{"rendered":"https:\/\/matkinh.webie.com.vn\/?page_id=14"},"modified":"2024-12-18T09:00:21","modified_gmt":"2024-12-18T09:00:21","slug":"refund_returns","status":"publish","type":"page","link":"https:\/\/matkinh.webie.com.vn\/en\/refund_returns\/","title":{"rendered":"Ch\u00ednh s\u00e1ch \u0110\u1ed5i &#8211; Tr\u1ea3 h\u00e0ng"},"content":{"rendered":"<h4 class=\"wp-block-heading\" id=\"h-chung-toi-cam-k\u1ebft-cac-s\u1ea3n-ph\u1ea9m-c\u1ee7a-m\u1eaft-kinh-webie-la-hang-m\u1edbi-va-khong-b\u1ecb-l\u1ed7i-chung-toi-s\u1ebd-nh\u1eadn-l\u1ea1i-va-d\u1ed5i-hang-cho-khach-hang-n\u1ebfu-s\u1ea3n-ph\u1ea9m-b\u1ecb-b\u1ea5t-k\u1ef3-l\u1ed7i-nao-t\u1eeb-phia-nha-s\u1ea3n-xu\u1ea5t\">Ch\u00fang t\u00f4i cam k\u1ebft c\u00e1c s\u1ea3n ph\u1ea9m c\u1ee7a M\u1eaft K\u00ednh Webie l\u00e0 h\u00e0ng m\u1edbi v\u00e0 kh\u00f4ng b\u1ecb l\u1ed7i. Ch\u00fang t\u00f4i s\u1ebd nh\u1eadn l\u1ea1i v\u00e0 \u0111\u1ed5i h\u00e0ng cho kh\u00e1ch h\u00e0ng n\u1ebfu s\u1ea3n ph\u1ea9m b\u1ecb b\u1ea5t k\u1ef3 l\u1ed7i n\u00e0o t\u1eeb ph\u00eda nh\u00e0 s\u1ea3n xu\u1ea5t.<\/h4><h2 class=\"wp-block-heading\">\u0110i\u1ec1u Ki\u1ec7n \u0110\u1ed5i Tr\u1ea3<\/h2><p>N\u1ebfu qu\u00fd kh\u00e1ch kh\u00f4ng ho\u00e0n to\u00e0n h\u00e0i l\u00f2ng v\u1edbi s\u1ef1 l\u1ef1a ch\u1ecdn c\u1ee7a m\u00ecnh, M\u1eaft K\u00ednh Webie h\u1ed7 tr\u1ee3 d\u1ecbch v\u1ee5 \u0111\u1ed5i s\u1ea3n ph\u1ea9m theo nh\u1eefng quy \u0111\u1ecbnh sau \u0111\u00e2y:<\/p><p>\u0110\u01b0\u1ee3c \u0111\u1ed5i s\u1ea3n ph\u1ea9m trong 3 ng\u00e0y v\u1edbi s\u1ea3n ph\u1ea9m b\u1ecb r\u1eddi m\u1ed1i h\u00e0n, g\u00e3y l\u00f2 xo, bong l\u1edbp s\u01a1n.<\/p><p>S\u1ea3n ph\u1ea9m c\u00f2n nguy\u00ean tem, m\u00e3 s\u1ea3n ph\u1ea9m, nh\u00e3n m\u00e1c v\u00e0 t\u00fai \u0111\u1ef1ng c\u1ee7a M\u1eaft K\u00ednh Vi\u1ec7t Ph\u00e1t.<\/p><p>S\u1ea3n ph\u1ea9m kh\u00f4ng b\u1ecb d\u01a1 b\u1ea9n, h\u01b0 h\u1ecfng, tr\u1ea7y x\u01b0\u1edbc, kh\u00f4ng c\u00f3 m\u00f9i, ch\u01b0a qua s\u1eed d\u1ee5ng.<\/p><p>Tr\u01b0\u1eddng h\u1ee3p kh\u00f4ng c\u00f2n s\u1ea3n ph\u1ea9m trong kho, ch\u00fang t\u00f4i s\u1ebd thay th\u1ebf s\u1ea3n ph\u1ea9m t\u01b0\u01a1ng \u0111\u01b0\u01a1ng. Qu\u00fd kh\u00e1ch vui l\u00f2ng thanh to\u00e1n ch\u00eanh l\u1ec7ch cao h\u01a1n.<\/p><h2 class=\"wp-block-heading\">H\u01b0\u1edbng D\u1eabn \u0110\u1ed5i Tr\u1ea3 S\u1ea3n Ph\u1ea9m<\/h2><p>Li\u00ean h\u1ec7 b\u1ed9 ph\u1eadn Ch\u0103m s\u00f3c Kh\u00e1ch h\u00e0ng qua Hotline: \u202d096.983.8467 \u0111\u1ec3 \u0111\u01b0\u1ee3c h\u1ed7 tr\u1ee3 \u0111\u1ed5i s\u1ea3n ph\u1ea9m.<\/p><p>\u0110\u1ed5i tr\u1ef1c ti\u1ebfp t\u1ea1i c\u1eeda h\u00e0ng: Trong v\u00f2ng 3 ng\u00e0y k\u1ec3 t\u1eeb l\u00fac mua s\u1ea3n ph\u1ea9m, Qu\u00fd kh\u00e1ch \u0111em s\u1ea3n ph\u1ea9m t\u1edbi tr\u1ef1c ti\u1ebfp t\u1ea1i c\u1eeda h\u00e0ng \u0111\u1ec3 \u0111\u01b0\u1ee3c nh\u00e2n vi\u00ean h\u1ed7 tr\u1ee3 \u0111\u1ed5i k\u00ednh.<\/p><p>\u0110\u1ed5i online: \u0110\u00f3ng g\u00f3i s\u1ea3n ph\u1ea9m c\u1ea7n ho\u00e0n tr\u1ea3 k\u00e8m \u0111\u1ea7y \u0111\u1ee7 tem m\u00e1c, t\u00fai \u0111\u1ef1ng \u0111\u1ec3 g\u1eedi v\u1ec1 c\u1eeda h\u00e0ng M\u1eaft K\u00ednh Webie b\u1ea1n \u0111\u00e3 mua s\u1ea3n ph\u1ea9m.<\/p><p>M\u1eaft K\u00ednh Webie s\u1ebd x\u1eed l\u00fd \u0111\u01a1n h\u00e0ng v\u00e0 g\u1eedi s\u1ea3n ph\u1ea9m l\u1ef1a ch\u1ecdn t\u1edbi cho qu\u00fd kh\u00e1ch trong v\u00f2ng 7 ng\u00e0y t\u1eeb khi M\u1eaft K\u00ednh Webie nh\u1eadn \u0111\u01b0\u1ee3c s\u1ea3n ph\u1ea9m ho\u00e0n l\u1ea1i.<\/p><p>Trong tr\u01b0\u1eddng h\u1ee3p s\u1ea3n ph\u1ea9m qu\u00fd kh\u00e1ch y\u00eau c\u1ea7u \u0111\u1ed5i h\u1ebft h\u00e0ng, qu\u00fd kh\u00e1ch c\u00f3 th\u1ec3 ch\u1ecdn s\u1ea3n ph\u1ea9m kh\u00e1c.<\/p><p>Kh\u00e1ch h\u00e0ng vui l\u00f2ng thanh to\u00e1n ph\u00ed v\u1eadn chuy\u1ec3n v\u00e0 ph\u00ed ng\u00e2n h\u00e0ng khi nh\u00e3n h\u00e0ng ho\u00e0n ti\u1ec1n v\u00e0o t\u00e0i kho\u1ea3n c\u1ee7a qu\u00fd kh\u00e1ch.<\/p>","protected":false},"excerpt":{"rendered":"<p>Ch\u00fang t\u00f4i cam k\u1ebft c\u00e1c s\u1ea3n ph\u1ea9m c\u1ee7a M\u1eaft K\u00ednh Webie l\u00e0 h\u00e0ng m\u1edbi v\u00e0 kh\u00f4ng b\u1ecb l\u1ed7i. Ch\u00fang t\u00f4i<\/p>","protected":false},"author":1,"featured_media":0,"parent":0,"menu_order":0,"comment_status":"closed","ping_status":"closed","template":"","meta":{"footnotes":""},"class_list":["post-14","page","type-page","status-publish","hentry"],"yoast_head":"<!-- This site is optimized with the Yoast SEO Premium plugin v23.2 (Yoast SEO v23.2) - https:\/\/yoast.com\/wordpress\/plugins\/seo\/ -->\n<title>Ch\u00ednh s\u00e1ch \u0110\u1ed5i - Tr\u1ea3 h\u00e0ng &#8211; M\u1eaft k\u00ednh Webie<\/title>\n<meta name=\"description\" content=\"Ch\u00fang t\u00f4i cam k\u1ebft c\u00e1c s\u1ea3n ph\u1ea9m l\u00e0 h\u00e0ng m\u1edbi v\u00e0 kh\u00f4ng b\u1ecb l\u1ed7i. Ch\u00fang t\u00f4i s\u1ebd nh\u1eadn l\u1ea1i v\u00e0 \u0111\u1ed5i h\u00e0ng n\u1ebfu s\u1ea3n ph\u1ea9m b\u1ecb b\u1ea5t k\u1ef3 l\u1ed7i n\u00e0o t\u1eeb nh\u00e0 s\u1ea3n xu\u1ea5t.\" \/>\n<meta name=\"robots\" content=\"index, follow, max-snippet:-1, max-image-preview:large, max-video-preview:-1\" \/>\n<link rel=\"canonical\" href=\"https:\/\/matkinh.webie.com.vn\/en\/refund_returns\/\" \/>\n<meta property=\"og:locale\" content=\"en_US\" \/>\n<meta property=\"og:type\" content=\"article\" \/>\n<meta property=\"og:title\" content=\"Ch\u00ednh s\u00e1ch \u0110\u1ed5i - Tr\u1ea3 h\u00e0ng\" \/>\n<meta property=\"og:description\" content=\"\u0110\u1ecbnh v\u1ecb gi\u00e1 tr\u1ecb m\u1eaft k\u00ednh th\u1ecb tr\u01b0\u1eddng Vi\u1ec7t - c\u1eeda h\u00e0ng M\u1eaft k\u00ednh Online To\u00e0n qu\u1ed1c - M\u1eaft k\u00ednh Webie\" \/>\n<meta property=\"og:url\" content=\"https:\/\/matkinh.webie.com.vn\/en\/refund_returns\/\" \/>\n<meta property=\"og:site_name\" content=\"M\u1eaft k\u00ednh Webie\" \/>\n<meta property=\"article:publisher\" content=\"https:\/\/www.facebook.com\/webie.kinhmatonline\" \/>\n<meta property=\"article:modified_time\" content=\"2024-12-18T09:00:21+00:00\" \/>\n<meta property=\"og:image\" content=\"https:\/\/matkinh.webie.com.vn\/wp-content\/uploads\/2024\/11\/Matkinh-webie-logo.png\" \/>\n\t<meta property=\"og:image:width\" content=\"500\" \/>\n\t<meta property=\"og:image:height\" content=\"500\" \/>\n\t<meta property=\"og:image:type\" content=\"image\/png\" \/>\n<meta name=\"twitter:card\" content=\"summary_large_image\" \/>\n<meta name=\"twitter:label1\" content=\"Est. reading time\" \/>\n\t<meta name=\"twitter:data1\" content=\"2 minutes\" \/>\n<script type=\"application\/ld+json\" class=\"yoast-schema-graph\">{\"@context\":\"https:\/\/schema.org\",\"@graph\":[{\"@type\":\"WebPage\",\"@id\":\"https:\/\/matkinh.webie.com.vn\/refund_returns\/\",\"url\":\"https:\/\/matkinh.webie.com.vn\/refund_returns\/\",\"name\":\"Ch\u00ednh s\u00e1ch \u0110\u1ed5i - Tr\u1ea3 h\u00e0ng &#8211; M\u1eaft k\u00ednh Webie\",\"isPartOf\":{\"@id\":\"https:\/\/matkinh.webie.com.vn\/#website\"},\"datePublished\":\"2024-12-18T08:57:23+00:00\",\"dateModified\":\"2024-12-18T09:00:21+00:00\",\"description\":\"Ch\u00fang t\u00f4i cam k\u1ebft c\u00e1c s\u1ea3n ph\u1ea9m l\u00e0 h\u00e0ng m\u1edbi v\u00e0 kh\u00f4ng b\u1ecb l\u1ed7i. Ch\u00fang t\u00f4i s\u1ebd nh\u1eadn l\u1ea1i v\u00e0 \u0111\u1ed5i h\u00e0ng n\u1ebfu s\u1ea3n ph\u1ea9m b\u1ecb b\u1ea5t k\u1ef3 l\u1ed7i n\u00e0o t\u1eeb nh\u00e0 s\u1ea3n xu\u1ea5t.\",\"breadcrumb\":{\"@id\":\"https:\/\/matkinh.webie.com.vn\/refund_returns\/#breadcrumb\"},\"inLanguage\":\"en-US\",\"potentialAction\":[{\"@type\":\"ReadAction\",\"target\":[\"https:\/\/matkinh.webie.com.vn\/refund_returns\/\"]}]},{\"@type\":\"BreadcrumbList\",\"@id\":\"https:\/\/matkinh.webie.com.vn\/refund_returns\/#breadcrumb\",\"itemListElement\":[{\"@type\":\"ListItem\",\"position\":1,\"name\":\"Home\",\"item\":\"https:\/\/matkinh.webie.com.vn\/\"},{\"@type\":\"ListItem\",\"position\":2,\"name\":\"Ch\u00ednh s\u00e1ch \u0110\u1ed5i &#8211; Tr\u1ea3 h\u00e0ng\"}]},{\"@type\":\"WebSite\",\"@id\":\"https:\/\/matkinh.webie.com.vn\/#website\",\"url\":\"https:\/\/matkinh.webie.com.vn\/\",\"name\":\"M\u1eaft k\u00ednh Webie\",\"description\":\"\",\"publisher\":{\"@id\":\"https:\/\/matkinh.webie.com.vn\/#organization\"},\"alternateName\":\"Webie Eyewear\",\"potentialAction\":[{\"@type\":\"SearchAction\",\"target\":{\"@type\":\"EntryPoint\",\"urlTemplate\":\"https:\/\/matkinh.webie.com.vn\/?s={search_term_string}\"},\"query-input\":\"required name=search_term_string\"}],\"inLanguage\":\"en-US\"},{\"@type\":\"Organization\",\"@id\":\"https:\/\/matkinh.webie.com.vn\/#organization\",\"name\":\"M\u1eaft k\u00ednh Webie\",\"url\":\"https:\/\/matkinh.webie.com.vn\/\",\"logo\":{\"@type\":\"ImageObject\",\"inLanguage\":\"en-US\",\"@id\":\"https:\/\/matkinh.webie.com.vn\/#\/schema\/logo\/image\/\",\"url\":\"https:\/\/matkinh.webie.com.vn\/wp-content\/uploads\/2024\/11\/Matkinh-webie-logo.png\",\"contentUrl\":\"https:\/\/matkinh.webie.com.vn\/wp-content\/uploads\/2024\/11\/Matkinh-webie-logo.png\",\"width\":500,\"height\":500,\"caption\":\"M\u1eaft k\u00ednh Webie\"},\"image\":{\"@id\":\"https:\/\/matkinh.webie.com.vn\/#\/schema\/logo\/image\/\"},\"sameAs\":[\"https:\/\/www.facebook.com\/webie.kinhmatonline\"]}]}<\/script>\n<!-- \/ Yoast SEO Premium plugin. -->","yoast_head_json":{"title":"Ch\u00ednh s\u00e1ch \u0110\u1ed5i - Tr\u1ea3 h\u00e0ng &#8211; M\u1eaft k\u00ednh Webie","description":"Ch\u00fang t\u00f4i cam k\u1ebft c\u00e1c s\u1ea3n ph\u1ea9m l\u00e0 h\u00e0ng m\u1edbi v\u00e0 kh\u00f4ng b\u1ecb l\u1ed7i. Ch\u00fang t\u00f4i s\u1ebd nh\u1eadn l\u1ea1i v\u00e0 \u0111\u1ed5i h\u00e0ng n\u1ebfu s\u1ea3n ph\u1ea9m b\u1ecb b\u1ea5t k\u1ef3 l\u1ed7i n\u00e0o t\u1eeb nh\u00e0 s\u1ea3n xu\u1ea5t.","robots":{"index":"index","follow":"follow","max-snippet":"max-snippet:-1","max-image-preview":"max-image-preview:large","max-video-preview":"max-video-preview:-1"},"canonical":"https:\/\/matkinh.webie.com.vn\/en\/refund_returns\/","og_locale":"en_US","og_type":"article","og_title":"Ch\u00ednh s\u00e1ch \u0110\u1ed5i - Tr\u1ea3 h\u00e0ng","og_description":"\u0110\u1ecbnh v\u1ecb gi\u00e1 tr\u1ecb m\u1eaft k\u00ednh th\u1ecb tr\u01b0\u1eddng Vi\u1ec7t - c\u1eeda h\u00e0ng M\u1eaft k\u00ednh Online To\u00e0n qu\u1ed1c - M\u1eaft k\u00ednh Webie","og_url":"https:\/\/matkinh.webie.com.vn\/en\/refund_returns\/","og_site_name":"M\u1eaft k\u00ednh Webie","article_publisher":"https:\/\/www.facebook.com\/webie.kinhmatonline","article_modified_time":"2024-12-18T09:00:21+00:00","og_image":[{"width":500,"height":500,"url":"https:\/\/matkinh.webie.com.vn\/wp-content\/uploads\/2024\/11\/Matkinh-webie-logo.png","type":"image\/png"}],"twitter_card":"summary_large_image","twitter_misc":{"Est. reading time":"2 minutes"},"schema":{"@context":"https:\/\/schema.org","@graph":[{"@type":"WebPage","@id":"https:\/\/matkinh.webie.com.vn\/refund_returns\/","url":"https:\/\/matkinh.webie.com.vn\/refund_returns\/","name":"Ch\u00ednh s\u00e1ch \u0110\u1ed5i - Tr\u1ea3 h\u00e0ng &#8211; M\u1eaft k\u00ednh Webie","isPartOf":{"@id":"https:\/\/matkinh.webie.com.vn\/#website"},"datePublished":"2024-12-18T08:57:23+00:00","dateModified":"2024-12-18T09:00:21+00:00","description":"Ch\u00fang t\u00f4i cam k\u1ebft c\u00e1c s\u1ea3n ph\u1ea9m l\u00e0 h\u00e0ng m\u1edbi v\u00e0 kh\u00f4ng b\u1ecb l\u1ed7i. Ch\u00fang t\u00f4i s\u1ebd nh\u1eadn l\u1ea1i v\u00e0 \u0111\u1ed5i h\u00e0ng n\u1ebfu s\u1ea3n ph\u1ea9m b\u1ecb b\u1ea5t k\u1ef3 l\u1ed7i n\u00e0o t\u1eeb nh\u00e0 s\u1ea3n xu\u1ea5t.","breadcrumb":{"@id":"https:\/\/matkinh.webie.com.vn\/refund_returns\/#breadcrumb"},"inLanguage":"en-US","potentialAction":[{"@type":"ReadAction","target":["https:\/\/matkinh.webie.com.vn\/refund_returns\/"]}]},{"@type":"BreadcrumbList","@id":"https:\/\/matkinh.webie.com.vn\/refund_returns\/#breadcrumb","itemListElement":[{"@type":"ListItem","position":1,"name":"Home","item":"https:\/\/matkinh.webie.com.vn\/"},{"@type":"ListItem","position":2,"name":"Ch\u00ednh s\u00e1ch \u0110\u1ed5i &#8211; Tr\u1ea3 h\u00e0ng"}]},{"@type":"WebSite","@id":"https:\/\/matkinh.webie.com.vn\/#website","url":"https:\/\/matkinh.webie.com.vn\/","name":"M\u1eaft k\u00ednh Webie","description":"","publisher":{"@id":"https:\/\/matkinh.webie.com.vn\/#organization"},"alternateName":"Webie Eyewear","potentialAction":[{"@type":"SearchAction","target":{"@type":"EntryPoint","urlTemplate":"https:\/\/matkinh.webie.com.vn\/?s={search_term_string}"},"query-input":"required name=search_term_string"}],"inLanguage":"en-US"},{"@type":"Organization","@id":"https:\/\/matkinh.webie.com.vn\/#organization","name":"M\u1eaft k\u00ednh Webie","url":"https:\/\/matkinh.webie.com.vn\/","logo":{"@type":"ImageObject","inLanguage":"en-US","@id":"https:\/\/matkinh.webie.com.vn\/#\/schema\/logo\/image\/","url":"https:\/\/matkinh.webie.com.vn\/wp-content\/uploads\/2024\/11\/Matkinh-webie-logo.png","contentUrl":"https:\/\/matkinh.webie.com.vn\/wp-content\/uploads\/2024\/11\/Matkinh-webie-logo.png","width":500,"height":500,"caption":"M\u1eaft k\u00ednh Webie"},"image":{"@id":"https:\/\/matkinh.webie.com.vn\/#\/schema\/logo\/image\/"},"sameAs":["https:\/\/www.facebook.com\/webie.kinhmatonline"]}]}},"_links":{"self":[{"href":"https:\/\/matkinh.webie.com.vn\/en\/wp-json\/wp\/v2\/pages\/14","targetHints":{"allow":["GET"]}}],"collection":[{"href":"https:\/\/matkinh.webie.com.vn\/en\/wp-json\/wp\/v2\/pages"}],"about":[{"href":"https:\/\/matkinh.webie.com.vn\/en\/wp-json\/wp\/v2\/types\/page"}],"author":[{"embeddable":true,"href":"https:\/\/matkinh.webie.com.vn\/en\/wp-json\/wp\/v2\/users\/1"}],"replies":[{"embeddable":true,"href":"https:\/\/matkinh.webie.com.vn\/en\/wp-json\/wp\/v2\/comments?post=14"}],"version-history":[{"count":2,"href":"https:\/\/matkinh.webie.com.vn\/en\/wp-json\/wp\/v2\/pages\/14\/revisions"}],"predecessor-version":[{"id":18846,"href":"https:\/\/matkinh.webie.com.vn\/en\/wp-json\/wp\/v2\/pages\/14\/revisions\/18846"}],"wp:attachment":[{"href":"https:\/\/matkinh.webie.com.vn\/en\/wp-json\/wp\/v2\/media?parent=14"}],"curies":[{"name":"wp","href":"https:\/\/api.w.org\/{rel}","templated":true}]}}