{"id":18785,"date":"2024-12-02T07:34:33","date_gmt":"2024-12-02T07:34:33","guid":{"rendered":"https:\/\/matkinh.webie.com.vn\/?page_id=18785"},"modified":"2024-12-12T03:11:31","modified_gmt":"2024-12-12T03:11:31","slug":"purchase-payment-policy","status":"publish","type":"page","link":"https:\/\/matkinh.webie.com.vn\/en\/purchase-payment-policy\/","title":{"rendered":"Ch\u00ednh s\u00e1ch mua h\u00e0ng v\u00e0 thanh to\u00e1n"},"content":{"rendered":"<h2 class=\"wp-block-heading\" id=\"h-1-chinh-sach-thanh-toan\">1. CH\u00cdNH S\u00c1CH THANH TO\u00c1N<\/h2><p>Kh\u00e1ch h\u00e0ng l\u1ef1a ch\u1ecdn h\u00ecnh th\u1ee9c thanh to\u00e1n khi mua s\u1eafm tr\u1ef1c tuy\u1ebft t\u1ea1i webisite Matkinh.webie.com.vn<\/p><p>1.1. Thanh to\u00e1n sau (COD): Nh\u00e2n vi\u00ean v\u1eadn chuy\u1ec3n thu ti\u1ec1n khi giao h\u00e0ng cho kh\u00e1ch, ch\u1ec9 \u00e1p d\u1ee5ng cho c\u00e1c \u0111\u01a1n h\u00e0ng trong khu v\u1ef1c n\u1ed9i th\u00e0nh Tp. HCM.<\/p><p>1.2. Chuy\u1ec3n kho\u1ea3n ng\u00e2n h\u00e0ng (Qu\u00e9t m\u00e3 QR) v\u1edbi n\u1ed9i dung chuy\u1ec3n kho\u1ea3n l\u00e0 m\u00e3 \u0111\u01a1n h\u00e0ng \u0111\u01b0\u1ee3c cung c\u1ea5p.<\/p><p>S\u1ed1 t\u00e0i kho\u1ea3n: 1044213038<\/p><p>Ng\u00e2n h\u00e0ng: Vietcombank \u2013 VCB TAN DINH-PGD DO THANH<\/p><p>T\u00ean th\u1ee5 h\u01b0\u1edfng: CT TNHH WEBIE VIET NAM<\/p><h2 class=\"wp-block-heading\" id=\"h-2-chinh-sach-giao-hang\">2. CH\u00cdNH S\u00c1CH GIAO H\u00c0NG<\/h2><p>2.1. Ph\u00ed v\u1eadn chuy\u1ec3n:<\/p><p>&#8211; Mi\u1ec5n ph\u00ed v\u1eadn chuy\u1ec3n c\u00e1c \u0111\u01a1n h\u00e0ng trong khu v\u1ef1c n\u1ed9i th\u00e0nh Tp. HCM (kh\u00f4ng bao g\u1ed3m \u0111\u01a1n h\u00e0ng \u0111\u1ed5i tr\u1ea3), bao g\u1ed3m: Qu\u1eadn 1, 3, 4, 5, 6, 7, 8, 10, 11, 12, B\u00ecnh T\u00e2n, B\u00ecnh Th\u1ea1nh, G\u00f2 V\u1ea5p, Ph\u00fa Nhu\u1eadn, T\u00e2n B\u00ecnh, T\u00e2n Ph\u00fa, Tp. Th\u1ee7 \u0110\u1ee9c.<\/p><p>2.2 Th\u1eddi gian giao h\u00e0ng:<\/p><p>&#8211; Khu v\u1ef1c n\u1ed9i th\u00e0nh Tp. HCM: t\u1eeb 1 \u2013 2 ng\u00e0y<\/p><p>&#8211; Khu v\u1ef1c ngo\u1ea1i th\u00e0nh v\u00e0 c\u00e1c th\u00e0nh ph\u1ed1 l\u1edbn: 3 \u2013 4 ng\u00e0y<\/p><p>&#8211; Khu v\u1ef1c kh\u00e1c: 5 \u2013 7 ng\u00e0y<\/p>","protected":false},"excerpt":{"rendered":"<p>1. CH\u00cdNH S\u00c1CH THANH TO\u00c1N Kh\u00e1ch h\u00e0ng l\u1ef1a ch\u1ecdn h\u00ecnh th\u1ee9c thanh to\u00e1n khi mua s\u1eafm tr\u1ef1c tuy\u1ebft t\u1ea1i webisite<\/p>","protected":false},"author":1,"featured_media":18770,"parent":0,"menu_order":0,"comment_status":"closed","ping_status":"closed","template":"","meta":{"footnotes":""},"class_list":["post-18785","page","type-page","status-publish","has-post-thumbnail","hentry"],"yoast_head":"<!-- This site is optimized with the Yoast SEO Premium plugin v23.2 (Yoast SEO v23.2) - https:\/\/yoast.com\/wordpress\/plugins\/seo\/ -->\n<title>Ch\u00ednh s\u00e1ch mua h\u00e0ng v\u00e0 thanh to\u00e1n &#8211; M\u1eaft k\u00ednh Webie<\/title>\n<meta name=\"description\" content=\"Ch\u00ednh s\u00e1ch mua h\u00e0ng v\u00e0 thanh to\u00e1n d\u00e0nh cho kh\u00e1ch h\u00e0ng mua online t\u1ea1i C\u1eeda h\u00e0ng M\u1eaft k\u00ednh Webie. Quy\u1ec1n l\u1ee3i c\u1ee7a kh\u00e1ch h\u00e0ng\" \/>\n<meta name=\"robots\" content=\"index, follow, max-snippet:-1, max-image-preview:large, max-video-preview:-1\" \/>\n<link rel=\"canonical\" href=\"https:\/\/matkinh.webie.com.vn\/en\/purchase-payment-policy\/\" \/>\n<meta property=\"og:locale\" content=\"en_US\" \/>\n<meta property=\"og:type\" content=\"article\" \/>\n<meta property=\"og:title\" content=\"Ch\u00ednh s\u00e1ch mua h\u00e0ng v\u00e0 thanh to\u00e1n\" \/>\n<meta property=\"og:description\" content=\"\u0110\u1ecbnh v\u1ecb gi\u00e1 tr\u1ecb m\u1eaft k\u00ednh th\u1ecb tr\u01b0\u1eddng Vi\u1ec7t - c\u1eeda h\u00e0ng M\u1eaft k\u00ednh Online To\u00e0n qu\u1ed1c - M\u1eaft k\u00ednh Webie\" \/>\n<meta property=\"og:url\" content=\"https:\/\/matkinh.webie.com.vn\/en\/purchase-payment-policy\/\" \/>\n<meta property=\"og:site_name\" content=\"M\u1eaft k\u00ednh Webie\" \/>\n<meta property=\"article:publisher\" content=\"https:\/\/www.facebook.com\/webie.kinhmatonline\" \/>\n<meta property=\"article:modified_time\" content=\"2024-12-12T03:11:31+00:00\" \/>\n<meta property=\"og:image\" content=\"https:\/\/matkinh.webie.com.vn\/wp-content\/uploads\/2024\/11\/cropped-Matkinh-webie-logo.png\" \/>\n\t<meta property=\"og:image:width\" content=\"512\" \/>\n\t<meta property=\"og:image:height\" content=\"512\" \/>\n\t<meta property=\"og:image:type\" content=\"image\/png\" \/>\n<meta name=\"twitter:card\" content=\"summary_large_image\" \/>\n<meta name=\"twitter:label1\" content=\"Est. reading time\" \/>\n\t<meta name=\"twitter:data1\" content=\"2 minutes\" \/>\n<script type=\"application\/ld+json\" class=\"yoast-schema-graph\">{\"@context\":\"https:\/\/schema.org\",\"@graph\":[{\"@type\":\"WebPage\",\"@id\":\"https:\/\/matkinh.webie.com.vn\/purchase-payment-policy\/\",\"url\":\"https:\/\/matkinh.webie.com.vn\/purchase-payment-policy\/\",\"name\":\"Ch\u00ednh s\u00e1ch mua h\u00e0ng v\u00e0 thanh to\u00e1n &#8211; M\u1eaft k\u00ednh Webie\",\"isPartOf\":{\"@id\":\"https:\/\/matkinh.webie.com.vn\/#website\"},\"primaryImageOfPage\":{\"@id\":\"https:\/\/matkinh.webie.com.vn\/purchase-payment-policy\/#primaryimage\"},\"image\":{\"@id\":\"https:\/\/matkinh.webie.com.vn\/purchase-payment-policy\/#primaryimage\"},\"thumbnailUrl\":\"https:\/\/matkinh.webie.com.vn\/wp-content\/uploads\/2024\/11\/cropped-Matkinh-webie-logo.png\",\"datePublished\":\"2024-12-02T07:34:33+00:00\",\"dateModified\":\"2024-12-12T03:11:31+00:00\",\"description\":\"Ch\u00ednh s\u00e1ch mua h\u00e0ng v\u00e0 thanh to\u00e1n d\u00e0nh cho kh\u00e1ch h\u00e0ng mua online t\u1ea1i C\u1eeda h\u00e0ng M\u1eaft k\u00ednh Webie. Quy\u1ec1n l\u1ee3i c\u1ee7a kh\u00e1ch h\u00e0ng\",\"breadcrumb\":{\"@id\":\"https:\/\/matkinh.webie.com.vn\/purchase-payment-policy\/#breadcrumb\"},\"inLanguage\":\"en-US\",\"potentialAction\":[{\"@type\":\"ReadAction\",\"target\":[\"https:\/\/matkinh.webie.com.vn\/purchase-payment-policy\/\"]}]},{\"@type\":\"ImageObject\",\"inLanguage\":\"en-US\",\"@id\":\"https:\/\/matkinh.webie.com.vn\/purchase-payment-policy\/#primaryimage\",\"url\":\"https:\/\/matkinh.webie.com.vn\/wp-content\/uploads\/2024\/11\/cropped-Matkinh-webie-logo.png\",\"contentUrl\":\"https:\/\/matkinh.webie.com.vn\/wp-content\/uploads\/2024\/11\/cropped-Matkinh-webie-logo.png\",\"width\":512,\"height\":512},{\"@type\":\"BreadcrumbList\",\"@id\":\"https:\/\/matkinh.webie.com.vn\/purchase-payment-policy\/#breadcrumb\",\"itemListElement\":[{\"@type\":\"ListItem\",\"position\":1,\"name\":\"Home\",\"item\":\"https:\/\/matkinh.webie.com.vn\/\"},{\"@type\":\"ListItem\",\"position\":2,\"name\":\"Ch\u00ednh s\u00e1ch mua h\u00e0ng v\u00e0 thanh to\u00e1n\"}]},{\"@type\":\"WebSite\",\"@id\":\"https:\/\/matkinh.webie.com.vn\/#website\",\"url\":\"https:\/\/matkinh.webie.com.vn\/\",\"name\":\"M\u1eaft k\u00ednh Webie\",\"description\":\"\",\"publisher\":{\"@id\":\"https:\/\/matkinh.webie.com.vn\/#organization\"},\"alternateName\":\"Webie Eyewear\",\"potentialAction\":[{\"@type\":\"SearchAction\",\"target\":{\"@type\":\"EntryPoint\",\"urlTemplate\":\"https:\/\/matkinh.webie.com.vn\/?s={search_term_string}\"},\"query-input\":\"required name=search_term_string\"}],\"inLanguage\":\"en-US\"},{\"@type\":\"Organization\",\"@id\":\"https:\/\/matkinh.webie.com.vn\/#organization\",\"name\":\"M\u1eaft k\u00ednh Webie\",\"url\":\"https:\/\/matkinh.webie.com.vn\/\",\"logo\":{\"@type\":\"ImageObject\",\"inLanguage\":\"en-US\",\"@id\":\"https:\/\/matkinh.webie.com.vn\/#\/schema\/logo\/image\/\",\"url\":\"https:\/\/matkinh.webie.com.vn\/wp-content\/uploads\/2024\/11\/Matkinh-webie-logo.png\",\"contentUrl\":\"https:\/\/matkinh.webie.com.vn\/wp-content\/uploads\/2024\/11\/Matkinh-webie-logo.png\",\"width\":500,\"height\":500,\"caption\":\"M\u1eaft k\u00ednh Webie\"},\"image\":{\"@id\":\"https:\/\/matkinh.webie.com.vn\/#\/schema\/logo\/image\/\"},\"sameAs\":[\"https:\/\/www.facebook.com\/webie.kinhmatonline\"]}]}<\/script>\n<!-- \/ Yoast SEO Premium plugin. -->","yoast_head_json":{"title":"Ch\u00ednh s\u00e1ch mua h\u00e0ng v\u00e0 thanh to\u00e1n &#8211; M\u1eaft k\u00ednh Webie","description":"Ch\u00ednh s\u00e1ch mua h\u00e0ng v\u00e0 thanh to\u00e1n d\u00e0nh cho kh\u00e1ch h\u00e0ng mua online t\u1ea1i C\u1eeda h\u00e0ng M\u1eaft k\u00ednh Webie. Quy\u1ec1n l\u1ee3i c\u1ee7a kh\u00e1ch h\u00e0ng","robots":{"index":"index","follow":"follow","max-snippet":"max-snippet:-1","max-image-preview":"max-image-preview:large","max-video-preview":"max-video-preview:-1"},"canonical":"https:\/\/matkinh.webie.com.vn\/en\/purchase-payment-policy\/","og_locale":"en_US","og_type":"article","og_title":"Ch\u00ednh s\u00e1ch mua h\u00e0ng v\u00e0 thanh to\u00e1n","og_description":"\u0110\u1ecbnh v\u1ecb gi\u00e1 tr\u1ecb m\u1eaft k\u00ednh th\u1ecb tr\u01b0\u1eddng Vi\u1ec7t - c\u1eeda h\u00e0ng M\u1eaft k\u00ednh Online To\u00e0n qu\u1ed1c - M\u1eaft k\u00ednh Webie","og_url":"https:\/\/matkinh.webie.com.vn\/en\/purchase-payment-policy\/","og_site_name":"M\u1eaft k\u00ednh Webie","article_publisher":"https:\/\/www.facebook.com\/webie.kinhmatonline","article_modified_time":"2024-12-12T03:11:31+00:00","og_image":[{"width":512,"height":512,"url":"https:\/\/matkinh.webie.com.vn\/wp-content\/uploads\/2024\/11\/cropped-Matkinh-webie-logo.png","type":"image\/png"}],"twitter_card":"summary_large_image","twitter_misc":{"Est. reading time":"2 minutes"},"schema":{"@context":"https:\/\/schema.org","@graph":[{"@type":"WebPage","@id":"https:\/\/matkinh.webie.com.vn\/purchase-payment-policy\/","url":"https:\/\/matkinh.webie.com.vn\/purchase-payment-policy\/","name":"Ch\u00ednh s\u00e1ch mua h\u00e0ng v\u00e0 thanh to\u00e1n &#8211; M\u1eaft k\u00ednh Webie","isPartOf":{"@id":"https:\/\/matkinh.webie.com.vn\/#website"},"primaryImageOfPage":{"@id":"https:\/\/matkinh.webie.com.vn\/purchase-payment-policy\/#primaryimage"},"image":{"@id":"https:\/\/matkinh.webie.com.vn\/purchase-payment-policy\/#primaryimage"},"thumbnailUrl":"https:\/\/matkinh.webie.com.vn\/wp-content\/uploads\/2024\/11\/cropped-Matkinh-webie-logo.png","datePublished":"2024-12-02T07:34:33+00:00","dateModified":"2024-12-12T03:11:31+00:00","description":"Ch\u00ednh s\u00e1ch mua h\u00e0ng v\u00e0 thanh to\u00e1n d\u00e0nh cho kh\u00e1ch h\u00e0ng mua online t\u1ea1i C\u1eeda h\u00e0ng M\u1eaft k\u00ednh Webie. Quy\u1ec1n l\u1ee3i c\u1ee7a kh\u00e1ch h\u00e0ng","breadcrumb":{"@id":"https:\/\/matkinh.webie.com.vn\/purchase-payment-policy\/#breadcrumb"},"inLanguage":"en-US","potentialAction":[{"@type":"ReadAction","target":["https:\/\/matkinh.webie.com.vn\/purchase-payment-policy\/"]}]},{"@type":"ImageObject","inLanguage":"en-US","@id":"https:\/\/matkinh.webie.com.vn\/purchase-payment-policy\/#primaryimage","url":"https:\/\/matkinh.webie.com.vn\/wp-content\/uploads\/2024\/11\/cropped-Matkinh-webie-logo.png","contentUrl":"https:\/\/matkinh.webie.com.vn\/wp-content\/uploads\/2024\/11\/cropped-Matkinh-webie-logo.png","width":512,"height":512},{"@type":"BreadcrumbList","@id":"https:\/\/matkinh.webie.com.vn\/purchase-payment-policy\/#breadcrumb","itemListElement":[{"@type":"ListItem","position":1,"name":"Home","item":"https:\/\/matkinh.webie.com.vn\/"},{"@type":"ListItem","position":2,"name":"Ch\u00ednh s\u00e1ch mua h\u00e0ng v\u00e0 thanh to\u00e1n"}]},{"@type":"WebSite","@id":"https:\/\/matkinh.webie.com.vn\/#website","url":"https:\/\/matkinh.webie.com.vn\/","name":"M\u1eaft k\u00ednh Webie","description":"","publisher":{"@id":"https:\/\/matkinh.webie.com.vn\/#organization"},"alternateName":"Webie Eyewear","potentialAction":[{"@type":"SearchAction","target":{"@type":"EntryPoint","urlTemplate":"https:\/\/matkinh.webie.com.vn\/?s={search_term_string}"},"query-input":"required name=search_term_string"}],"inLanguage":"en-US"},{"@type":"Organization","@id":"https:\/\/matkinh.webie.com.vn\/#organization","name":"M\u1eaft k\u00ednh Webie","url":"https:\/\/matkinh.webie.com.vn\/","logo":{"@type":"ImageObject","inLanguage":"en-US","@id":"https:\/\/matkinh.webie.com.vn\/#\/schema\/logo\/image\/","url":"https:\/\/matkinh.webie.com.vn\/wp-content\/uploads\/2024\/11\/Matkinh-webie-logo.png","contentUrl":"https:\/\/matkinh.webie.com.vn\/wp-content\/uploads\/2024\/11\/Matkinh-webie-logo.png","width":500,"height":500,"caption":"M\u1eaft k\u00ednh Webie"},"image":{"@id":"https:\/\/matkinh.webie.com.vn\/#\/schema\/logo\/image\/"},"sameAs":["https:\/\/www.facebook.com\/webie.kinhmatonline"]}]}},"_links":{"self":[{"href":"https:\/\/matkinh.webie.com.vn\/en\/wp-json\/wp\/v2\/pages\/18785","targetHints":{"allow":["GET"]}}],"collection":[{"href":"https:\/\/matkinh.webie.com.vn\/en\/wp-json\/wp\/v2\/pages"}],"about":[{"href":"https:\/\/matkinh.webie.com.vn\/en\/wp-json\/wp\/v2\/types\/page"}],"author":[{"embeddable":true,"href":"https:\/\/matkinh.webie.com.vn\/en\/wp-json\/wp\/v2\/users\/1"}],"replies":[{"embeddable":true,"href":"https:\/\/matkinh.webie.com.vn\/en\/wp-json\/wp\/v2\/comments?post=18785"}],"version-history":[{"count":4,"href":"https:\/\/matkinh.webie.com.vn\/en\/wp-json\/wp\/v2\/pages\/18785\/revisions"}],"predecessor-version":[{"id":18806,"href":"https:\/\/matkinh.webie.com.vn\/en\/wp-json\/wp\/v2\/pages\/18785\/revisions\/18806"}],"wp:featuredmedia":[{"embeddable":true,"href":"https:\/\/matkinh.webie.com.vn\/en\/wp-json\/wp\/v2\/media\/18770"}],"wp:attachment":[{"href":"https:\/\/matkinh.webie.com.vn\/en\/wp-json\/wp\/v2\/media?parent=18785"}],"curies":[{"name":"wp","href":"https:\/\/api.w.org\/{rel}","templated":true}]}}