{"id":18804,"date":"2024-12-12T03:11:36","date_gmt":"2024-12-12T03:11:36","guid":{"rendered":"https:\/\/matkinh.webie.com.vn\/?page_id=18804"},"modified":"2024-12-12T03:16:29","modified_gmt":"2024-12-12T03:16:29","slug":"warranty-policies","status":"publish","type":"page","link":"https:\/\/matkinh.webie.com.vn\/en\/warranty-policies\/","title":{"rendered":"Ch\u00ednh s\u00e1ch b\u1ea3o h\u00e0nh"},"content":{"rendered":"<p>M\u1eaft&nbsp;K\u00ednh Webie b\u1ea3o h\u00e0nh c\u00e1c s\u1ea3n ph\u1ea9m d\u1ef1a v\u00e0o th\u00f4ng tin ng\u01b0\u1eddi mua (S\u0110T v\u00e0 email)&nbsp;tr\u01b0\u1edbc \u0111\u00f3.<\/p><div class=\"wp-block-columns is-layout-flex wp-container-core-columns-is-layout-9d6595d7 wp-block-columns-is-layout-flex\"><div class=\"wp-block-column is-layout-flow wp-block-column-is-layout-flow\" style=\"flex-basis:100%\"><figure class=\"wp-block-table is-style-stripes\"><table class=\"has-fixed-layout\"><tbody><tr><td class=\"has-text-align-left\" data-align=\"left\" colspan=\"2\">G\u1ecdng k\u00ednh v\u00e0 K\u00ednh m\u00e1t<\/td><\/tr><tr><td class=\"has-text-align-left\" data-align=\"left\">Th\u1eddi gian<\/td><td>Chi ti\u1ebft ch\u00ednh s\u00e1ch<\/td><\/tr><tr><td class=\"has-text-align-left\" data-align=\"left\">30 ng\u00e0y<\/td><td>B\u1ea3o h\u00e0nh 1 \u0111\u1ed5i 1: Qu\u00fd kh\u00e1ch \u0111\u01b0\u1ee3c h\u1ed7 tr\u1ee3 \u0111\u1ed5i s\u1ea3n ph\u1ea9m kh\u00e1c n\u1ebfu c\u00f3 k\u1ef3 l\u1ed7i s\u1ea3n xu\u1ea5t n\u00e0o nh\u01b0: r\u1eddi m\u1ed1i h\u00e0n. <strong><u><strong>L\u01afU \u00dd<\/strong><\/u><\/strong>: Ph\u1ea7n b\u1ea3n l\u1ec1 (n\u1ed1i gi\u1eefa c\u00e0ng k\u00ednh v\u00e0 m\u1eb7t g\u1ecdng) kh\u00f4ng n\u1eb1m trong danh m\u1ee5c \u0111\u01b0\u1ee3c b\u1ea3o h\u00e0nh.Tr\u01b0\u1eddng h\u1ee3p kh\u00f4ng c\u00f2n s\u1ea3n ph\u1ea9m trong kho, M\u1eaft K\u00ednh&nbsp;Webie&nbsp;s\u1ebd thay th\u1ebf s\u1ea3n ph\u1ea9m c\u00f3 gi\u00e1 tr\u1ecb t\u01b0\u01a1ng \u0111\u01b0\u01a1ng. Qu\u00fd kh\u00e1ch vui l\u00f2ng thanh to\u00e1n ph\u1ea7n ch\u00eanh l\u1ec7ch khi ch\u1ecdn s\u1ea3n ph\u1ea9m gi\u00e1 tr\u1ecb cao h\u01a1n.Tr\u01b0\u1eddng h\u1ee3p M\u1eaft K\u00ednh&nbsp;Webie kh\u00f4ng th\u1ec3 s\u1eeda ch\u1eefa g\u1ecdng k\u00ednh v\u00e0 kh\u00f4ng c\u00f2n s\u1ea3n ph\u1ea9m t\u01b0\u01a1ng t\u1ef1 trong kho, c\u1eeda h\u00e0ng s\u1ebd thay th\u1ebf b\u1eb1ng s\u1ea3n ph\u1ea9m kh\u00e1c \u0111\u1ed3ng gi\u00e1 ho\u1eb7c t\u01b0\u01a1ng \u0111\u01b0\u01a1ng. Qu\u00fd kh\u00e1ch vui l\u00f2ng thanh to\u00e1n ph\u1ea7n ch\u00eanh l\u1ec7ch khi ch\u1ecdn s\u1ea3n ph\u1ea9m gi\u00e1 tr\u1ecb cao h\u01a1n.Tr\u01b0\u1eddng h\u1ee3p nh\u1eefng \u0111u\u00f4i c\u00e0ng \u0111\u1eb7c bi\u1ec7t, kh\u00f4ng c\u00f3 s\u1eb5n M\u1eaft K\u00ednh&nbsp;Webie s\u1ebd t\u00ecm m\u1eabu ph\u00f9 h\u1ee3p h\u1ed7 tr\u1ee3 cho kh\u00e1ch h\u00e0ng.<\/td><\/tr><tr><td class=\"has-text-align-left\" data-align=\"left\">12 th\u00e1ng<\/td><td>B\u1ea3o h\u00e0nh 12 th\u00e1ng mi\u1ec5n ph\u00ed \u0111\u1ed1i v\u1edbi c\u00e1c l\u1ed7i k\u1ef9 thu\u1eadt do nh\u00e0 s\u1ea3n xu\u1ea5t nh\u01b0: g\u00e3y lo xo, ve m\u0169i, l\u1ecfng \u1ed1c v\u00edt, r\u1eddi m\u1ed1i h\u00e0n.<\/td><\/tr><tr><td class=\"has-text-align-left\" data-align=\"left\">Tr\u1ecdn \u0111\u1eddi<\/td><td>Qu\u00fd kh\u00e1ch \u0111\u01b0\u1ee3c mi\u1ec5n ph\u00ed d\u1ecbch v\u1ee5 \u0111i\u1ec1u ch\u1ec9nh, v\u1ec7 sinh s\u1ea3n ph\u1ea9m tr\u1ecdn \u0111\u1eddiQu\u00fd kh\u00e1ch vui l\u00f2ng gi\u1eef l\u1ea1i c\u00e1c ph\u1ee5 ki\u1ec7n, logo v\u00e0 c\u00e1c v\u1eadt d\u1ee5ng li\u00ean quan \u0111\u1ebfn s\u1ea3n ph\u1ea9m \u0111\u1ec3 \u0111\u01b0\u1ee3c b\u1ea3o d\u01b0\u1ee1ng.<\/td><\/tr><tr><td class=\"has-text-align-left\" data-align=\"left\" colspan=\"2\">Lens<\/td><\/tr><tr><td class=\"has-text-align-left\" data-align=\"left\">Th\u1eddi gian<\/td><td>Chi ti\u1ebft ch\u00ednh s\u00e1ch<\/td><\/tr><tr><td class=\"has-text-align-left\" data-align=\"left\">30 ng\u00e0y<\/td><td>B\u1ea3o h\u00e0nh tr\u00f2ng k\u00ednh n\u1ebfu qu\u00fd kh\u00e1ch kh\u00f4ng th\u1ec3 th\u00edch nghi v\u1edbi k\u00ednh m\u1edbi k\u1ec3 t\u1eeb ng\u00e0y nh\u1eadn k\u00ednh. Ch\u00ednh s\u00e1ch b\u1ea3o h\u00e0nh kh\u00f4ng \u00e1p d\u1ee5ng v\u1edb \u0111\u1ed9 c\u1eadn c\u0169 ho\u1eb7c \u0111\u1ed9 theo y\u00eau c\u1ea7u c\u1ee7a kh\u00e1ch h\u00e0ng.<\/td><\/tr><\/tbody><\/table><\/figure><\/div><\/div><p>\u0110\u1ecba \u0111i\u1ec3m b\u1ea3o h\u00e0nh t\u1ea1i M\u1eaft K\u00ednh Webie, S\u1ed1 57 \u0111\u01b0\u1eddng 53, An Ph\u00fa, TP. Th\u1ee7 \u0110\u1ee9c, Tp. HCM. \u0110\u1ec3 \u0111\u01b0\u1ee3c h\u1ed7 tr\u1ee3 chi ti\u1ebft, vui l\u00f2ng li\u00ean h\u1ec7 0969 838 467 ho\u1eb7c email: <a href=\"mailto:huyen.dang@webie.com.vn\"><u>huyen.dang@webie.com.vn<\/u><\/a><\/p><p>V\u1edbi c\u00e1c tr\u01b0\u1eddng h\u1ee3p g\u1eedi v\u00e0 nh\u1eadn k\u00ednh b\u1ea3o hanh qua d\u1ecbch v\u1ee5 chuy\u1ec3n ph\u00e1t nhanh, ph\u00ed ph\u00e1t sinh do ng\u01b0\u1eddi mua chi tr\u1ea3.<\/p><p>Tr\u01b0\u1eddng h\u1ee3p <strong>kh\u00f4ng \u0111\u01b0\u1ee3c b\u1ea3o h\u00e0nh<\/strong><strong><\/strong><\/p><ul class=\"wp-block-list\"><li>S\u1eed D\u1ee5ng Sai C\u00e1ch: S\u1ea3n ph\u1ea9m b\u1ecb thi\u1ec7t h\u1ea1i, h\u01b0 h\u1ecfng do kh\u00e1ch h\u00e0ng s\u1eed d\u1ee5ng sai c\u00e1ch, s\u01a1 su\u1ea5t ho\u1eb7c thi\u1ebfu s\u1ef1 c\u1ea9n tr\u1ecdng khi s\u1eed d\u1ee5ng v\u00e0 b\u1ea3o qu\u1ea3n k\u00ednh, do t\u00e1c \u0111\u1ed9ng ngo\u1ea1i l\u1ef1c trong qu\u00e1 tr\u00ecnh s\u1eed d\u1ee5ng.<\/li>\n\n<li>H\u00e0ng Khuy\u1ebfn M\u00e3i: S\u1ea3n ph\u1ea9m m\u1eaft k\u00ednh \u0111\u01b0\u1ee3c mua trong ch\u01b0\u01a1ng tr\u00ecnh \u01b0u \u0111\u00e3i gi\u1ea3m gi\u00e1, s\u1ebd \u0111\u01b0\u1ee3c M\u1eaft K\u00ednh Webie h\u1ed7 tr\u1ee3 b\u1ea3o tr\u00ec, b\u1ea3o d\u01b0\u1ee1ng s\u1ea3n ph\u1ea9m.<\/li>\n\n<li>Kh\u00f4ng B\u1ea3o H\u00e0nh N\u01b0\u1edbc Xi, N\u01b0\u1edbc S\u01a1n: M\u1eaft K\u00ednh Webie kh\u00f4ng h\u1ed7 tr\u1ee3 b\u1ea3o h\u00e0nh n\u01b0\u1edbc xi, n\u01b0\u1edbc s\u01a1n cho s\u1ea3n ph\u1ea9m m\u1eaft k\u00ednh.<\/li>\n\n<li>L\u00e0m\u00a0M\u1ea5t Ph\u1ee5 Ki\u1ec7n: \u0110\u1ed1i v\u1edbi tr\u01b0\u1eddng h\u1ee3p kh\u00e1ch h\u00e0ng l\u00e0m m\u1ea5t, thi\u1ebfu c\u00e1c ph\u1ee5 ki\u1ec7n: logo, c\u00e0ng, \u1ed1c v\u00edt \u0111\u1eb7c bi\u1ec7t c\u1ee7a s\u1ea3n ph\u1ea9m M\u1eaft K\u00ednh Webie ch\u1ec9 h\u1ed7 tr\u1ee3 mi\u1ec5n ph\u00ed ph\u1ee5c ch\u1ebf t\u01b0\u01a1ng \u0111\u1ed1i.<\/li>\n\n<li>Thi\u1ec7t H\u1ea1i Do Tai N\u1ea1n: Trong c\u00e1c tr\u01b0\u1eddng h\u1ee3p s\u1ea3n ph\u1ea9m b\u1ecb thi\u1ec7t h\u1ea1i, h\u01b0 h\u1ecfng do tai n\u1ea1n ho\u1eb7c th\u1ea3m h\u1ecda t\u1ef1 nhi\u00ean nh\u01b0: h\u1ecfa ho\u1ea1n, \u0111\u1ed9ng \u0111\u1ea5t\u2026<\/li><\/ul><p>Thi\u1ebfu Th\u00f4ng Tin Khi Mua H\u00e0ng: M\u1eaft K\u00ednh Webie kh\u00f4ng h\u1ed7 tr\u1ee3 b\u1ea3o h\u00e0nh s\u1ea3n ph\u1ea9m, khi kh\u00e1ch h\u00e0ng kh\u00f4ng cung c\u1ea5p th\u00f4ng tin mua h\u00e0ng.<\/p>","protected":false},"excerpt":{"rendered":"<p>M\u1eaft&nbsp;K\u00ednh Webie b\u1ea3o h\u00e0nh c\u00e1c s\u1ea3n ph\u1ea9m d\u1ef1a v\u00e0o th\u00f4ng tin ng\u01b0\u1eddi mua (S\u0110T v\u00e0 email)&nbsp;tr\u01b0\u1edbc \u0111\u00f3. G\u1ecdng k\u00ednh v\u00e0<\/p>","protected":false},"author":1,"featured_media":0,"parent":0,"menu_order":0,"comment_status":"closed","ping_status":"closed","template":"","meta":{"footnotes":""},"class_list":["post-18804","page","type-page","status-publish","hentry"],"yoast_head":"<!-- This site is optimized with the Yoast SEO Premium plugin v23.2 (Yoast SEO v23.2) - https:\/\/yoast.com\/wordpress\/plugins\/seo\/ -->\n<title>Ch\u00ednh s\u00e1ch b\u1ea3o h\u00e0nh &#8211; M\u1eaft k\u00ednh Webie<\/title>\n<meta name=\"robots\" content=\"index, follow, max-snippet:-1, max-image-preview:large, max-video-preview:-1\" \/>\n<link rel=\"canonical\" href=\"https:\/\/matkinh.webie.com.vn\/en\/warranty-policies\/\" \/>\n<meta property=\"og:locale\" content=\"en_US\" \/>\n<meta property=\"og:type\" content=\"article\" \/>\n<meta property=\"og:title\" content=\"Ch\u00ednh s\u00e1ch b\u1ea3o h\u00e0nh\" \/>\n<meta property=\"og:description\" content=\"\u0110\u1ecbnh v\u1ecb gi\u00e1 tr\u1ecb m\u1eaft k\u00ednh th\u1ecb tr\u01b0\u1eddng Vi\u1ec7t - c\u1eeda h\u00e0ng M\u1eaft k\u00ednh Online To\u00e0n qu\u1ed1c - M\u1eaft k\u00ednh Webie\" \/>\n<meta property=\"og:url\" content=\"https:\/\/matkinh.webie.com.vn\/en\/warranty-policies\/\" \/>\n<meta property=\"og:site_name\" content=\"M\u1eaft k\u00ednh Webie\" \/>\n<meta property=\"article:publisher\" content=\"https:\/\/www.facebook.com\/webie.kinhmatonline\" \/>\n<meta property=\"article:modified_time\" content=\"2024-12-12T03:16:29+00:00\" \/>\n<meta property=\"og:image\" content=\"https:\/\/matkinh.webie.com.vn\/wp-content\/uploads\/2024\/11\/Matkinh-webie-logo.png\" \/>\n\t<meta property=\"og:image:width\" content=\"500\" \/>\n\t<meta property=\"og:image:height\" content=\"500\" \/>\n\t<meta property=\"og:image:type\" content=\"image\/png\" \/>\n<meta name=\"twitter:card\" content=\"summary_large_image\" \/>\n<meta name=\"twitter:label1\" content=\"Est. reading time\" \/>\n\t<meta name=\"twitter:data1\" content=\"4 minutes\" \/>\n<script type=\"application\/ld+json\" class=\"yoast-schema-graph\">{\"@context\":\"https:\/\/schema.org\",\"@graph\":[{\"@type\":\"WebPage\",\"@id\":\"https:\/\/matkinh.webie.com.vn\/warranty-policies\/\",\"url\":\"https:\/\/matkinh.webie.com.vn\/warranty-policies\/\",\"name\":\"Ch\u00ednh s\u00e1ch b\u1ea3o h\u00e0nh &#8211; M\u1eaft k\u00ednh Webie\",\"isPartOf\":{\"@id\":\"https:\/\/matkinh.webie.com.vn\/#website\"},\"datePublished\":\"2024-12-12T03:11:36+00:00\",\"dateModified\":\"2024-12-12T03:16:29+00:00\",\"breadcrumb\":{\"@id\":\"https:\/\/matkinh.webie.com.vn\/warranty-policies\/#breadcrumb\"},\"inLanguage\":\"en-US\",\"potentialAction\":[{\"@type\":\"ReadAction\",\"target\":[\"https:\/\/matkinh.webie.com.vn\/warranty-policies\/\"]}]},{\"@type\":\"BreadcrumbList\",\"@id\":\"https:\/\/matkinh.webie.com.vn\/warranty-policies\/#breadcrumb\",\"itemListElement\":[{\"@type\":\"ListItem\",\"position\":1,\"name\":\"Home\",\"item\":\"https:\/\/matkinh.webie.com.vn\/\"},{\"@type\":\"ListItem\",\"position\":2,\"name\":\"Ch\u00ednh s\u00e1ch b\u1ea3o h\u00e0nh\"}]},{\"@type\":\"WebSite\",\"@id\":\"https:\/\/matkinh.webie.com.vn\/#website\",\"url\":\"https:\/\/matkinh.webie.com.vn\/\",\"name\":\"M\u1eaft k\u00ednh Webie\",\"description\":\"\",\"publisher\":{\"@id\":\"https:\/\/matkinh.webie.com.vn\/#organization\"},\"alternateName\":\"Webie Eyewear\",\"potentialAction\":[{\"@type\":\"SearchAction\",\"target\":{\"@type\":\"EntryPoint\",\"urlTemplate\":\"https:\/\/matkinh.webie.com.vn\/?s={search_term_string}\"},\"query-input\":\"required name=search_term_string\"}],\"inLanguage\":\"en-US\"},{\"@type\":\"Organization\",\"@id\":\"https:\/\/matkinh.webie.com.vn\/#organization\",\"name\":\"M\u1eaft k\u00ednh Webie\",\"url\":\"https:\/\/matkinh.webie.com.vn\/\",\"logo\":{\"@type\":\"ImageObject\",\"inLanguage\":\"en-US\",\"@id\":\"https:\/\/matkinh.webie.com.vn\/#\/schema\/logo\/image\/\",\"url\":\"https:\/\/matkinh.webie.com.vn\/wp-content\/uploads\/2024\/11\/Matkinh-webie-logo.png\",\"contentUrl\":\"https:\/\/matkinh.webie.com.vn\/wp-content\/uploads\/2024\/11\/Matkinh-webie-logo.png\",\"width\":500,\"height\":500,\"caption\":\"M\u1eaft k\u00ednh Webie\"},\"image\":{\"@id\":\"https:\/\/matkinh.webie.com.vn\/#\/schema\/logo\/image\/\"},\"sameAs\":[\"https:\/\/www.facebook.com\/webie.kinhmatonline\"]}]}<\/script>\n<!-- \/ Yoast SEO Premium plugin. -->","yoast_head_json":{"title":"Ch\u00ednh s\u00e1ch b\u1ea3o h\u00e0nh &#8211; M\u1eaft k\u00ednh Webie","robots":{"index":"index","follow":"follow","max-snippet":"max-snippet:-1","max-image-preview":"max-image-preview:large","max-video-preview":"max-video-preview:-1"},"canonical":"https:\/\/matkinh.webie.com.vn\/en\/warranty-policies\/","og_locale":"en_US","og_type":"article","og_title":"Ch\u00ednh s\u00e1ch b\u1ea3o h\u00e0nh","og_description":"\u0110\u1ecbnh v\u1ecb gi\u00e1 tr\u1ecb m\u1eaft k\u00ednh th\u1ecb tr\u01b0\u1eddng Vi\u1ec7t - c\u1eeda h\u00e0ng M\u1eaft k\u00ednh Online To\u00e0n qu\u1ed1c - M\u1eaft k\u00ednh Webie","og_url":"https:\/\/matkinh.webie.com.vn\/en\/warranty-policies\/","og_site_name":"M\u1eaft k\u00ednh Webie","article_publisher":"https:\/\/www.facebook.com\/webie.kinhmatonline","article_modified_time":"2024-12-12T03:16:29+00:00","og_image":[{"width":500,"height":500,"url":"https:\/\/matkinh.webie.com.vn\/wp-content\/uploads\/2024\/11\/Matkinh-webie-logo.png","type":"image\/png"}],"twitter_card":"summary_large_image","twitter_misc":{"Est. reading time":"4 minutes"},"schema":{"@context":"https:\/\/schema.org","@graph":[{"@type":"WebPage","@id":"https:\/\/matkinh.webie.com.vn\/warranty-policies\/","url":"https:\/\/matkinh.webie.com.vn\/warranty-policies\/","name":"Ch\u00ednh s\u00e1ch b\u1ea3o h\u00e0nh &#8211; M\u1eaft k\u00ednh Webie","isPartOf":{"@id":"https:\/\/matkinh.webie.com.vn\/#website"},"datePublished":"2024-12-12T03:11:36+00:00","dateModified":"2024-12-12T03:16:29+00:00","breadcrumb":{"@id":"https:\/\/matkinh.webie.com.vn\/warranty-policies\/#breadcrumb"},"inLanguage":"en-US","potentialAction":[{"@type":"ReadAction","target":["https:\/\/matkinh.webie.com.vn\/warranty-policies\/"]}]},{"@type":"BreadcrumbList","@id":"https:\/\/matkinh.webie.com.vn\/warranty-policies\/#breadcrumb","itemListElement":[{"@type":"ListItem","position":1,"name":"Home","item":"https:\/\/matkinh.webie.com.vn\/"},{"@type":"ListItem","position":2,"name":"Ch\u00ednh s\u00e1ch b\u1ea3o h\u00e0nh"}]},{"@type":"WebSite","@id":"https:\/\/matkinh.webie.com.vn\/#website","url":"https:\/\/matkinh.webie.com.vn\/","name":"M\u1eaft k\u00ednh Webie","description":"","publisher":{"@id":"https:\/\/matkinh.webie.com.vn\/#organization"},"alternateName":"Webie Eyewear","potentialAction":[{"@type":"SearchAction","target":{"@type":"EntryPoint","urlTemplate":"https:\/\/matkinh.webie.com.vn\/?s={search_term_string}"},"query-input":"required name=search_term_string"}],"inLanguage":"en-US"},{"@type":"Organization","@id":"https:\/\/matkinh.webie.com.vn\/#organization","name":"M\u1eaft k\u00ednh Webie","url":"https:\/\/matkinh.webie.com.vn\/","logo":{"@type":"ImageObject","inLanguage":"en-US","@id":"https:\/\/matkinh.webie.com.vn\/#\/schema\/logo\/image\/","url":"https:\/\/matkinh.webie.com.vn\/wp-content\/uploads\/2024\/11\/Matkinh-webie-logo.png","contentUrl":"https:\/\/matkinh.webie.com.vn\/wp-content\/uploads\/2024\/11\/Matkinh-webie-logo.png","width":500,"height":500,"caption":"M\u1eaft k\u00ednh Webie"},"image":{"@id":"https:\/\/matkinh.webie.com.vn\/#\/schema\/logo\/image\/"},"sameAs":["https:\/\/www.facebook.com\/webie.kinhmatonline"]}]}},"_links":{"self":[{"href":"https:\/\/matkinh.webie.com.vn\/en\/wp-json\/wp\/v2\/pages\/18804","targetHints":{"allow":["GET"]}}],"collection":[{"href":"https:\/\/matkinh.webie.com.vn\/en\/wp-json\/wp\/v2\/pages"}],"about":[{"href":"https:\/\/matkinh.webie.com.vn\/en\/wp-json\/wp\/v2\/types\/page"}],"author":[{"embeddable":true,"href":"https:\/\/matkinh.webie.com.vn\/en\/wp-json\/wp\/v2\/users\/1"}],"replies":[{"embeddable":true,"href":"https:\/\/matkinh.webie.com.vn\/en\/wp-json\/wp\/v2\/comments?post=18804"}],"version-history":[{"count":2,"href":"https:\/\/matkinh.webie.com.vn\/en\/wp-json\/wp\/v2\/pages\/18804\/revisions"}],"predecessor-version":[{"id":18809,"href":"https:\/\/matkinh.webie.com.vn\/en\/wp-json\/wp\/v2\/pages\/18804\/revisions\/18809"}],"wp:attachment":[{"href":"https:\/\/matkinh.webie.com.vn\/en\/wp-json\/wp\/v2\/media?parent=18804"}],"curies":[{"name":"wp","href":"https:\/\/api.w.org\/{rel}","templated":true}]}}