{"id":18881,"date":"2025-04-02T04:46:24","date_gmt":"2025-04-02T04:46:24","guid":{"rendered":"https:\/\/matkinh.webie.com.vn\/?page_id=18881"},"modified":"2025-04-02T04:55:01","modified_gmt":"2025-04-02T04:55:01","slug":"huong-dan-mua-hang","status":"publish","type":"page","link":"https:\/\/matkinh.webie.com.vn\/en\/huong-dan-mua-hang\/","title":{"rendered":"Purchase Guide"},"content":{"rendered":"<h4 class=\"wp-block-heading\" id=\"h-b\u01b0\u1edbc-1-tim-va-ch\u1ecdn-s\u1ea3n-ph\u1ea9m-mu\u1ed1n-mua\"><strong>B\u01b0\u1edbc 1: T\u00ecm V\u00e0 Ch\u1ecdn S\u1ea3n Ph\u1ea9m Mu\u1ed1n Mua<\/strong><\/h4><ul class=\"wp-block-list\"><li>Truy c\u1eadp website ch\u00ednh th\u1ee9c c\u1ee7a M\u1eaft k\u00ednh Webie: <a href=\"https:\/\/matkinh.webie.com.vn\/en\/\">https:\/\/matkinh.webie.com.vn\/<\/a><\/li>\n\n<li>T\u00ecm s\u1ea3n ph\u1ea9m mu\u1ed1n mua<\/li>\n\n<li>Nh\u1ea5p v\u00e0o h\u00ecnh \u1ea3nh ho\u1eb7c t\u00ean s\u1ea3n ph\u1ea9m \u0111\u1ec3 xem chi ti\u1ebft<\/li>\n\n<li>\u0110\u1ecdc k\u1ef9 m\u00f4 t\u1ea3 s\u1ea3n ph\u1ea9m, ch\u1ea5t li\u1ec7u, xu\u1ea5t x\u1ee9, th\u00f4ng s\u1ed1 k\u1ef9 thu\u1eadt, h\u00ecnh \u1ea3nh th\u1ef1c t\u1ebf, v\u00e0 nh\u1eefng th\u00f4ng tin kh\u00e1c.<\/li><\/ul><div class=\"wp-block-image\"><figure class=\"aligncenter size-large\"><a href=\"https:\/\/matkinh.webie.com.vn\/wp-content\/uploads\/2025\/04\/image.png\"><img fetchpriority=\"high\" decoding=\"async\" width=\"1300\" height=\"566\" src=\"https:\/\/matkinh.webie.com.vn\/wp-content\/uploads\/2025\/04\/image-1300x566.png\" alt=\"\" class=\"wp-image-18882\" srcset=\"https:\/\/matkinh.webie.com.vn\/wp-content\/uploads\/2025\/04\/image-1300x566.png 1300w, https:\/\/matkinh.webie.com.vn\/wp-content\/uploads\/2025\/04\/image-400x174.png 400w, https:\/\/matkinh.webie.com.vn\/wp-content\/uploads\/2025\/04\/image-768x334.png 768w, https:\/\/matkinh.webie.com.vn\/wp-content\/uploads\/2025\/04\/image-1536x669.png 1536w, https:\/\/matkinh.webie.com.vn\/wp-content\/uploads\/2025\/04\/image-1320x575.png 1320w, https:\/\/matkinh.webie.com.vn\/wp-content\/uploads\/2025\/04\/image-430x187.png 430w, https:\/\/matkinh.webie.com.vn\/wp-content\/uploads\/2025\/04\/image-700x305.png 700w, https:\/\/matkinh.webie.com.vn\/wp-content\/uploads\/2025\/04\/image-150x65.png 150w, https:\/\/matkinh.webie.com.vn\/wp-content\/uploads\/2025\/04\/image.png 1897w\" sizes=\"(max-width: 1300px) 100vw, 1300px\" \/><\/a><\/figure><\/div><h4 class=\"wp-block-heading\" id=\"h-b\u01b0\u1edbc-2-ch\u1ecdn-thu\u1ed9c-tinh-s\u1ea3n-ph\u1ea9m-va-them-vao-gi\u1ecf-hang\"><strong>B\u01b0\u1edbc 2: Ch\u1ecdn Thu\u1ed9c T\u00ednh S\u1ea3n Ph\u1ea9m V\u00e0 Th\u00eam V\u00e0o Gi\u1ecf H\u00e0ng<\/strong><\/h4><ul class=\"wp-block-list\"><li>L\u1ef1a ch\u1ecdn c\u00e1c t\u00f9y ch\u1ecdn ph\u00f9 h\u1ee3p nh\u01b0: M\u00e0u s\u1eafc k\u00ednh v\u00e0 S\u1ed1 l\u01b0\u1ee3ng c\u1ee7a s\u1ea3n ph\u1ea9m<\/li>\n\n<li>Sau \u0111\u00f3, th\u00eam s\u1ea3n ph\u1ea9m v\u00e0o gi\u1ecf h\u00e0ng<\/li><\/ul><div class=\"wp-block-image\"><figure class=\"aligncenter size-large\"><a href=\"https:\/\/matkinh.webie.com.vn\/wp-content\/uploads\/2025\/04\/image-3.png\"><img decoding=\"async\" width=\"1300\" height=\"566\" src=\"https:\/\/matkinh.webie.com.vn\/wp-content\/uploads\/2025\/04\/image-3-1300x566.png\" alt=\"\" class=\"wp-image-18885\" srcset=\"https:\/\/matkinh.webie.com.vn\/wp-content\/uploads\/2025\/04\/image-3-1300x566.png 1300w, https:\/\/matkinh.webie.com.vn\/wp-content\/uploads\/2025\/04\/image-3-400x174.png 400w, https:\/\/matkinh.webie.com.vn\/wp-content\/uploads\/2025\/04\/image-3-768x334.png 768w, https:\/\/matkinh.webie.com.vn\/wp-content\/uploads\/2025\/04\/image-3-1536x669.png 1536w, https:\/\/matkinh.webie.com.vn\/wp-content\/uploads\/2025\/04\/image-3-1320x575.png 1320w, https:\/\/matkinh.webie.com.vn\/wp-content\/uploads\/2025\/04\/image-3-430x187.png 430w, https:\/\/matkinh.webie.com.vn\/wp-content\/uploads\/2025\/04\/image-3-700x305.png 700w, https:\/\/matkinh.webie.com.vn\/wp-content\/uploads\/2025\/04\/image-3-150x65.png 150w, https:\/\/matkinh.webie.com.vn\/wp-content\/uploads\/2025\/04\/image-3.png 1897w\" sizes=\"(max-width: 1300px) 100vw, 1300px\" \/><\/a><\/figure><\/div><h4 class=\"wp-block-heading\" id=\"h-b\u01b0\u1edbc-3-xem-gi\u1ecf-hang\"><strong>B\u01b0\u1edbc 3: Xem Gi\u1ecf H\u00e0ng<\/strong><\/h4><ul class=\"wp-block-list\"><li>L\u00fac n\u00e0y, b\u00ean ph\u1ea3i s\u1ebd hi\u1ec3n l\u00ean c\u00e1c s\u1ea3n ph\u1ea9m trong gi\u1ecf h\u00e0ng<\/li>\n\n<li>Nh\u1ea5n v\u00e0o xem chi ti\u1ebft gi\u1ecf h\u00e0ng<\/li><\/ul><div class=\"wp-block-image\"><figure class=\"aligncenter size-large\"><a href=\"https:\/\/matkinh.webie.com.vn\/wp-content\/uploads\/2025\/04\/image-5.png\"><img decoding=\"async\" width=\"1300\" height=\"566\" src=\"https:\/\/matkinh.webie.com.vn\/wp-content\/uploads\/2025\/04\/image-5-1300x566.png\" alt=\"\" class=\"wp-image-18887\" srcset=\"https:\/\/matkinh.webie.com.vn\/wp-content\/uploads\/2025\/04\/image-5-1300x566.png 1300w, https:\/\/matkinh.webie.com.vn\/wp-content\/uploads\/2025\/04\/image-5-400x174.png 400w, https:\/\/matkinh.webie.com.vn\/wp-content\/uploads\/2025\/04\/image-5-768x334.png 768w, https:\/\/matkinh.webie.com.vn\/wp-content\/uploads\/2025\/04\/image-5-1536x669.png 1536w, https:\/\/matkinh.webie.com.vn\/wp-content\/uploads\/2025\/04\/image-5-1320x575.png 1320w, https:\/\/matkinh.webie.com.vn\/wp-content\/uploads\/2025\/04\/image-5-430x187.png 430w, https:\/\/matkinh.webie.com.vn\/wp-content\/uploads\/2025\/04\/image-5-700x305.png 700w, https:\/\/matkinh.webie.com.vn\/wp-content\/uploads\/2025\/04\/image-5-150x65.png 150w, https:\/\/matkinh.webie.com.vn\/wp-content\/uploads\/2025\/04\/image-5.png 1897w\" sizes=\"(max-width: 1300px) 100vw, 1300px\" \/><\/a><\/figure><\/div><h4 class=\"wp-block-heading\" id=\"h-b\u01b0\u1edbc-4-nh\u1eadp-ma-gi\u1ea3m-gia-va-ti\u1ebfn-hanh-quy-trinh-thanh-toan\"><strong>B\u01b0\u1edbc 4: Nh\u1eadp M\u00e3 Gi\u1ea3m Gi\u00e1 V\u00e0 Ti\u1ebfn H\u00e0nh Quy Tr\u00ecnh Thanh To\u00e1n<\/strong><\/h4><ul class=\"wp-block-list\"><li>N\u1ebfu b\u1ea1n c\u00f3 <strong>m\u00e3 gi\u1ea3m gi\u00e1<\/strong>, nh\u1eadp v\u00e0o \u00f4 &#8220;Coupon code&#8221; v\u00e0 nh\u1ea5n <strong>\u201c<\/strong>\u00c1p d\u1ee5ng\u201d \u0111\u1ec3 s\u1eed d\u1ee5ng m\u00e3 gi\u1ea3m gi\u00e1<\/li>\n\n<li>Ti\u1ebfn h\u00e0nh thanh to\u00e1n<\/li><\/ul><div class=\"wp-block-image\"><figure class=\"aligncenter size-large\"><a href=\"https:\/\/matkinh.webie.com.vn\/wp-content\/uploads\/2025\/04\/image-6.png\"><img loading=\"lazy\" decoding=\"async\" width=\"1300\" height=\"566\" src=\"https:\/\/matkinh.webie.com.vn\/wp-content\/uploads\/2025\/04\/image-6-1300x566.png\" alt=\"\" class=\"wp-image-18888\" srcset=\"https:\/\/matkinh.webie.com.vn\/wp-content\/uploads\/2025\/04\/image-6-1300x566.png 1300w, https:\/\/matkinh.webie.com.vn\/wp-content\/uploads\/2025\/04\/image-6-400x174.png 400w, https:\/\/matkinh.webie.com.vn\/wp-content\/uploads\/2025\/04\/image-6-768x334.png 768w, https:\/\/matkinh.webie.com.vn\/wp-content\/uploads\/2025\/04\/image-6-1536x669.png 1536w, https:\/\/matkinh.webie.com.vn\/wp-content\/uploads\/2025\/04\/image-6-1320x575.png 1320w, https:\/\/matkinh.webie.com.vn\/wp-content\/uploads\/2025\/04\/image-6-430x187.png 430w, https:\/\/matkinh.webie.com.vn\/wp-content\/uploads\/2025\/04\/image-6-700x305.png 700w, https:\/\/matkinh.webie.com.vn\/wp-content\/uploads\/2025\/04\/image-6-150x65.png 150w, https:\/\/matkinh.webie.com.vn\/wp-content\/uploads\/2025\/04\/image-6.png 1897w\" sizes=\"(max-width: 1300px) 100vw, 1300px\" \/><\/a><\/figure><\/div><h4 class=\"wp-block-heading\" id=\"h-b\u01b0\u1edbc-5-nh\u1eadp-cac-thong-tin-d\u01b0\u1ee3c-yeu-c\u1ea7u-va-d\u1eb7t-hang\"><strong>B\u01b0\u1edbc 5: Nh\u1eadp C\u00e1c Th\u00f4ng Tin \u0110\u01b0\u1ee3c Y\u00eau C\u1ea7u V\u00e0 \u0110\u1eb7t H\u00e0ng<\/strong><\/h4><ul class=\"wp-block-list\"><li>\u0110i\u1ec1n \u0111\u1ea7y \u0111\u1ee7 v\u00e0 ch\u00ednh x\u00e1c c\u00e1c th\u00f4ng tin sau:<\/li><\/ul><ul class=\"wp-block-list\"><li>H\u1ecd v\u00e0 t\u00ean ng\u01b0\u1eddi nh\u1eadn<\/li>\n\n<li>S\u1ed1 \u0111i\u1ec7n tho\u1ea1i li\u00ean h\u1ec7<\/li>\n\n<li>\u0110\u1ecba ch\u1ec9 nh\u1eadn h\u00e0ng chi ti\u1ebft<\/li>\n\n<li>Email&nbsp;<\/li>\n\n<li>Ghi ch\u00fa \u0111\u01a1n h\u00e0ng (n\u1ebfu c\u1ea7n thi\u1ebft)<\/li><\/ul><h5 class=\"wp-block-heading\" id=\"h-l\u01b0u-y-thong-tin-cang-d\u1ea7y-d\u1ee7-qua-trinh-giao-hang-cang-nhanh-chong-va-chinh-xac\"><em>L\u01b0u \u00fd: Th\u00f4ng tin c\u00e0ng \u0111\u1ea7y \u0111\u1ee7, qu\u00e1 tr\u00ecnh giao h\u00e0ng c\u00e0ng nhanh ch\u00f3ng v\u00e0 ch\u00ednh x\u00e1c.<\/em><\/h5><ul class=\"wp-block-list\"><li>Ki\u1ec3m tra th\u00f4ng tin v\u1ec1 s\u1ea3n ph\u1ea9m&nbsp;<\/li>\n\n<li>Ch\u1ecdn 1 trong c\u00e1c h\u00ecnh th\u1ee9c thanh to\u00e1n:<\/li><\/ul><ul class=\"wp-block-list\"><li>Chuy\u1ec3n kho\u1ea3n ng\u00e2n h\u00e0ng<\/li>\n\n<li>Thanh to\u00e1n khi nh\u1eadn h\u00e0ng (COD) <em>(n\u1ebfu \u0111\u01b0\u1ee3c h\u1ed7 tr\u1ee3)<\/em><\/li><\/ul><ul class=\"wp-block-list\"><li>\u0110\u1ecdc k\u1ef9 \u0111i\u1ec1u kho\u1ea3n d\u1ecbch v\u1ee5&nbsp;<\/li>\n\n<li><strong>Nh\u1ea5n n\u00fat \u0110\u1eb6T H\u00c0NG<\/strong><\/li><\/ul><div class=\"wp-block-image\"><figure class=\"aligncenter size-large\"><a href=\"https:\/\/matkinh.webie.com.vn\/wp-content\/uploads\/2025\/04\/image-8.png\"><img loading=\"lazy\" decoding=\"async\" width=\"810\" height=\"800\" src=\"https:\/\/matkinh.webie.com.vn\/wp-content\/uploads\/2025\/04\/image-8-810x800.png\" alt=\"\" class=\"wp-image-18890\" srcset=\"https:\/\/matkinh.webie.com.vn\/wp-content\/uploads\/2025\/04\/image-8-810x800.png 810w, https:\/\/matkinh.webie.com.vn\/wp-content\/uploads\/2025\/04\/image-8-304x300.png 304w, https:\/\/matkinh.webie.com.vn\/wp-content\/uploads\/2025\/04\/image-8-768x758.png 768w, https:\/\/matkinh.webie.com.vn\/wp-content\/uploads\/2025\/04\/image-8-1536x1517.png 1536w, https:\/\/matkinh.webie.com.vn\/wp-content\/uploads\/2025\/04\/image-8-1320x1304.png 1320w, https:\/\/matkinh.webie.com.vn\/wp-content\/uploads\/2025\/04\/image-8-430x425.png 430w, https:\/\/matkinh.webie.com.vn\/wp-content\/uploads\/2025\/04\/image-8-700x691.png 700w, https:\/\/matkinh.webie.com.vn\/wp-content\/uploads\/2025\/04\/image-8-150x148.png 150w, https:\/\/matkinh.webie.com.vn\/wp-content\/uploads\/2025\/04\/image-8.png 1856w\" sizes=\"(max-width: 810px) 100vw, 810px\" \/><\/a><\/figure><\/div><h4 class=\"wp-block-heading\" id=\"h-b\u01b0\u1edbc-6-ti\u1ebfn-hanh-thanh-toan-qua-qr-code-d\u1ed1i-v\u1edbi-khach-hang-l\u1ef1a-ch\u1ecdn-chuy\u1ec3n-kho\u1ea3n-ngan-hang\"><strong>B\u01b0\u1edbc 6: Ti\u1ebfn H\u00e0nh Thanh To\u00e1n Qua Qr Code \u0110\u1ed1i V\u1edbi Kh\u00e1ch H\u00e0ng L\u1ef1a Ch\u1ecdn \u201cChuy\u1ec3n Kho\u1ea3n Ng\u00e2n H\u00e0ng\u201d<\/strong><\/h4><p>N\u1ebfu ch\u1ecdn <strong>Chuy\u1ec3n kho\u1ea3n ng\u00e2n h\u00e0ng<\/strong>:<\/p><ul class=\"wp-block-list\"><li>H\u1ec7 th\u1ed1ng s\u1ebd hi\u1ec3n th\u1ecb <strong>M\u00e3 QR Code<\/strong> \u0111\u1ec3 b\u1ea1n qu\u00e9t v\u00e0 chuy\u1ec3n kho\u1ea3n nhanh ch\u00f3ng b\u1eb1ng app ng\u00e2n h\u00e0ng.<\/li><\/ul><p>N\u1ed9i dung chuy\u1ec3n kho\u1ea3n \u0111\u01b0\u1ee3c ghi nh\u1eadn m\u1eb7c \u0111\u1ecbnh l\u00e0 <strong>m\u00e3 \u0111\u01a1n h\u00e0ng<\/strong>.<\/p><div class=\"wp-block-image\"><figure class=\"aligncenter size-large\"><a href=\"https:\/\/matkinh.webie.com.vn\/wp-content\/uploads\/2025\/04\/image-10.png\"><img loading=\"lazy\" decoding=\"async\" width=\"429\" height=\"800\" src=\"https:\/\/matkinh.webie.com.vn\/wp-content\/uploads\/2025\/04\/image-10-429x800.png\" alt=\"\" class=\"wp-image-18892\" srcset=\"https:\/\/matkinh.webie.com.vn\/wp-content\/uploads\/2025\/04\/image-10-429x800.png 429w, https:\/\/matkinh.webie.com.vn\/wp-content\/uploads\/2025\/04\/image-10-161x300.png 161w, https:\/\/matkinh.webie.com.vn\/wp-content\/uploads\/2025\/04\/image-10-768x1431.png 768w, https:\/\/matkinh.webie.com.vn\/wp-content\/uploads\/2025\/04\/image-10-824x1536.png 824w, https:\/\/matkinh.webie.com.vn\/wp-content\/uploads\/2025\/04\/image-10-1099x2048.png 1099w, https:\/\/matkinh.webie.com.vn\/wp-content\/uploads\/2025\/04\/image-10-1320x2460.png 1320w, https:\/\/matkinh.webie.com.vn\/wp-content\/uploads\/2025\/04\/image-10-430x801.png 430w, https:\/\/matkinh.webie.com.vn\/wp-content\/uploads\/2025\/04\/image-10-700x1305.png 700w, https:\/\/matkinh.webie.com.vn\/wp-content\/uploads\/2025\/04\/image-10-150x280.png 150w, https:\/\/matkinh.webie.com.vn\/wp-content\/uploads\/2025\/04\/image-10.png 1497w\" sizes=\"(max-width: 429px) 100vw, 429px\" \/><\/a><\/figure><\/div><h4 class=\"wp-block-heading\" id=\"h-b\u01b0\u1edbc-7-thong-bao-hoan-t\u1ea5t-thanh-toan\"><strong>B\u01b0\u1edbc 7: Th\u00f4ng B\u00e1o Ho\u00e0n T\u1ea5t Thanh To\u00e1n<\/strong><\/h4><p>Sau khi ho\u00e0n th\u00e0nh t\u1ea5t c\u1ea3 c\u00e1c b\u01b0\u1edbc tr\u00ean, h\u1ec7 th\u1ed1ng s\u1ebd hi\u1ec3n th\u1ecb th\u00f4ng b\u00e1o x\u00e1c nh\u1eadn \u0111\u01a1n h\u00e0ng th\u00e0nh c\u00f4ng<\/p><div class=\"wp-block-image\"><figure class=\"aligncenter\"><img decoding=\"async\" src=\"https:\/\/lh7-rt.googleusercontent.com\/docsz\/AD_4nXe5v9Hsnaj5Kd19Dg2cJdmJF1pK-6H_zlQv_I3F3dkbEpy3jQAD_8U-xkkh7xLt1renQajjy6T_z5ypxmJ3dhkx8075VmX1RbKzy0G9UTmi0RE0WZDELoZZOWXE3-gi7mNETCECqA?key=R9OBR988_i63DZBzmB_OmVZQ\" alt=\"\"\/><\/figure><\/div>","protected":false},"excerpt":{"rendered":"<p>B\u01b0\u1edbc 1: T\u00ecm V\u00e0 Ch\u1ecdn S\u1ea3n Ph\u1ea9m Mu\u1ed1n Mua B\u01b0\u1edbc 2: Ch\u1ecdn Thu\u1ed9c T\u00ednh S\u1ea3n Ph\u1ea9m V\u00e0 Th\u00eam V\u00e0o Gi\u1ecf<\/p>","protected":false},"author":25,"featured_media":0,"parent":0,"menu_order":0,"comment_status":"closed","ping_status":"closed","template":"","meta":{"footnotes":""},"class_list":["post-18881","page","type-page","status-publish","hentry"],"yoast_head":"<!-- This site is optimized with the Yoast SEO Premium plugin v23.2 (Yoast SEO v23.2) - https:\/\/yoast.com\/wordpress\/plugins\/seo\/ -->\n<title>H\u01b0\u1edbng d\u1eabn mua h\u00e0ng<\/title>\n<meta name=\"robots\" content=\"index, follow, max-snippet:-1, max-image-preview:large, max-video-preview:-1\" \/>\n<link rel=\"canonical\" href=\"https:\/\/matkinh.webie.com.vn\/en\/huong-dan-mua-hang\/\" \/>\n<meta property=\"og:locale\" content=\"en_US\" \/>\n<meta property=\"og:type\" content=\"article\" \/>\n<meta property=\"og:title\" content=\"H\u01b0\u1edbng d\u1eabn mua h\u00e0ng\" \/>\n<meta property=\"og:description\" content=\"\u0110\u1ecbnh v\u1ecb gi\u00e1 tr\u1ecb m\u1eaft k\u00ednh th\u1ecb tr\u01b0\u1eddng Vi\u1ec7t - c\u1eeda h\u00e0ng M\u1eaft k\u00ednh Online To\u00e0n qu\u1ed1c - M\u1eaft k\u00ednh Webie\" \/>\n<meta property=\"og:url\" content=\"https:\/\/matkinh.webie.com.vn\/en\/huong-dan-mua-hang\/\" \/>\n<meta property=\"og:site_name\" content=\"M\u1eaft k\u00ednh Webie\" \/>\n<meta property=\"article:publisher\" content=\"https:\/\/www.facebook.com\/webie.kinhmatonline\" \/>\n<meta property=\"article:modified_time\" content=\"2025-04-02T04:55:01+00:00\" \/>\n<meta property=\"og:image\" content=\"https:\/\/matkinh.webie.com.vn\/wp-content\/uploads\/2025\/04\/image-1300x566.png\" \/>\n<meta name=\"twitter:card\" content=\"summary_large_image\" \/>\n<meta name=\"twitter:label1\" content=\"Est. reading time\" \/>\n\t<meta name=\"twitter:data1\" content=\"4 minutes\" \/>\n<script type=\"application\/ld+json\" class=\"yoast-schema-graph\">{\"@context\":\"https:\/\/schema.org\",\"@graph\":[{\"@type\":\"WebPage\",\"@id\":\"https:\/\/matkinh.webie.com.vn\/huong-dan-mua-hang\/\",\"url\":\"https:\/\/matkinh.webie.com.vn\/huong-dan-mua-hang\/\",\"name\":\"H\u01b0\u1edbng d\u1eabn mua h\u00e0ng\",\"isPartOf\":{\"@id\":\"https:\/\/matkinh.webie.com.vn\/#website\"},\"primaryImageOfPage\":{\"@id\":\"https:\/\/matkinh.webie.com.vn\/huong-dan-mua-hang\/#primaryimage\"},\"image\":{\"@id\":\"https:\/\/matkinh.webie.com.vn\/huong-dan-mua-hang\/#primaryimage\"},\"thumbnailUrl\":\"https:\/\/matkinh.webie.com.vn\/wp-content\/uploads\/2025\/04\/image-1300x566.png\",\"datePublished\":\"2025-04-02T04:46:24+00:00\",\"dateModified\":\"2025-04-02T04:55:01+00:00\",\"breadcrumb\":{\"@id\":\"https:\/\/matkinh.webie.com.vn\/huong-dan-mua-hang\/#breadcrumb\"},\"inLanguage\":\"en-US\",\"potentialAction\":[{\"@type\":\"ReadAction\",\"target\":[\"https:\/\/matkinh.webie.com.vn\/huong-dan-mua-hang\/\"]}]},{\"@type\":\"ImageObject\",\"inLanguage\":\"en-US\",\"@id\":\"https:\/\/matkinh.webie.com.vn\/huong-dan-mua-hang\/#primaryimage\",\"url\":\"https:\/\/matkinh.webie.com.vn\/wp-content\/uploads\/2025\/04\/image-1300x566.png\",\"contentUrl\":\"https:\/\/matkinh.webie.com.vn\/wp-content\/uploads\/2025\/04\/image-1300x566.png\"},{\"@type\":\"BreadcrumbList\",\"@id\":\"https:\/\/matkinh.webie.com.vn\/huong-dan-mua-hang\/#breadcrumb\",\"itemListElement\":[{\"@type\":\"ListItem\",\"position\":1,\"name\":\"Home\",\"item\":\"https:\/\/matkinh.webie.com.vn\/\"},{\"@type\":\"ListItem\",\"position\":2,\"name\":\"H\u01b0\u1edbng d\u1eabn mua h\u00e0ng\"}]},{\"@type\":\"WebSite\",\"@id\":\"https:\/\/matkinh.webie.com.vn\/#website\",\"url\":\"https:\/\/matkinh.webie.com.vn\/\",\"name\":\"M\u1eaft k\u00ednh Webie\",\"description\":\"\",\"publisher\":{\"@id\":\"https:\/\/matkinh.webie.com.vn\/#organization\"},\"alternateName\":\"Webie Eyewear\",\"potentialAction\":[{\"@type\":\"SearchAction\",\"target\":{\"@type\":\"EntryPoint\",\"urlTemplate\":\"https:\/\/matkinh.webie.com.vn\/?s={search_term_string}\"},\"query-input\":\"required name=search_term_string\"}],\"inLanguage\":\"en-US\"},{\"@type\":\"Organization\",\"@id\":\"https:\/\/matkinh.webie.com.vn\/#organization\",\"name\":\"M\u1eaft k\u00ednh Webie\",\"url\":\"https:\/\/matkinh.webie.com.vn\/\",\"logo\":{\"@type\":\"ImageObject\",\"inLanguage\":\"en-US\",\"@id\":\"https:\/\/matkinh.webie.com.vn\/#\/schema\/logo\/image\/\",\"url\":\"https:\/\/matkinh.webie.com.vn\/wp-content\/uploads\/2024\/11\/Matkinh-webie-logo.png\",\"contentUrl\":\"https:\/\/matkinh.webie.com.vn\/wp-content\/uploads\/2024\/11\/Matkinh-webie-logo.png\",\"width\":500,\"height\":500,\"caption\":\"M\u1eaft k\u00ednh Webie\"},\"image\":{\"@id\":\"https:\/\/matkinh.webie.com.vn\/#\/schema\/logo\/image\/\"},\"sameAs\":[\"https:\/\/www.facebook.com\/webie.kinhmatonline\"]}]}<\/script>\n<!-- \/ Yoast SEO Premium plugin. -->","yoast_head_json":{"title":"Purchase Guide","robots":{"index":"index","follow":"follow","max-snippet":"max-snippet:-1","max-image-preview":"max-image-preview:large","max-video-preview":"max-video-preview:-1"},"canonical":"https:\/\/matkinh.webie.com.vn\/en\/huong-dan-mua-hang\/","og_locale":"en_US","og_type":"article","og_title":"H\u01b0\u1edbng d\u1eabn mua h\u00e0ng","og_description":"\u0110\u1ecbnh v\u1ecb gi\u00e1 tr\u1ecb m\u1eaft k\u00ednh th\u1ecb tr\u01b0\u1eddng Vi\u1ec7t - c\u1eeda h\u00e0ng M\u1eaft k\u00ednh Online To\u00e0n qu\u1ed1c - M\u1eaft k\u00ednh Webie","og_url":"https:\/\/matkinh.webie.com.vn\/en\/huong-dan-mua-hang\/","og_site_name":"M\u1eaft k\u00ednh Webie","article_publisher":"https:\/\/www.facebook.com\/webie.kinhmatonline","article_modified_time":"2025-04-02T04:55:01+00:00","og_image":[{"url":"https:\/\/matkinh.webie.com.vn\/wp-content\/uploads\/2025\/04\/image-1300x566.png"}],"twitter_card":"summary_large_image","twitter_misc":{"Est. reading time":"4 minutes"},"schema":{"@context":"https:\/\/schema.org","@graph":[{"@type":"WebPage","@id":"https:\/\/matkinh.webie.com.vn\/huong-dan-mua-hang\/","url":"https:\/\/matkinh.webie.com.vn\/huong-dan-mua-hang\/","name":"Purchase Guide","isPartOf":{"@id":"https:\/\/matkinh.webie.com.vn\/#website"},"primaryImageOfPage":{"@id":"https:\/\/matkinh.webie.com.vn\/huong-dan-mua-hang\/#primaryimage"},"image":{"@id":"https:\/\/matkinh.webie.com.vn\/huong-dan-mua-hang\/#primaryimage"},"thumbnailUrl":"https:\/\/matkinh.webie.com.vn\/wp-content\/uploads\/2025\/04\/image-1300x566.png","datePublished":"2025-04-02T04:46:24+00:00","dateModified":"2025-04-02T04:55:01+00:00","breadcrumb":{"@id":"https:\/\/matkinh.webie.com.vn\/huong-dan-mua-hang\/#breadcrumb"},"inLanguage":"en-US","potentialAction":[{"@type":"ReadAction","target":["https:\/\/matkinh.webie.com.vn\/huong-dan-mua-hang\/"]}]},{"@type":"ImageObject","inLanguage":"en-US","@id":"https:\/\/matkinh.webie.com.vn\/huong-dan-mua-hang\/#primaryimage","url":"https:\/\/matkinh.webie.com.vn\/wp-content\/uploads\/2025\/04\/image-1300x566.png","contentUrl":"https:\/\/matkinh.webie.com.vn\/wp-content\/uploads\/2025\/04\/image-1300x566.png"},{"@type":"BreadcrumbList","@id":"https:\/\/matkinh.webie.com.vn\/huong-dan-mua-hang\/#breadcrumb","itemListElement":[{"@type":"ListItem","position":1,"name":"Home","item":"https:\/\/matkinh.webie.com.vn\/"},{"@type":"ListItem","position":2,"name":"H\u01b0\u1edbng d\u1eabn mua h\u00e0ng"}]},{"@type":"WebSite","@id":"https:\/\/matkinh.webie.com.vn\/#website","url":"https:\/\/matkinh.webie.com.vn\/","name":"M\u1eaft k\u00ednh Webie","description":"","publisher":{"@id":"https:\/\/matkinh.webie.com.vn\/#organization"},"alternateName":"Webie Eyewear","potentialAction":[{"@type":"SearchAction","target":{"@type":"EntryPoint","urlTemplate":"https:\/\/matkinh.webie.com.vn\/?s={search_term_string}"},"query-input":"required name=search_term_string"}],"inLanguage":"en-US"},{"@type":"Organization","@id":"https:\/\/matkinh.webie.com.vn\/#organization","name":"M\u1eaft k\u00ednh Webie","url":"https:\/\/matkinh.webie.com.vn\/","logo":{"@type":"ImageObject","inLanguage":"en-US","@id":"https:\/\/matkinh.webie.com.vn\/#\/schema\/logo\/image\/","url":"https:\/\/matkinh.webie.com.vn\/wp-content\/uploads\/2024\/11\/Matkinh-webie-logo.png","contentUrl":"https:\/\/matkinh.webie.com.vn\/wp-content\/uploads\/2024\/11\/Matkinh-webie-logo.png","width":500,"height":500,"caption":"M\u1eaft k\u00ednh Webie"},"image":{"@id":"https:\/\/matkinh.webie.com.vn\/#\/schema\/logo\/image\/"},"sameAs":["https:\/\/www.facebook.com\/webie.kinhmatonline"]}]}},"_links":{"self":[{"href":"https:\/\/matkinh.webie.com.vn\/en\/wp-json\/wp\/v2\/pages\/18881","targetHints":{"allow":["GET"]}}],"collection":[{"href":"https:\/\/matkinh.webie.com.vn\/en\/wp-json\/wp\/v2\/pages"}],"about":[{"href":"https:\/\/matkinh.webie.com.vn\/en\/wp-json\/wp\/v2\/types\/page"}],"author":[{"embeddable":true,"href":"https:\/\/matkinh.webie.com.vn\/en\/wp-json\/wp\/v2\/users\/25"}],"replies":[{"embeddable":true,"href":"https:\/\/matkinh.webie.com.vn\/en\/wp-json\/wp\/v2\/comments?post=18881"}],"version-history":[{"count":3,"href":"https:\/\/matkinh.webie.com.vn\/en\/wp-json\/wp\/v2\/pages\/18881\/revisions"}],"predecessor-version":[{"id":18895,"href":"https:\/\/matkinh.webie.com.vn\/en\/wp-json\/wp\/v2\/pages\/18881\/revisions\/18895"}],"wp:attachment":[{"href":"https:\/\/matkinh.webie.com.vn\/en\/wp-json\/wp\/v2\/media?parent=18881"}],"curies":[{"name":"wp","href":"https:\/\/api.w.org\/{rel}","templated":true}]}}