{"id":18902,"date":"2025-04-22T02:29:35","date_gmt":"2025-04-22T02:29:35","guid":{"rendered":"https:\/\/matkinh.webie.com.vn\/?page_id=18902"},"modified":"2025-04-28T14:36:52","modified_gmt":"2025-04-28T07:36:52","slug":"chinh-sach-bao-ve-thong-tin","status":"publish","type":"page","link":"https:\/\/matkinh.webie.com.vn\/en\/chinh-sach-bao-ve-thong-tin\/","title":{"rendered":"Ch\u00ednh s\u00e1ch b\u1ea3o v\u1ec7 th\u00f4ng tin c\u00e1 nh\u00e2n c\u1ee7a ng\u01b0\u1eddi ti\u00eau d\u00f9ng"},"content":{"rendered":"<h4 class=\"wp-block-heading\" id=\"h-m\u1ee5c-dich-thu-th\u1eadp-va-ph\u1ea1m-vi-s\u1eed-d\u1ee5ng-thong-tin-ca-nhan\"><strong>M\u1ee4C \u0110\u00cdCH THU TH\u1eacP V\u00c0 PH\u1ea0M VI S\u1eec D\u1ee4NG TH\u00d4NG TIN C\u00c1 NH\u00c2N<\/strong><\/h4><p>M\u1eaft k\u00ednh Webie thu th\u1eadp th\u00f4ng tin c\u00e1 nh\u00e2n nh\u1eb1m m\u1ee5c \u0111\u00edch:<\/p><ul class=\"wp-block-list\"><li>Cung c\u1ea5p s\u1ea3n ph\u1ea9m, d\u1ecbch v\u1ee5 \u0111\u00fang nhu c\u1ea7u v\u00e0 mong mu\u1ed1n c\u1ee7a kh\u00e1ch h\u00e0ng;<\/li>\n\n<li>H\u1ed7 tr\u1ee3 ch\u0103m s\u00f3c kh\u00e1ch h\u00e0ng, gi\u1ea3i quy\u1ebft khi\u1ebfu n\u1ea1i;<\/li>\n\n<li>C\u1eadp nh\u1eadt th\u00f4ng tin ch\u01b0\u01a1ng tr\u00ecnh khuy\u1ebfn m\u00e3i, \u01b0u \u0111\u00e3i ho\u1eb7c s\u1ef1 ki\u1ec7n \u0111\u1eb7c bi\u1ec7t;<\/li>\n\n<li>C\u1ea3i thi\u1ec7n tr\u1ea3i nghi\u1ec7m ng\u01b0\u1eddi d\u00f9ng v\u00e0 ph\u00e1t tri\u1ec3n c\u00e1c d\u1ecbch v\u1ee5 m\u1edbi ph\u00f9 h\u1ee3p h\u01a1n.<\/li>\n\n<li>Gi\u1ea3i quy\u1ebft v\u1ea5n \u0111\u1ec1 ph\u00e1t sinh khi mua h\u00e0ng.<\/li><\/ul><p>M\u1eaft k\u00ednh Webie <strong>cam k\u1ebft kh\u00f4ng chia s\u1ebb, mua b\u00e1n ho\u1eb7c trao \u0111\u1ed5i th\u00f4ng tin c\u00e1 nh\u00e2n c\u1ee7a kh\u00e1ch h\u00e0ng cho b\u00ean th\u1ee9 ba<\/strong> m\u00e0 kh\u00f4ng c\u00f3 s\u1ef1 \u0111\u1ed3ng \u00fd tr\u01b0\u1edbc, tr\u1eeb khi c\u00f3 y\u00eau c\u1ea7u t\u1eeb c\u01a1 quan nh\u00e0 n\u01b0\u1edbc c\u00f3 th\u1ea9m quy\u1ec1n theo quy \u0111\u1ecbnh c\u1ee7a ph\u00e1p lu\u1eadt.<\/p><h4 class=\"wp-block-heading\" id=\"h-lo\u1ea1i-thong-tin-d\u01b0\u1ee3c-thu-th\u1eadp\"><strong>LO\u1ea0I TH\u00d4NG TIN \u0110\u01af\u1ee2C THU TH\u1eacP<\/strong><\/h4><p>M\u1eaft k\u00ednh Webie thu th\u1eadp th\u00f4ng tin c\u00e1 nh\u00e2n c\u1ee7a kh\u00e1ch h\u00e0ng khi ti\u1ebfn h\u00e0ng \u0111\u1eb7t h\u00e0ng tr\u00ean website:<\/p><ul class=\"wp-block-list\"><li>H\u1ecd&nbsp; t\u00ean:<\/li>\n\n<li>\u0110\u1ecba ch\u1ec9 email:<\/li>\n\n<li>S\u1ed1 \u0111i\u1ec7n tho\u1ea1i:<\/li>\n\n<li>\u0110\u1ecba ch\u1ec9:<\/li><\/ul><h4 class=\"wp-block-heading\" id=\"h-th\u1eddi-gian-l\u01b0u-tr\u1eef-thong-tin\"><strong>TH\u1edcI GIAN L\u01afU TR\u1eee TH\u00d4NG TIN<\/strong><\/h4><p>D\u1eef li\u1ec7u c\u00e1 nh\u00e2n c\u1ee7a Th\u00e0nh vi\u00ean s\u1ebd \u0111\u01b0\u1ee3c l\u01b0u tr\u1eef cho \u0111\u1ebfn khi c\u00f3 y\u00eau c\u1ea7u h\u1ee7y b\u1ecf ho\u1eb7c t\u1ef1 th\u00e0nh vi\u00ean \u0111\u0103ng nh\u1eadp v\u00e0 th\u1ef1c hi\u1ec7n h\u1ee7y b\u1ecf. C\u00f2n l\u1ea1i trong m\u1ecdi tr\u01b0\u1eddng h\u1ee3p th\u00f4ng tin c\u00e1 nh\u00e2n th\u00e0nh vi\u00ean s\u1ebd \u0111\u01b0\u1ee3c b\u1ea3o m\u1eadt tr\u00ean m\u00e1y ch\u1ee7 c\u1ee7a <a href=\"https:\/\/matkinh.webie.com.vn\/en\/\">https:\/\/matkinh.webie.com.vn\/<\/a>&nbsp;<\/p><h4 class=\"wp-block-heading\" id=\"h-t\u1ed5-ch\u1ee9c-ca-nhan-co-th\u1ec3-ti\u1ebfp-c\u1eadn-thong-tin\"><strong>T\u1ed4 CH\u1ee8C\/C\u00c1 NH\u00c2N C\u00d3 TH\u1ec2 TI\u1ebeP C\u1eacN TH\u00d4NG TIN<\/strong><\/h4><p>Th\u00f4ng tin c\u00e1 nh\u00e2n c\u1ee7a kh\u00e1ch h\u00e0ng ch\u1ec9 \u0111\u01b0\u1ee3c truy c\u1eadp b\u1edfi:<\/p><ul class=\"wp-block-list\"><li>Nh\u00e2n vi\u00ean c\u00f3 tr\u00e1ch nhi\u1ec7m trong b\u1ed9 ph\u1eadn ch\u0103m s\u00f3c kh\u00e1ch h\u00e0ng, k\u1ef9 thu\u1eadt, qu\u1ea3n tr\u1ecb h\u1ec7 th\u1ed1ng;<\/li>\n\n<li>C\u00e1c \u0111\u01a1n v\u1ecb \u0111\u1ed1i t\u00e1c v\u1eadn chuy\u1ec3n, giao nh\u1eadn trong ph\u1ea1m vi c\u1ea7n thi\u1ebft \u0111\u1ec3 ph\u1ee5c v\u1ee5 cho vi\u1ec7c giao nh\u1eadn h\u00e0ng h\u00f3a nh\u01b0 T\u00ean, \u0111\u1ecba ch\u1ec9 v\u00e0 s\u1ed1 \u0111i\u1ec7n tho\u1ea1i<\/li>\n\n<li>Y\u00eau c\u1ea7u ph\u00e1p l\u00fd: Ch\u00fang t\u00f4i c\u00f3 th\u1ec3 ti\u1ebft l\u1ed9 c\u00e1c th\u00f4ng tin c\u00e1 nh\u00e2n n\u1ebfu \u0111i\u1ec1u \u0111\u00f3 do lu\u1eadt ph\u00e1p y\u00eau c\u1ea7u v\u00e0 vi\u1ec7c ti\u1ebft l\u1ed9 nh\u01b0 v\u1eady l\u00e0 c\u1ea7n thi\u1ebft m\u1ed9t c\u00e1ch h\u1ee3p l\u00fd \u0111\u1ec3 tu\u00e2n th\u1ee7 c\u00e1c quy tr\u00ecnh ph\u00e1p l\u00fd.<\/li><\/ul><p>T\u1ea5t c\u1ea3 c\u00e1c b\u00ean \u0111\u01b0\u1ee3c ti\u1ebfp c\u1eadn th\u00f4ng tin \u0111\u1ec1u ph\u1ea3i tu\u00e2n th\u1ee7 ch\u00ednh s\u00e1ch b\u1ea3o m\u1eadt nghi\u00eam ng\u1eb7t c\u1ee7a M\u1eaft k\u00ednh Webie.<\/p><h4 class=\"wp-block-heading\" id=\"h-d\u1ecba-ch\u1ec9-va-cach-lien-h\u1ec7\"><strong>\u0110\u1ecaA CH\u1ec8 V\u00c0 C\u00c1CH LI\u00caN H\u1ec6<\/strong><\/h4><p><strong>\u0110\u01a1n v\u1ecb thu th\u1eadp v\u00e0 qu\u1ea3n l\u00fd th\u00f4ng tin:<\/strong><strong><br><\/strong><strong>M\u1eaft k\u00ednh Webie &#8211; C\u00d4NG TY TNHH WEBIE VI\u1ec6T NAM<\/strong><\/p><p>Tr\u1ee5 s\u1edf ch\u00ednh: 57 \u0111\u01b0\u1eddng 53, khu ph\u1ed1 2, Ph\u01b0\u1eddng An Ph\u00fa, Th\u00e0nh ph\u1ed1 Th\u1ee7 \u0110\u1ee9c, Th\u00e0nh ph\u1ed1 H\u1ed3 Ch\u00ed Minh, Vi\u1ec7t Nam<\/p><p>Th\u00e0nh l\u1eadp v\u00e0 ho\u1ea1t \u0111\u1ed9ng theo Gi\u1ea5y ch\u1ee9ng nh\u1eadn \u0111\u0103ng k\u00fd doanh nghi\u1ec7p s\u1ed1: 0318244375 do S\u1edf K\u1ebf ho\u1ea1ch v\u00e0 \u0110\u1ea7u t\u01b0 Th\u00e0nh ph\u1ed1 H\u1ed3 Ch\u00ed Minh c\u1ea5p ng\u00e0y 05 th\u00e1ng 01 n\u0103m 2024.<\/p><p>Email: <a href=\"mailto:Huyen.dang@webie.com.vn\">Huyen.dang@webie.com.vn<\/a><\/p><p>S\u1ed1 \u0111i\u1ec7n tho\u1ea1i: +84 969 838 467<\/p><p>Website:<a href=\"https:\/\/matkinhwebie.vn\/\"> <\/a>matkinh.webie.com.vn<\/p><p>Kh\u00e1ch h\u00e0ng c\u00f3 th\u1ec3 li\u00ean h\u1ec7 qua c\u00e1c k\u00eanh tr\u00ean \u0111\u1ec3:<\/p><ul class=\"wp-block-list\"><li>Y\u00eau c\u1ea7u c\u1eadp nh\u1eadt, ch\u1ec9nh s\u1eeda, x\u00f3a th\u00f4ng tin c\u00e1 nh\u00e2n;<\/li>\n\n<li>H\u1ecfi \u0111\u00e1p v\u1ec1 ch\u00ednh s\u00e1ch b\u1ea3o v\u1ec7 d\u1eef li\u1ec7u c\u00e1 nh\u00e2n;<\/li>\n\n<li>G\u1eedi ph\u1ea3n \u00e1nh ho\u1eb7c khi\u1ebfu n\u1ea1i li\u00ean quan \u0111\u1ebfn vi\u1ec7c s\u1eed d\u1ee5ng th\u00f4ng tin.<\/li><\/ul><h4 class=\"wp-block-heading\" id=\"h-ph\u01b0\u01a1ng-th\u1ee9c-va-cong-c\u1ee5-qu\u1ea3n-ly-thong-tin-ca-nhan\"><strong>PH\u01af\u01a0NG TH\u1ee8C V\u00c0 C\u00d4NG C\u1ee4 QU\u1ea2N L\u00dd TH\u00d4NG TIN C\u00c1 NH\u00c2N<\/strong><\/h4><p>Kh\u00e1ch h\u00e0ng c\u00f3 th\u1ec3:<\/p><ul class=\"wp-block-list\"><li>Truy c\u1eadp, ch\u1ec9nh s\u1eeda ho\u1eb7c y\u00eau c\u1ea7u h\u1ee7y th\u00f4ng tin c\u00e1 nh\u00e2n qua t\u00e0i kho\u1ea3n tr\u00ean website;<\/li>\n\n<li>G\u1eedi y\u00eau c\u1ea7u tr\u1ef1c ti\u1ebfp \u0111\u1ebfn b\u1ed9 ph\u1eadn ch\u0103m s\u00f3c kh\u00e1ch h\u00e0ng \u0111\u1ec3 \u0111\u01b0\u1ee3c h\u1ed7 tr\u1ee3 x\u1eed l\u00fd.<\/li><\/ul><p>M\u1eaft k\u00ednh Webie \u00e1p d\u1ee5ng c\u00e1c bi\u1ec7n ph\u00e1p b\u1ea3o m\u1eadt k\u1ef9 thu\u1eadt v\u00e0 t\u1ed5 ch\u1ee9c \u0111\u1ec3 \u0111\u1ea3m b\u1ea3o an to\u00e0n th\u00f4ng tin c\u00e1 nh\u00e2n, bao g\u1ed3m m\u00e3 h\u00f3a d\u1eef li\u1ec7u, ki\u1ec3m so\u00e1t truy c\u1eadp, sao l\u01b0u \u0111\u1ecbnh k\u1ef3.<\/p><h4 class=\"wp-block-heading\" id=\"h-c\u01a1-ch\u1ebf-ti\u1ebfp-nh\u1eadn-va-gi\u1ea3i-quy\u1ebft-khi\u1ebfu-n\u1ea1i\"><strong>C\u01a0 CH\u1ebe TI\u1ebeP NH\u1eacN V\u00c0 GI\u1ea2I QUY\u1ebeT KHI\u1ebeU N\u1ea0I<\/strong><\/h4><p>Trong tr\u01b0\u1eddng h\u1ee3p kh\u00e1ch h\u00e0ng ph\u00e1t hi\u1ec7n th\u00f4ng tin c\u00e1 nh\u00e2n b\u1ecb s\u1eed d\u1ee5ng sai m\u1ee5c \u0111\u00edch ho\u1eb7c v\u01b0\u1ee3t qu\u00e1 ph\u1ea1m vi \u0111\u00e3 \u0111\u01b0\u1ee3c th\u00f4ng b\u00e1o, M\u1eaft k\u00ednh Webie cam k\u1ebft:<\/p><p>\u2022&nbsp;Ti\u1ebfp nh\u1eadn khi\u1ebfu n\u1ea1i th\u00f4ng qua email, \u0111i\u1ec7n tho\u1ea1i ho\u1eb7c tr\u1ef1c ti\u1ebfp t\u1ea1i v\u0103n ph\u00f2ng c\u1ee7a Webie. Th\u00f4ng tin khi\u1ebfu n\u1ea1i bao g\u1ed3m: h\u1ecd t\u00ean, th\u00f4ng tin li\u00ean h\u1ec7, n\u1ed9i dung khi\u1ebfu n\u1ea1i v\u00e0 b\u1eb1ng ch\u1ee9ng li\u00ean quan (n\u1ebfu c\u00f3);<\/p><p>\u2022 Trong v\u00f2ng 48 gi\u1edd l\u00e0m vi\u1ec7c k\u1ec3 t\u1eeb khi nh\u1eadn \u0111\u01b0\u1ee3c khi\u1ebfu n\u1ea1i, Webie s\u1ebd x\u00e1c nh\u1eadn th\u00f4ng tin v\u00e0 ph\u1ea3n h\u1ed3i b\u01b0\u1edbc \u0111\u1ea7u cho kh\u00e1ch h\u00e0ng. Th\u1eddi gian x\u1eed l\u00fd khi\u1ebfu n\u1ea1i t\u1ed1i \u0111a 07 ng\u00e0y l\u00e0m vi\u1ec7c, t\u00f9y theo m\u1ee9c \u0111\u1ed9 ph\u1ee9c t\u1ea1p c\u1ee7a v\u1ee5 vi\u1ec7c;<\/p><p>\u2022&nbsp;Webie s\u1ebd r\u00e0 so\u00e1t h\u1ec7 th\u1ed1ng, ph\u1ed1i h\u1ee3p v\u1edbi c\u00e1c b\u1ed9 ph\u1eadn li\u00ean quan \u0111\u1ec3 l\u00e0m r\u00f5 nguy\u00ean nh\u00e2n v\u00e0 th\u1ef1c hi\u1ec7n bi\u1ec7n ph\u00e1p kh\u1eafc ph\u1ee5c ph\u00f9 h\u1ee3p, \u0111\u1ea3m b\u1ea3o quy\u1ec1n l\u1ee3i kh\u00e1ch h\u00e0ng.<\/p><p>\u2022 Cam k\u1ebft minh b\u1ea1ch: Webie tuy\u1ec7t \u0111\u1ed1i kh\u00f4ng s\u1eed d\u1ee5ng th\u00f4ng tin c\u00e1 nh\u00e2n c\u1ee7a kh\u00e1ch h\u00e0ng cho m\u1ee5c \u0111\u00edch tr\u00e1i ph\u00e9p v\u00e0 lu\u00f4n tu\u00e2n th\u1ee7 c\u00e1c quy \u0111\u1ecbnh v\u1ec1 b\u1ea3o m\u1eadt th\u00f4ng tin theo ph\u00e1p lu\u1eadt Vi\u1ec7t Nam.<\/p><p>M\u1eaft k\u00ednh Webie cam k\u1ebft b\u1ea3o v\u1ec7 th\u00f4ng tin c\u00e1 nh\u00e2n c\u1ee7a kh\u00e1ch h\u00e0ng v\u00e0 xem \u0111\u00e2y l\u00e0 tr\u00e1ch nhi\u1ec7m h\u00e0ng \u0111\u1ea7u c\u1ee7a ch\u00fang t\u00f4i. N\u1ebfu Qu\u00fd kh\u00e1ch c\u00f3 b\u1ea5t k\u1ef3 th\u1eafc m\u1eafc ho\u1eb7c g\u00f3p \u00fd n\u00e0o li\u00ean quan \u0111\u1ebfn ch\u00ednh s\u00e1ch b\u1ea3o m\u1eadt, ho\u1eb7c ph\u00e1t hi\u1ec7n th\u00f4ng tin c\u00e1 nh\u00e2n b\u1ecb s\u1eed d\u1ee5ng kh\u00f4ng \u0111\u00fang m\u1ee5c \u0111\u00edch hay v\u01b0\u1ee3t ngo\u00e0i ph\u1ea1m vi \u0111\u00e3 \u0111\u01b0\u1ee3c th\u00f4ng b\u00e1o, xin vui l\u00f2ng li\u00ean h\u1ec7 tr\u1ef1c ti\u1ebfp v\u1edbi ch\u00fang t\u00f4i qua s\u1ed1 <strong>hotline 0969 838 467 <\/strong>ho\u1eb7c<strong> email Huyen.dang@webie.com.vn<\/strong> \u0111\u1ec3 \u0111\u01b0\u1ee3c h\u1ed7 tr\u1ee3 v\u00e0 gi\u1ea3i quy\u1ebft k\u1ecbp th\u1eddi.<\/p><p><\/p>","protected":false},"excerpt":{"rendered":"<p>M\u1ee4C \u0110\u00cdCH THU TH\u1eacP V\u00c0 PH\u1ea0M VI S\u1eec D\u1ee4NG TH\u00d4NG TIN C\u00c1 NH\u00c2N M\u1eaft k\u00ednh Webie thu th\u1eadp th\u00f4ng tin<\/p>","protected":false},"author":25,"featured_media":0,"parent":0,"menu_order":0,"comment_status":"closed","ping_status":"closed","template":"","meta":{"footnotes":""},"class_list":["post-18902","page","type-page","status-publish","hentry"],"yoast_head":"<!-- This site is optimized with the Yoast SEO Premium plugin v23.2 (Yoast SEO v23.2) - https:\/\/yoast.com\/wordpress\/plugins\/seo\/ -->\n<title>Ch\u00ednh s\u00e1ch b\u1ea3o v\u1ec7 th\u00f4ng tin c\u00e1 nh\u00e2n c\u1ee7a ng\u01b0\u1eddi ti\u00eau d\u00f9ng &#8211; M\u1eaft k\u00ednh Webie<\/title>\n<meta name=\"robots\" content=\"index, follow, max-snippet:-1, max-image-preview:large, max-video-preview:-1\" \/>\n<link rel=\"canonical\" href=\"https:\/\/matkinh.webie.com.vn\/en\/chinh-sach-bao-ve-thong-tin\/\" \/>\n<meta property=\"og:locale\" content=\"en_US\" \/>\n<meta property=\"og:type\" content=\"article\" \/>\n<meta property=\"og:title\" content=\"Ch\u00ednh s\u00e1ch b\u1ea3o v\u1ec7 th\u00f4ng tin c\u00e1 nh\u00e2n c\u1ee7a ng\u01b0\u1eddi ti\u00eau d\u00f9ng\" \/>\n<meta property=\"og:description\" content=\"\u0110\u1ecbnh v\u1ecb gi\u00e1 tr\u1ecb m\u1eaft k\u00ednh th\u1ecb tr\u01b0\u1eddng Vi\u1ec7t - c\u1eeda h\u00e0ng M\u1eaft k\u00ednh Online To\u00e0n qu\u1ed1c - M\u1eaft k\u00ednh Webie\" \/>\n<meta property=\"og:url\" content=\"https:\/\/matkinh.webie.com.vn\/en\/chinh-sach-bao-ve-thong-tin\/\" \/>\n<meta property=\"og:site_name\" content=\"M\u1eaft k\u00ednh Webie\" \/>\n<meta property=\"article:publisher\" content=\"https:\/\/www.facebook.com\/webie.kinhmatonline\" \/>\n<meta property=\"article:modified_time\" content=\"2025-04-28T07:36:52+00:00\" \/>\n<meta property=\"og:image\" content=\"https:\/\/matkinh.webie.com.vn\/wp-content\/uploads\/2024\/11\/Matkinh-webie-logo.png\" \/>\n\t<meta property=\"og:image:width\" content=\"500\" \/>\n\t<meta property=\"og:image:height\" content=\"500\" \/>\n\t<meta property=\"og:image:type\" content=\"image\/png\" \/>\n<meta name=\"twitter:card\" content=\"summary_large_image\" \/>\n<meta name=\"twitter:label1\" content=\"Est. reading time\" \/>\n\t<meta name=\"twitter:data1\" content=\"5 minutes\" \/>\n<script type=\"application\/ld+json\" class=\"yoast-schema-graph\">{\"@context\":\"https:\/\/schema.org\",\"@graph\":[{\"@type\":\"WebPage\",\"@id\":\"https:\/\/matkinh.webie.com.vn\/chinh-sach-bao-ve-thong-tin\/\",\"url\":\"https:\/\/matkinh.webie.com.vn\/chinh-sach-bao-ve-thong-tin\/\",\"name\":\"Ch\u00ednh s\u00e1ch b\u1ea3o v\u1ec7 th\u00f4ng tin c\u00e1 nh\u00e2n c\u1ee7a ng\u01b0\u1eddi ti\u00eau d\u00f9ng &#8211; M\u1eaft k\u00ednh Webie\",\"isPartOf\":{\"@id\":\"https:\/\/matkinh.webie.com.vn\/#website\"},\"datePublished\":\"2025-04-22T02:29:35+00:00\",\"dateModified\":\"2025-04-28T07:36:52+00:00\",\"breadcrumb\":{\"@id\":\"https:\/\/matkinh.webie.com.vn\/chinh-sach-bao-ve-thong-tin\/#breadcrumb\"},\"inLanguage\":\"en-US\",\"potentialAction\":[{\"@type\":\"ReadAction\",\"target\":[\"https:\/\/matkinh.webie.com.vn\/chinh-sach-bao-ve-thong-tin\/\"]}]},{\"@type\":\"BreadcrumbList\",\"@id\":\"https:\/\/matkinh.webie.com.vn\/chinh-sach-bao-ve-thong-tin\/#breadcrumb\",\"itemListElement\":[{\"@type\":\"ListItem\",\"position\":1,\"name\":\"Home\",\"item\":\"https:\/\/matkinh.webie.com.vn\/\"},{\"@type\":\"ListItem\",\"position\":2,\"name\":\"Ch\u00ednh s\u00e1ch b\u1ea3o v\u1ec7 th\u00f4ng tin c\u00e1 nh\u00e2n c\u1ee7a ng\u01b0\u1eddi ti\u00eau d\u00f9ng\"}]},{\"@type\":\"WebSite\",\"@id\":\"https:\/\/matkinh.webie.com.vn\/#website\",\"url\":\"https:\/\/matkinh.webie.com.vn\/\",\"name\":\"M\u1eaft k\u00ednh Webie\",\"description\":\"\",\"publisher\":{\"@id\":\"https:\/\/matkinh.webie.com.vn\/#organization\"},\"alternateName\":\"Webie Eyewear\",\"potentialAction\":[{\"@type\":\"SearchAction\",\"target\":{\"@type\":\"EntryPoint\",\"urlTemplate\":\"https:\/\/matkinh.webie.com.vn\/?s={search_term_string}\"},\"query-input\":\"required name=search_term_string\"}],\"inLanguage\":\"en-US\"},{\"@type\":\"Organization\",\"@id\":\"https:\/\/matkinh.webie.com.vn\/#organization\",\"name\":\"M\u1eaft k\u00ednh Webie\",\"url\":\"https:\/\/matkinh.webie.com.vn\/\",\"logo\":{\"@type\":\"ImageObject\",\"inLanguage\":\"en-US\",\"@id\":\"https:\/\/matkinh.webie.com.vn\/#\/schema\/logo\/image\/\",\"url\":\"https:\/\/matkinh.webie.com.vn\/wp-content\/uploads\/2024\/11\/Matkinh-webie-logo.png\",\"contentUrl\":\"https:\/\/matkinh.webie.com.vn\/wp-content\/uploads\/2024\/11\/Matkinh-webie-logo.png\",\"width\":500,\"height\":500,\"caption\":\"M\u1eaft k\u00ednh Webie\"},\"image\":{\"@id\":\"https:\/\/matkinh.webie.com.vn\/#\/schema\/logo\/image\/\"},\"sameAs\":[\"https:\/\/www.facebook.com\/webie.kinhmatonline\"]}]}<\/script>\n<!-- \/ Yoast SEO Premium plugin. -->","yoast_head_json":{"title":"Ch\u00ednh s\u00e1ch b\u1ea3o v\u1ec7 th\u00f4ng tin c\u00e1 nh\u00e2n c\u1ee7a ng\u01b0\u1eddi ti\u00eau d\u00f9ng &#8211; M\u1eaft k\u00ednh Webie","robots":{"index":"index","follow":"follow","max-snippet":"max-snippet:-1","max-image-preview":"max-image-preview:large","max-video-preview":"max-video-preview:-1"},"canonical":"https:\/\/matkinh.webie.com.vn\/en\/chinh-sach-bao-ve-thong-tin\/","og_locale":"en_US","og_type":"article","og_title":"Ch\u00ednh s\u00e1ch b\u1ea3o v\u1ec7 th\u00f4ng tin c\u00e1 nh\u00e2n c\u1ee7a ng\u01b0\u1eddi ti\u00eau d\u00f9ng","og_description":"\u0110\u1ecbnh v\u1ecb gi\u00e1 tr\u1ecb m\u1eaft k\u00ednh th\u1ecb tr\u01b0\u1eddng Vi\u1ec7t - c\u1eeda h\u00e0ng M\u1eaft k\u00ednh Online To\u00e0n qu\u1ed1c - M\u1eaft k\u00ednh Webie","og_url":"https:\/\/matkinh.webie.com.vn\/en\/chinh-sach-bao-ve-thong-tin\/","og_site_name":"M\u1eaft k\u00ednh Webie","article_publisher":"https:\/\/www.facebook.com\/webie.kinhmatonline","article_modified_time":"2025-04-28T07:36:52+00:00","og_image":[{"width":500,"height":500,"url":"https:\/\/matkinh.webie.com.vn\/wp-content\/uploads\/2024\/11\/Matkinh-webie-logo.png","type":"image\/png"}],"twitter_card":"summary_large_image","twitter_misc":{"Est. reading time":"5 minutes"},"schema":{"@context":"https:\/\/schema.org","@graph":[{"@type":"WebPage","@id":"https:\/\/matkinh.webie.com.vn\/chinh-sach-bao-ve-thong-tin\/","url":"https:\/\/matkinh.webie.com.vn\/chinh-sach-bao-ve-thong-tin\/","name":"Ch\u00ednh s\u00e1ch b\u1ea3o v\u1ec7 th\u00f4ng tin c\u00e1 nh\u00e2n c\u1ee7a ng\u01b0\u1eddi ti\u00eau d\u00f9ng &#8211; M\u1eaft k\u00ednh Webie","isPartOf":{"@id":"https:\/\/matkinh.webie.com.vn\/#website"},"datePublished":"2025-04-22T02:29:35+00:00","dateModified":"2025-04-28T07:36:52+00:00","breadcrumb":{"@id":"https:\/\/matkinh.webie.com.vn\/chinh-sach-bao-ve-thong-tin\/#breadcrumb"},"inLanguage":"en-US","potentialAction":[{"@type":"ReadAction","target":["https:\/\/matkinh.webie.com.vn\/chinh-sach-bao-ve-thong-tin\/"]}]},{"@type":"BreadcrumbList","@id":"https:\/\/matkinh.webie.com.vn\/chinh-sach-bao-ve-thong-tin\/#breadcrumb","itemListElement":[{"@type":"ListItem","position":1,"name":"Home","item":"https:\/\/matkinh.webie.com.vn\/"},{"@type":"ListItem","position":2,"name":"Ch\u00ednh s\u00e1ch b\u1ea3o v\u1ec7 th\u00f4ng tin c\u00e1 nh\u00e2n c\u1ee7a ng\u01b0\u1eddi ti\u00eau d\u00f9ng"}]},{"@type":"WebSite","@id":"https:\/\/matkinh.webie.com.vn\/#website","url":"https:\/\/matkinh.webie.com.vn\/","name":"M\u1eaft k\u00ednh Webie","description":"","publisher":{"@id":"https:\/\/matkinh.webie.com.vn\/#organization"},"alternateName":"Webie Eyewear","potentialAction":[{"@type":"SearchAction","target":{"@type":"EntryPoint","urlTemplate":"https:\/\/matkinh.webie.com.vn\/?s={search_term_string}"},"query-input":"required name=search_term_string"}],"inLanguage":"en-US"},{"@type":"Organization","@id":"https:\/\/matkinh.webie.com.vn\/#organization","name":"M\u1eaft k\u00ednh Webie","url":"https:\/\/matkinh.webie.com.vn\/","logo":{"@type":"ImageObject","inLanguage":"en-US","@id":"https:\/\/matkinh.webie.com.vn\/#\/schema\/logo\/image\/","url":"https:\/\/matkinh.webie.com.vn\/wp-content\/uploads\/2024\/11\/Matkinh-webie-logo.png","contentUrl":"https:\/\/matkinh.webie.com.vn\/wp-content\/uploads\/2024\/11\/Matkinh-webie-logo.png","width":500,"height":500,"caption":"M\u1eaft k\u00ednh Webie"},"image":{"@id":"https:\/\/matkinh.webie.com.vn\/#\/schema\/logo\/image\/"},"sameAs":["https:\/\/www.facebook.com\/webie.kinhmatonline"]}]}},"_links":{"self":[{"href":"https:\/\/matkinh.webie.com.vn\/en\/wp-json\/wp\/v2\/pages\/18902","targetHints":{"allow":["GET"]}}],"collection":[{"href":"https:\/\/matkinh.webie.com.vn\/en\/wp-json\/wp\/v2\/pages"}],"about":[{"href":"https:\/\/matkinh.webie.com.vn\/en\/wp-json\/wp\/v2\/types\/page"}],"author":[{"embeddable":true,"href":"https:\/\/matkinh.webie.com.vn\/en\/wp-json\/wp\/v2\/users\/25"}],"replies":[{"embeddable":true,"href":"https:\/\/matkinh.webie.com.vn\/en\/wp-json\/wp\/v2\/comments?post=18902"}],"version-history":[{"count":4,"href":"https:\/\/matkinh.webie.com.vn\/en\/wp-json\/wp\/v2\/pages\/18902\/revisions"}],"predecessor-version":[{"id":19114,"href":"https:\/\/matkinh.webie.com.vn\/en\/wp-json\/wp\/v2\/pages\/18902\/revisions\/19114"}],"wp:attachment":[{"href":"https:\/\/matkinh.webie.com.vn\/en\/wp-json\/wp\/v2\/media?parent=18902"}],"curies":[{"name":"wp","href":"https:\/\/api.w.org\/{rel}","templated":true}]}}