{"id":18906,"date":"2025-04-22T02:34:14","date_gmt":"2025-04-22T02:34:14","guid":{"rendered":"https:\/\/matkinh.webie.com.vn\/?page_id=18906"},"modified":"2025-04-22T02:34:17","modified_gmt":"2025-04-22T02:34:17","slug":"chinh-sach-giao-hang","status":"publish","type":"page","link":"https:\/\/matkinh.webie.com.vn\/en\/chinh-sach-giao-hang\/","title":{"rendered":"Ch\u00ednh s\u00e1ch giao h\u00e0ng"},"content":{"rendered":"<h4 class=\"wp-block-heading\" id=\"h-ph\u01b0\u01a1ng-th\u1ee9c-giao-hang\"><strong>PH\u01af\u01a0NG TH\u1ee8C GIAO H\u00c0NG<\/strong><\/h4><p>M\u1eaft k\u00ednh Webie h\u1ed7 tr\u1ee3:<\/p><ul class=\"wp-block-list\"><li><strong>Giao h\u00e0ng t\u1eadn n\u01a1i<\/strong> tr\u00ean to\u00e0n qu\u1ed1c th\u00f4ng qua c\u00e1c \u0111\u1ed1i t\u00e1c v\u1eadn chuy\u1ec3n nh\u01b0 Grab, Viettel Post, v\u00e0 B\u01b0u \u0111i\u1ec7n (B\u0110).<\/li>\n\n<li><strong>Nh\u1eadn h\u00e0ng tr\u1ef1c ti\u1ebfp t\u1ea1i c\u00f4ng ty<\/strong> \u0111\u1ed1i v\u1edbi kh\u00e1ch h\u00e0ng c\u00f3 nhu c\u1ea7u \u0111\u1ebfn l\u1ea5y tr\u1ef1c ti\u1ebfp.<\/li><\/ul><h4 class=\"wp-block-heading\" id=\"h-th\u1eddi-gian-giao-hang\"><strong>TH\u1edcI GIAN GIAO H\u00c0NG<\/strong><\/h4><p>Nh\u1eb1m mang \u0111\u1ebfn s\u1ef1 thu\u1eadn ti\u1ec7n t\u1ed1i \u0111a cho kh\u00e1ch h\u00e0ng, M\u1eaft k\u00ednh Webie h\u1ed7 tr\u1ee3 giao h\u00e0ng t\u1eadn n\u01a1i tr\u00ean to\u00e0n qu\u1ed1c. Sau khi nh\u1eadn \u0111\u01b0\u1ee3c \u0111\u01a1n \u0111\u1eb7t h\u00e0ng qua website, ch\u00fang t\u00f4i s\u1ebd x\u00e1c nh\u1eadn \u0111\u01a1n h\u00e0ng trong v\u00f2ng <strong>24 gi\u1edd<\/strong>.<\/p><ul class=\"wp-block-list\"><li><strong>N\u1ebfu s\u1ea3n ph\u1ea9m c\u00f3 s\u1eb5n trong kho<\/strong>, th\u1eddi gian x\u1eed l\u00fd v\u00e0 giao h\u00e0ng th\u01b0\u1eddng trong kho\u1ea3ng <strong>2\u20134 ng\u00e0y l\u00e0m vi\u1ec7c<\/strong>.<\/li>\n\n<li><strong>N\u1ebfu s\u1ea3n ph\u1ea9m kh\u00f4ng c\u00f3 s\u1eb5n<\/strong>, th\u1eddi gian giao h\u00e0ng d\u1ef1 ki\u1ebfn t\u1eeb <strong>1\u20132 tu\u1ea7n<\/strong>.<\/li><\/ul><p>Trong m\u1ed9t s\u1ed1 tr\u01b0\u1eddng h\u1ee3p b\u1ea5t kh\u1ea3 kh\u00e1ng, th\u1eddi gian giao h\u00e0ng c\u00f3 th\u1ec3 k\u00e9o d\u00e0i h\u01a1n d\u1ef1 ki\u1ebfn, bao g\u1ed3m:<\/p><ul class=\"wp-block-list\"><li>Kh\u00f4ng li\u00ean l\u1ea1c \u0111\u01b0\u1ee3c v\u1edbi kh\u00e1ch h\u00e0ng \u0111\u1ec3 x\u00e1c nh\u1eadn \u0111\u01a1n.<\/li>\n\n<li>\u0110\u1ecba ch\u1ec9 giao h\u00e0ng kh\u00f4ng r\u00f5 r\u00e0ng ho\u1eb7c kh\u00f3 t\u00ecm.<\/li>\n\n<li>Kh\u1ed1i l\u01b0\u1ee3ng \u0111\u01a1n h\u00e0ng t\u0103ng \u0111\u1ed9t bi\u1ebfn, g\u00e2y qu\u00e1 t\u1ea3i h\u1ec7 th\u1ed1ng x\u1eed l\u00fd.<\/li>\n\n<li>\u0110\u1ed1i t\u00e1c cung c\u1ea5p ho\u1eb7c \u0111\u01a1n v\u1ecb v\u1eadn chuy\u1ec3n giao h\u00e0ng ch\u1eadm h\u01a1n d\u1ef1 ki\u1ebfn.<\/li><\/ul><p>Webie cam k\u1ebft cung c\u1ea5p s\u1ea3n ph\u1ea9m v\u1edbi m\u1ee9c gi\u00e1 t\u1ed1t nh\u1ea5t, ph\u1ee5c v\u1ee5 kh\u00e1ch h\u00e0ng to\u00e0n qu\u1ed1c.<\/p><h4 class=\"wp-block-heading\" id=\"h-ph\u1ea1m-vi-giao-hang\"><strong>PH\u1ea0M VI GIAO H\u00c0NG<\/strong><\/h4><p>Ch\u00fang t\u00f4i giao h\u00e0ng to\u00e0n qu\u1ed1c. M\u1ed9t s\u1ed1 khu v\u1ef1c \u0111\u1eb7c bi\u1ec7t c\u00f3 th\u1ec3 y\u00eau c\u1ea7u th\u00eam th\u1eddi gian v\u1eadn chuy\u1ec3n ho\u1eb7c ph\u00e1t sinh chi ph\u00ed ri\u00eang \u2013 s\u1ebd \u0111\u01b0\u1ee3c th\u00f4ng b\u00e1o c\u1ee5 th\u1ec3 khi x\u00e1c nh\u1eadn \u0111\u01a1n h\u00e0ng.<\/p><h3 class=\"wp-block-heading\" id=\"h-chi-phi-v\u1eadn-chuy\u1ec3n\"><strong>CHI PH\u00cd V\u1eacN CHUY\u1ec2N<\/strong><\/h3><p>Ch\u00ednh s\u00e1ch ph\u00ed v\u1eadn chuy\u1ec3n t\u1ea1i M\u1eaft k\u00ednh Webie \u0111\u01b0\u1ee3c \u00e1p d\u1ee5ng nh\u01b0 sau:<\/p><ul class=\"wp-block-list\"><li><strong>\u0110\u01a1n h\u00e0ng d\u01b0\u1edbi 1.200.000\u0111<\/strong>: Ph\u00ed ship theo b\u1ea3ng gi\u00e1 c\u1ee7a Grab\/Viettel Post\/B\u01b0u \u0111i\u1ec7n.<\/li>\n\n<li><strong>\u0110\u01a1n h\u00e0ng t\u1eeb 1.200.000\u0111 \u0111\u1ebfn d\u01b0\u1edbi 2.000.000\u0111<\/strong>:<ul class=\"wp-block-list\"><li>H\u1ed7 tr\u1ee3 ph\u00ed Grab t\u1ed1i \u0111a <strong>25.000\u0111<\/strong>.<ul class=\"wp-block-list\"><li><strong>Mi\u1ec5n ph\u00ed v\u1eadn chuy\u1ec3n<\/strong> khi s\u1eed d\u1ee5ng Viettel Post ho\u1eb7c B\u01b0u \u0111i\u1ec7n.<\/li><\/ul><\/li><\/ul><\/li>\n\n<li><strong>\u0110\u01a1n h\u00e0ng t\u1eeb 2.000.000\u0111 tr\u1edf l\u00ean<\/strong>:<br>H\u1ed7 tr\u1ee3 ph\u00ed Grab t\u1ed1i \u0111a <strong>35.000\u0111<\/strong>.<br><strong>Mi\u1ec5n ph\u00ed v\u1eadn chuy\u1ec3n<\/strong> qua Viettel Post ho\u1eb7c B\u01b0u \u0111i\u1ec7n.<\/li><\/ul><h4 class=\"wp-block-heading\" id=\"h-trach-nhi\u1ec7m-s\u1ea3n-ph\u1ea9m-trong-qua-trinh-giao-hang\"><strong>TR\u00c1CH NHI\u1ec6M S\u1ea2N PH\u1ea8M TRONG QU\u00c1 TR\u00ccNH GIAO H\u00c0NG<\/strong><\/h4><p><strong>Khi kh\u00e1ch h\u00e0ng t\u1ef1 ch\u1ecdn \u0111\u01a1n v\u1ecb v\u1eadn chuy\u1ec3n:<\/strong><strong><br><\/strong>To\u00e0n b\u1ed9 r\u1ee7i ro (nh\u01b0 m\u1ea5t m\u00e1t, h\u01b0 h\u1ecfng) trong qu\u00e1 tr\u00ecnh giao h\u00e0ng s\u1ebd do kh\u00e1ch h\u00e0ng ch\u1ecbu tr\u00e1ch nhi\u1ec7m. M\u1eaft k\u00ednh Webie kh\u00f4ng ch\u1ecbu tr\u00e1ch nhi\u1ec7m cho t\u1ed5n th\u1ea5t x\u1ea3y ra v\u00e0 m\u1ecdi chi ph\u00ed ph\u00e1t sinh s\u1ebd do kh\u00e1ch h\u00e0ng chi tr\u1ea3.<\/p><p><strong>Khi M\u1eaft k\u00ednh Webie ch\u1ecdn \u0111\u01a1n v\u1ecb v\u1eadn chuy\u1ec3n:<\/strong><strong><br><\/strong>Ch\u00fang t\u00f4i s\u1ebd ho\u00e0n to\u00e0n ch\u1ecbu tr\u00e1ch nhi\u1ec7m v\u1ec1 s\u1ea3n ph\u1ea9m v\u00e0 c\u00e1c r\u1ee7i ro c\u00f3 th\u1ec3 x\u1ea3y ra trong qu\u00e1 tr\u00ecnh v\u1eadn chuy\u1ec3n \u0111\u1ebfn \u0111\u1ecba ch\u1ec9 kh\u00e1ch h\u00e0ng cung c\u1ea5p.<\/p><p><strong>L\u01b0u \u00fd khi nh\u1eadn h\u00e0ng:<\/strong><strong><br><\/strong>Qu\u00fd kh\u00e1ch vui l\u00f2ng ki\u1ec3m tra k\u1ef9 s\u1ea3n ph\u1ea9m ngay khi nh\u1eadn. Trong tr\u01b0\u1eddng h\u1ee3p s\u1ea3n ph\u1ea9m b\u1ecb l\u1ed7i, tr\u1ea7y x\u01b0\u1edbc, b\u1ec3 v\u1ee1, sai m\u1eabu\u2026, qu\u00fd kh\u00e1ch vui l\u00f2ng ghi ch\u00fa t\u00ecnh tr\u1ea1ng h\u00e0ng h\u00f3a v\u00e0 k\u00fd x\u00e1c nh\u1eadn v\u1edbi nh\u00e2n vi\u00ean giao nh\u1eadn, sau \u0111\u00f3 li\u00ean h\u1ec7 ngay v\u1edbi M\u1eaft k\u00ednh Webie \u0111\u1ec3 \u0111\u01b0\u1ee3c h\u1ed7 tr\u1ee3 \u0111\u1ed5i\/tr\u1ea3 h\u00e0ng.<\/p><p>N\u1ebfu qu\u00fd kh\u00e1ch \u0111\u00e3 k\u00fd nh\u1eadn m\u00e0 kh\u00f4ng ghi ch\u00fa g\u00ec, c\u00e1c y\u00eau c\u1ea7u \u0111\u1ed5i tr\u1ea3 sau n\u00e0y (do l\u1ed7i v\u1eadt l\u00fd kh\u00f4ng thu\u1ed9c ph\u1ea1m vi b\u1ea3o h\u00e0nh) s\u1ebd \u0111\u01b0\u1ee3c x\u1eed l\u00fd v\u00e0 t\u00ednh ph\u00ed theo quy \u0111\u1ecbnh.<\/p><p>Ch\u00fang t\u00f4i s\u1ebd li\u00ean h\u1ec7 tr\u01b0\u1edbc khi giao h\u00e0ng. R\u1ea5t mong qu\u00fd kh\u00e1ch th\u00f4ng c\u1ea3m n\u1ebfu c\u00f3 s\u1ef1 ch\u1eadm tr\u1ec5 v\u00ec \u0111i\u1ec1u ki\u1ec7n th\u1eddi ti\u1ebft, giao th\u00f4ng, s\u1ef1 c\u1ed1 k\u1ef9 thu\u1eadt ho\u1eb7c v\u1ea5n \u0111\u1ec1 trong quy tr\u00ecnh s\u1ea3n xu\u1ea5t.<\/p><p><strong>Th\u00f4ng b\u00e1o trong tr\u01b0\u1eddng h\u1ee3p giao h\u00e0ng ch\u1eadm tr\u1ec5<\/strong><\/p><p>Trong tr\u01b0\u1eddng h\u1ee3p c\u00f3 s\u1ef1 c\u1ed1 ngo\u00e0i \u00fd mu\u1ed1n d\u1eabn \u0111\u1ebfn vi\u1ec7c giao h\u00e0ng ch\u1eadm tr\u1ec5 (v\u00ed d\u1ee5: th\u1eddi ti\u1ebft x\u1ea5u, t\u1eafc ngh\u1ebdn giao th\u00f4ng, l\u1ed7i k\u1ef9 thu\u1eadt t\u1eeb nh\u00e0 cung c\u1ea5p ho\u1eb7c \u0111\u01a1n v\u1ecb v\u1eadn chuy\u1ec3n), M\u1eaft k\u00ednh Webie s\u1ebd ch\u1ee7 \u0111\u1ed9ng li\u00ean h\u1ec7 \u0111\u1ec3 th\u00f4ng b\u00e1o k\u1ecbp th\u1eddi.<\/p>","protected":false},"excerpt":{"rendered":"<p>PH\u01af\u01a0NG TH\u1ee8C GIAO H\u00c0NG M\u1eaft k\u00ednh Webie h\u1ed7 tr\u1ee3: TH\u1edcI GIAN GIAO H\u00c0NG Nh\u1eb1m mang \u0111\u1ebfn s\u1ef1 thu\u1eadn ti\u1ec7n t\u1ed1i<\/p>","protected":false},"author":25,"featured_media":0,"parent":0,"menu_order":0,"comment_status":"closed","ping_status":"closed","template":"","meta":{"footnotes":""},"class_list":["post-18906","page","type-page","status-publish","hentry"],"yoast_head":"<!-- This site is optimized with the Yoast SEO Premium plugin v23.2 (Yoast SEO v23.2) - https:\/\/yoast.com\/wordpress\/plugins\/seo\/ -->\n<title>Ch\u00ednh s\u00e1ch giao h\u00e0ng &#8211; M\u1eaft k\u00ednh Webie<\/title>\n<meta name=\"robots\" content=\"index, follow, max-snippet:-1, max-image-preview:large, max-video-preview:-1\" \/>\n<link rel=\"canonical\" href=\"https:\/\/matkinh.webie.com.vn\/en\/chinh-sach-giao-hang\/\" \/>\n<meta property=\"og:locale\" content=\"en_US\" \/>\n<meta property=\"og:type\" content=\"article\" \/>\n<meta property=\"og:title\" content=\"Ch\u00ednh s\u00e1ch giao h\u00e0ng\" \/>\n<meta property=\"og:description\" content=\"\u0110\u1ecbnh v\u1ecb gi\u00e1 tr\u1ecb m\u1eaft k\u00ednh th\u1ecb tr\u01b0\u1eddng Vi\u1ec7t - c\u1eeda h\u00e0ng M\u1eaft k\u00ednh Online To\u00e0n qu\u1ed1c - M\u1eaft k\u00ednh Webie\" \/>\n<meta property=\"og:url\" content=\"https:\/\/matkinh.webie.com.vn\/en\/chinh-sach-giao-hang\/\" \/>\n<meta property=\"og:site_name\" content=\"M\u1eaft k\u00ednh Webie\" \/>\n<meta property=\"article:publisher\" content=\"https:\/\/www.facebook.com\/webie.kinhmatonline\" \/>\n<meta property=\"article:modified_time\" content=\"2025-04-22T02:34:17+00:00\" \/>\n<meta property=\"og:image\" content=\"https:\/\/matkinh.webie.com.vn\/wp-content\/uploads\/2024\/11\/Matkinh-webie-logo.png\" \/>\n\t<meta property=\"og:image:width\" content=\"500\" \/>\n\t<meta property=\"og:image:height\" content=\"500\" \/>\n\t<meta property=\"og:image:type\" content=\"image\/png\" \/>\n<meta name=\"twitter:card\" content=\"summary_large_image\" \/>\n<meta name=\"twitter:label1\" content=\"Est. reading time\" \/>\n\t<meta name=\"twitter:data1\" content=\"4 minutes\" \/>\n<script type=\"application\/ld+json\" class=\"yoast-schema-graph\">{\"@context\":\"https:\/\/schema.org\",\"@graph\":[{\"@type\":\"WebPage\",\"@id\":\"https:\/\/matkinh.webie.com.vn\/chinh-sach-giao-hang\/\",\"url\":\"https:\/\/matkinh.webie.com.vn\/chinh-sach-giao-hang\/\",\"name\":\"Ch\u00ednh s\u00e1ch giao h\u00e0ng &#8211; M\u1eaft k\u00ednh Webie\",\"isPartOf\":{\"@id\":\"https:\/\/matkinh.webie.com.vn\/#website\"},\"datePublished\":\"2025-04-22T02:34:14+00:00\",\"dateModified\":\"2025-04-22T02:34:17+00:00\",\"breadcrumb\":{\"@id\":\"https:\/\/matkinh.webie.com.vn\/chinh-sach-giao-hang\/#breadcrumb\"},\"inLanguage\":\"en-US\",\"potentialAction\":[{\"@type\":\"ReadAction\",\"target\":[\"https:\/\/matkinh.webie.com.vn\/chinh-sach-giao-hang\/\"]}]},{\"@type\":\"BreadcrumbList\",\"@id\":\"https:\/\/matkinh.webie.com.vn\/chinh-sach-giao-hang\/#breadcrumb\",\"itemListElement\":[{\"@type\":\"ListItem\",\"position\":1,\"name\":\"Home\",\"item\":\"https:\/\/matkinh.webie.com.vn\/\"},{\"@type\":\"ListItem\",\"position\":2,\"name\":\"Ch\u00ednh s\u00e1ch giao h\u00e0ng\"}]},{\"@type\":\"WebSite\",\"@id\":\"https:\/\/matkinh.webie.com.vn\/#website\",\"url\":\"https:\/\/matkinh.webie.com.vn\/\",\"name\":\"M\u1eaft k\u00ednh Webie\",\"description\":\"\",\"publisher\":{\"@id\":\"https:\/\/matkinh.webie.com.vn\/#organization\"},\"alternateName\":\"Webie Eyewear\",\"potentialAction\":[{\"@type\":\"SearchAction\",\"target\":{\"@type\":\"EntryPoint\",\"urlTemplate\":\"https:\/\/matkinh.webie.com.vn\/?s={search_term_string}\"},\"query-input\":\"required name=search_term_string\"}],\"inLanguage\":\"en-US\"},{\"@type\":\"Organization\",\"@id\":\"https:\/\/matkinh.webie.com.vn\/#organization\",\"name\":\"M\u1eaft k\u00ednh Webie\",\"url\":\"https:\/\/matkinh.webie.com.vn\/\",\"logo\":{\"@type\":\"ImageObject\",\"inLanguage\":\"en-US\",\"@id\":\"https:\/\/matkinh.webie.com.vn\/#\/schema\/logo\/image\/\",\"url\":\"https:\/\/matkinh.webie.com.vn\/wp-content\/uploads\/2024\/11\/Matkinh-webie-logo.png\",\"contentUrl\":\"https:\/\/matkinh.webie.com.vn\/wp-content\/uploads\/2024\/11\/Matkinh-webie-logo.png\",\"width\":500,\"height\":500,\"caption\":\"M\u1eaft k\u00ednh Webie\"},\"image\":{\"@id\":\"https:\/\/matkinh.webie.com.vn\/#\/schema\/logo\/image\/\"},\"sameAs\":[\"https:\/\/www.facebook.com\/webie.kinhmatonline\"]}]}<\/script>\n<!-- \/ Yoast SEO Premium plugin. -->","yoast_head_json":{"title":"Ch\u00ednh s\u00e1ch giao h\u00e0ng &#8211; M\u1eaft k\u00ednh Webie","robots":{"index":"index","follow":"follow","max-snippet":"max-snippet:-1","max-image-preview":"max-image-preview:large","max-video-preview":"max-video-preview:-1"},"canonical":"https:\/\/matkinh.webie.com.vn\/en\/chinh-sach-giao-hang\/","og_locale":"en_US","og_type":"article","og_title":"Ch\u00ednh s\u00e1ch giao h\u00e0ng","og_description":"\u0110\u1ecbnh v\u1ecb gi\u00e1 tr\u1ecb m\u1eaft k\u00ednh th\u1ecb tr\u01b0\u1eddng Vi\u1ec7t - c\u1eeda h\u00e0ng M\u1eaft k\u00ednh Online To\u00e0n qu\u1ed1c - M\u1eaft k\u00ednh Webie","og_url":"https:\/\/matkinh.webie.com.vn\/en\/chinh-sach-giao-hang\/","og_site_name":"M\u1eaft k\u00ednh Webie","article_publisher":"https:\/\/www.facebook.com\/webie.kinhmatonline","article_modified_time":"2025-04-22T02:34:17+00:00","og_image":[{"width":500,"height":500,"url":"https:\/\/matkinh.webie.com.vn\/wp-content\/uploads\/2024\/11\/Matkinh-webie-logo.png","type":"image\/png"}],"twitter_card":"summary_large_image","twitter_misc":{"Est. reading time":"4 minutes"},"schema":{"@context":"https:\/\/schema.org","@graph":[{"@type":"WebPage","@id":"https:\/\/matkinh.webie.com.vn\/chinh-sach-giao-hang\/","url":"https:\/\/matkinh.webie.com.vn\/chinh-sach-giao-hang\/","name":"Ch\u00ednh s\u00e1ch giao h\u00e0ng &#8211; M\u1eaft k\u00ednh Webie","isPartOf":{"@id":"https:\/\/matkinh.webie.com.vn\/#website"},"datePublished":"2025-04-22T02:34:14+00:00","dateModified":"2025-04-22T02:34:17+00:00","breadcrumb":{"@id":"https:\/\/matkinh.webie.com.vn\/chinh-sach-giao-hang\/#breadcrumb"},"inLanguage":"en-US","potentialAction":[{"@type":"ReadAction","target":["https:\/\/matkinh.webie.com.vn\/chinh-sach-giao-hang\/"]}]},{"@type":"BreadcrumbList","@id":"https:\/\/matkinh.webie.com.vn\/chinh-sach-giao-hang\/#breadcrumb","itemListElement":[{"@type":"ListItem","position":1,"name":"Home","item":"https:\/\/matkinh.webie.com.vn\/"},{"@type":"ListItem","position":2,"name":"Ch\u00ednh s\u00e1ch giao h\u00e0ng"}]},{"@type":"WebSite","@id":"https:\/\/matkinh.webie.com.vn\/#website","url":"https:\/\/matkinh.webie.com.vn\/","name":"M\u1eaft k\u00ednh Webie","description":"","publisher":{"@id":"https:\/\/matkinh.webie.com.vn\/#organization"},"alternateName":"Webie Eyewear","potentialAction":[{"@type":"SearchAction","target":{"@type":"EntryPoint","urlTemplate":"https:\/\/matkinh.webie.com.vn\/?s={search_term_string}"},"query-input":"required name=search_term_string"}],"inLanguage":"en-US"},{"@type":"Organization","@id":"https:\/\/matkinh.webie.com.vn\/#organization","name":"M\u1eaft k\u00ednh Webie","url":"https:\/\/matkinh.webie.com.vn\/","logo":{"@type":"ImageObject","inLanguage":"en-US","@id":"https:\/\/matkinh.webie.com.vn\/#\/schema\/logo\/image\/","url":"https:\/\/matkinh.webie.com.vn\/wp-content\/uploads\/2024\/11\/Matkinh-webie-logo.png","contentUrl":"https:\/\/matkinh.webie.com.vn\/wp-content\/uploads\/2024\/11\/Matkinh-webie-logo.png","width":500,"height":500,"caption":"M\u1eaft k\u00ednh Webie"},"image":{"@id":"https:\/\/matkinh.webie.com.vn\/#\/schema\/logo\/image\/"},"sameAs":["https:\/\/www.facebook.com\/webie.kinhmatonline"]}]}},"_links":{"self":[{"href":"https:\/\/matkinh.webie.com.vn\/en\/wp-json\/wp\/v2\/pages\/18906","targetHints":{"allow":["GET"]}}],"collection":[{"href":"https:\/\/matkinh.webie.com.vn\/en\/wp-json\/wp\/v2\/pages"}],"about":[{"href":"https:\/\/matkinh.webie.com.vn\/en\/wp-json\/wp\/v2\/types\/page"}],"author":[{"embeddable":true,"href":"https:\/\/matkinh.webie.com.vn\/en\/wp-json\/wp\/v2\/users\/25"}],"replies":[{"embeddable":true,"href":"https:\/\/matkinh.webie.com.vn\/en\/wp-json\/wp\/v2\/comments?post=18906"}],"version-history":[{"count":1,"href":"https:\/\/matkinh.webie.com.vn\/en\/wp-json\/wp\/v2\/pages\/18906\/revisions"}],"predecessor-version":[{"id":18907,"href":"https:\/\/matkinh.webie.com.vn\/en\/wp-json\/wp\/v2\/pages\/18906\/revisions\/18907"}],"wp:attachment":[{"href":"https:\/\/matkinh.webie.com.vn\/en\/wp-json\/wp\/v2\/media?parent=18906"}],"curies":[{"name":"wp","href":"https:\/\/api.w.org\/{rel}","templated":true}]}}