{"id":18909,"date":"2025-04-22T02:37:26","date_gmt":"2025-04-22T02:37:26","guid":{"rendered":"https:\/\/matkinh.webie.com.vn\/?page_id=18909"},"modified":"2025-04-22T02:37:29","modified_gmt":"2025-04-22T02:37:29","slug":"chinh-sach-kiem-hang","status":"publish","type":"page","link":"https:\/\/matkinh.webie.com.vn\/en\/chinh-sach-kiem-hang\/","title":{"rendered":"Ch\u00ednh s\u00e1ch ki\u1ec3m h\u00e0ng"},"content":{"rendered":"<h4 class=\"wp-block-heading\" id=\"h-quy\u1ec1n-ki\u1ec3m-tra-hang-hoa\"><strong>QUY\u1ec0N KI\u1ec2M TRA H\u00c0NG H\u00d3A<\/strong><\/h4><p>M\u1eaft k\u00ednh Webie lu\u00f4n \u0111\u1ec1 cao quy\u1ec1n l\u1ee3i v\u00e0 s\u1ef1 an t\u00e2m c\u1ee7a kh\u00e1ch h\u00e0ng khi nh\u1eadn h\u00e0ng. V\u00ec v\u1eady, tr\u01b0\u1edbc khi thanh to\u00e1n, <strong>qu\u00fd kh\u00e1ch c\u00f3 quy\u1ec1n ki\u1ec3m tra s\u1ea3n ph\u1ea9m<\/strong> \u0111\u1ec3 \u0111\u1ea3m b\u1ea3o:<\/p><ul class=\"wp-block-list\"><li>\u0110\u00fang m\u1eabu m\u00e3, m\u00e0u s\u1eafc, s\u1ed1 l\u01b0\u1ee3ng nh\u01b0 \u0111\u01a1n \u0111\u00e3 \u0111\u1eb7t;<\/li>\n\n<li>Khi nh\u1eadn \u0111\u01b0\u1ee3c s\u1ea3n ph\u1ea9m, qu\u00fd kh\u00e1ch vui l\u00f2ng ki\u1ec3m tra k\u1ef9 l\u01b0\u1ee1ng tr\u01b0\u1edbc khi k\u00fd nh\u1eadn.<\/li><\/ul><h4 class=\"wp-block-heading\" id=\"h-quy-trinh-ki\u1ec3m-hang\"><strong>QUY TR\u00ccNH KI\u1ec2M H\u00c0NG<\/strong><\/h4><ul class=\"wp-block-list\"><li>Khi \u0111\u01a1n h\u00e0ng \u0111\u01b0\u1ee3c giao t\u1edbi, qu\u00fd kh\u00e1ch <strong>vui l\u00f2ng m\u1edf g\u00f3i h\u00e0ng t\u1ea1i ch\u1ed7<\/strong>, ki\u1ec3m tra s\u1ea3n ph\u1ea9m tr\u01b0\u1edbc m\u1eb7t nh\u00e2n vi\u00ean giao h\u00e0ng.<\/li>\n\n<li>N\u1ebfu s\u1ea3n ph\u1ea9m \u0111\u00fang nh\u01b0 \u0111\u01a1n \u0111\u1eb7t h\u00e0ng, kh\u00f4ng c\u00f3 v\u1ea5n \u0111\u1ec1 ph\u00e1t sinh, qu\u00fd kh\u00e1ch ti\u1ebfn h\u00e0nh <strong>thanh to\u00e1n \u0111\u1ea7y \u0111\u1ee7<\/strong> v\u1edbi nh\u00e2n vi\u00ean giao h\u00e0ng (\u00e1p d\u1ee5ng cho h\u00ecnh th\u1ee9c <strong>COD \u2013 giao h\u00e0ng thu ti\u1ec1n<\/strong>).<br>N\u1ebfu c\u00f3 b\u1ea5t k\u1ef3 v\u1ea5n \u0111\u1ec1 n\u00e0o li\u00ean quan \u0111\u1ebfn ch\u1ea5t l\u01b0\u1ee3ng, h\u00e3y th\u00f4ng b\u00e1o ngay cho M\u1eaft K\u00ednh Webie qua hotline: 0969 838 467 \u0111\u1ec3 \u0111\u01b0\u1ee3c th\u1ec3 h\u1ed7 tr\u1ee3 trong vi\u1ec7c \u0111\u1ed5i\/tr\u1ea3 h\u00e0ng theo quy \u0111\u1ecbnh.<\/li><\/ul><h4 class=\"wp-block-heading\" id=\"h-chi-phi-hoan-hang-khi-t\u1eeb-ch\u1ed1i-nh\u1eadn\"><strong>CHI PH\u00cd HO\u00c0N H\u00c0NG KHI T\u1eea CH\u1ed0I NH\u1eacN<\/strong><\/h4><p>N\u1ebfu qu\u00fd kh\u00e1ch t\u1eeb ch\u1ed1i nh\u1eadn h\u00e0ng v\u00ec l\u00fd do kh\u00f4ng mong mu\u1ed1n s\u1ea3n ph\u1ea9m, <strong>Webie s\u1ebd thu th\u00eam chi ph\u00ed ho\u00e0n h\u00e0ng<\/strong>, t\u01b0\u01a1ng \u0111\u01b0\u01a1ng v\u1edbi <strong>ph\u00ed giao h\u00e0ng c\u1ee7a \u0111\u01a1n h\u00e0ng ban \u0111\u1ea7u<\/strong> (\u00e1p d\u1ee5ng c\u1ea3 trong tr\u01b0\u1eddng h\u1ee3p mi\u1ec5n ph\u00ed v\u1eadn chuy\u1ec3n).&nbsp;<\/p><h4 class=\"wp-block-heading\" id=\"h-trach-nhi\u1ec7m-va-l\u01b0u-y-khi-ki\u1ec3m-hang\"><strong>TR\u00c1CH NHI\u1ec6M V\u00c0 L\u01afU \u00dd KHI KI\u1ec2M H\u00c0NG<\/strong><\/h4><ul class=\"wp-block-list\"><li><strong>Nh\u00e2n vi\u00ean giao h\u00e0ng c\u00f3 ngh\u0129a v\u1ee5 ch\u1edd qu\u00fd kh\u00e1ch ki\u1ec3m tra s\u1ea3n ph\u1ea9m.<\/strong> Tr\u01b0\u1eddng h\u1ee3p nh\u00e2n vi\u00ean t\u1eeb ch\u1ed1i, qu\u00fd kh\u00e1ch <strong>li\u00ean h\u1ec7 ngay s\u1ed1 \u0111i\u1ec7n tho\u1ea1i 0969 838 467 <\/strong>\u0111\u1ec3 \u0111\u01b0\u1ee3c h\u1ed7 tr\u1ee3 k\u1ecbp th\u1eddi t\u1eeb M\u1eaft k\u00ednh Webie.<\/li>\n\n<li>Khi ki\u1ec3m h\u00e0ng, qu\u00fd kh\u00e1ch <strong>kh\u00f4ng n\u00ean s\u1eed d\u1ee5ng v\u1eadt s\u1eafc nh\u1ecdn<\/strong> (dao, k\u00e9o&#8230;) \u0111\u1ec3 m\u1edf g\u00f3i, tr\u00e1nh l\u00e0m h\u01b0 h\u1ecfng s\u1ea3n ph\u1ea9m.<\/li>\n\n<li>N\u1ebfu s\u1ea3n ph\u1ea9m b\u1ecb h\u01b0 h\u1ea1i do l\u1ed7i c\u1ee7a ng\u01b0\u1eddi nh\u1eadn trong qu\u00e1 tr\u00ecnh ki\u1ec3m h\u00e0ng, M\u1eaft k\u00ednh Webie <strong>r\u1ea5t ti\u1ebfc kh\u00f4ng th\u1ec3 h\u1ed7 tr\u1ee3 \u0111\u1ed5i tr\u1ea3 ho\u1eb7c b\u1ea3o h\u00e0nh<\/strong> trong tr\u01b0\u1eddng h\u1ee3p n\u00e0y.<\/li><\/ul><p><\/p>","protected":false},"excerpt":{"rendered":"<p>QUY\u1ec0N KI\u1ec2M TRA H\u00c0NG H\u00d3A M\u1eaft k\u00ednh Webie lu\u00f4n \u0111\u1ec1 cao quy\u1ec1n l\u1ee3i v\u00e0 s\u1ef1 an t\u00e2m c\u1ee7a kh\u00e1ch h\u00e0ng<\/p>","protected":false},"author":25,"featured_media":0,"parent":0,"menu_order":0,"comment_status":"closed","ping_status":"closed","template":"","meta":{"footnotes":""},"class_list":["post-18909","page","type-page","status-publish","hentry"],"yoast_head":"<!-- This site is optimized with the Yoast SEO Premium plugin v23.2 (Yoast SEO v23.2) - https:\/\/yoast.com\/wordpress\/plugins\/seo\/ -->\n<title>Ch\u00ednh s\u00e1ch ki\u1ec3m h\u00e0ng &#8211; M\u1eaft k\u00ednh Webie<\/title>\n<meta name=\"robots\" content=\"index, follow, max-snippet:-1, max-image-preview:large, max-video-preview:-1\" \/>\n<link rel=\"canonical\" href=\"https:\/\/matkinh.webie.com.vn\/en\/chinh-sach-kiem-hang\/\" \/>\n<meta property=\"og:locale\" content=\"en_US\" \/>\n<meta property=\"og:type\" content=\"article\" \/>\n<meta property=\"og:title\" content=\"Ch\u00ednh s\u00e1ch ki\u1ec3m h\u00e0ng\" \/>\n<meta property=\"og:description\" content=\"\u0110\u1ecbnh v\u1ecb gi\u00e1 tr\u1ecb m\u1eaft k\u00ednh th\u1ecb tr\u01b0\u1eddng Vi\u1ec7t - c\u1eeda h\u00e0ng M\u1eaft k\u00ednh Online To\u00e0n qu\u1ed1c - M\u1eaft k\u00ednh Webie\" \/>\n<meta property=\"og:url\" content=\"https:\/\/matkinh.webie.com.vn\/en\/chinh-sach-kiem-hang\/\" \/>\n<meta property=\"og:site_name\" content=\"M\u1eaft k\u00ednh Webie\" \/>\n<meta property=\"article:publisher\" content=\"https:\/\/www.facebook.com\/webie.kinhmatonline\" \/>\n<meta property=\"article:modified_time\" content=\"2025-04-22T02:37:29+00:00\" \/>\n<meta property=\"og:image\" content=\"https:\/\/matkinh.webie.com.vn\/wp-content\/uploads\/2024\/11\/Matkinh-webie-logo.png\" \/>\n\t<meta property=\"og:image:width\" content=\"500\" \/>\n\t<meta property=\"og:image:height\" content=\"500\" \/>\n\t<meta property=\"og:image:type\" content=\"image\/png\" \/>\n<meta name=\"twitter:card\" content=\"summary_large_image\" \/>\n<meta name=\"twitter:label1\" content=\"Est. reading time\" \/>\n\t<meta name=\"twitter:data1\" content=\"2 minutes\" \/>\n<script type=\"application\/ld+json\" class=\"yoast-schema-graph\">{\"@context\":\"https:\/\/schema.org\",\"@graph\":[{\"@type\":\"WebPage\",\"@id\":\"https:\/\/matkinh.webie.com.vn\/chinh-sach-kiem-hang\/\",\"url\":\"https:\/\/matkinh.webie.com.vn\/chinh-sach-kiem-hang\/\",\"name\":\"Ch\u00ednh s\u00e1ch ki\u1ec3m h\u00e0ng &#8211; M\u1eaft k\u00ednh Webie\",\"isPartOf\":{\"@id\":\"https:\/\/matkinh.webie.com.vn\/#website\"},\"datePublished\":\"2025-04-22T02:37:26+00:00\",\"dateModified\":\"2025-04-22T02:37:29+00:00\",\"breadcrumb\":{\"@id\":\"https:\/\/matkinh.webie.com.vn\/chinh-sach-kiem-hang\/#breadcrumb\"},\"inLanguage\":\"en-US\",\"potentialAction\":[{\"@type\":\"ReadAction\",\"target\":[\"https:\/\/matkinh.webie.com.vn\/chinh-sach-kiem-hang\/\"]}]},{\"@type\":\"BreadcrumbList\",\"@id\":\"https:\/\/matkinh.webie.com.vn\/chinh-sach-kiem-hang\/#breadcrumb\",\"itemListElement\":[{\"@type\":\"ListItem\",\"position\":1,\"name\":\"Home\",\"item\":\"https:\/\/matkinh.webie.com.vn\/\"},{\"@type\":\"ListItem\",\"position\":2,\"name\":\"Ch\u00ednh s\u00e1ch ki\u1ec3m h\u00e0ng\"}]},{\"@type\":\"WebSite\",\"@id\":\"https:\/\/matkinh.webie.com.vn\/#website\",\"url\":\"https:\/\/matkinh.webie.com.vn\/\",\"name\":\"M\u1eaft k\u00ednh Webie\",\"description\":\"\",\"publisher\":{\"@id\":\"https:\/\/matkinh.webie.com.vn\/#organization\"},\"alternateName\":\"Webie Eyewear\",\"potentialAction\":[{\"@type\":\"SearchAction\",\"target\":{\"@type\":\"EntryPoint\",\"urlTemplate\":\"https:\/\/matkinh.webie.com.vn\/?s={search_term_string}\"},\"query-input\":\"required name=search_term_string\"}],\"inLanguage\":\"en-US\"},{\"@type\":\"Organization\",\"@id\":\"https:\/\/matkinh.webie.com.vn\/#organization\",\"name\":\"M\u1eaft k\u00ednh Webie\",\"url\":\"https:\/\/matkinh.webie.com.vn\/\",\"logo\":{\"@type\":\"ImageObject\",\"inLanguage\":\"en-US\",\"@id\":\"https:\/\/matkinh.webie.com.vn\/#\/schema\/logo\/image\/\",\"url\":\"https:\/\/matkinh.webie.com.vn\/wp-content\/uploads\/2024\/11\/Matkinh-webie-logo.png\",\"contentUrl\":\"https:\/\/matkinh.webie.com.vn\/wp-content\/uploads\/2024\/11\/Matkinh-webie-logo.png\",\"width\":500,\"height\":500,\"caption\":\"M\u1eaft k\u00ednh Webie\"},\"image\":{\"@id\":\"https:\/\/matkinh.webie.com.vn\/#\/schema\/logo\/image\/\"},\"sameAs\":[\"https:\/\/www.facebook.com\/webie.kinhmatonline\"]}]}<\/script>\n<!-- \/ Yoast SEO Premium plugin. -->","yoast_head_json":{"title":"Ch\u00ednh s\u00e1ch ki\u1ec3m h\u00e0ng &#8211; M\u1eaft k\u00ednh Webie","robots":{"index":"index","follow":"follow","max-snippet":"max-snippet:-1","max-image-preview":"max-image-preview:large","max-video-preview":"max-video-preview:-1"},"canonical":"https:\/\/matkinh.webie.com.vn\/en\/chinh-sach-kiem-hang\/","og_locale":"en_US","og_type":"article","og_title":"Ch\u00ednh s\u00e1ch ki\u1ec3m h\u00e0ng","og_description":"\u0110\u1ecbnh v\u1ecb gi\u00e1 tr\u1ecb m\u1eaft k\u00ednh th\u1ecb tr\u01b0\u1eddng Vi\u1ec7t - c\u1eeda h\u00e0ng M\u1eaft k\u00ednh Online To\u00e0n qu\u1ed1c - M\u1eaft k\u00ednh Webie","og_url":"https:\/\/matkinh.webie.com.vn\/en\/chinh-sach-kiem-hang\/","og_site_name":"M\u1eaft k\u00ednh Webie","article_publisher":"https:\/\/www.facebook.com\/webie.kinhmatonline","article_modified_time":"2025-04-22T02:37:29+00:00","og_image":[{"width":500,"height":500,"url":"https:\/\/matkinh.webie.com.vn\/wp-content\/uploads\/2024\/11\/Matkinh-webie-logo.png","type":"image\/png"}],"twitter_card":"summary_large_image","twitter_misc":{"Est. reading time":"2 minutes"},"schema":{"@context":"https:\/\/schema.org","@graph":[{"@type":"WebPage","@id":"https:\/\/matkinh.webie.com.vn\/chinh-sach-kiem-hang\/","url":"https:\/\/matkinh.webie.com.vn\/chinh-sach-kiem-hang\/","name":"Ch\u00ednh s\u00e1ch ki\u1ec3m h\u00e0ng &#8211; M\u1eaft k\u00ednh Webie","isPartOf":{"@id":"https:\/\/matkinh.webie.com.vn\/#website"},"datePublished":"2025-04-22T02:37:26+00:00","dateModified":"2025-04-22T02:37:29+00:00","breadcrumb":{"@id":"https:\/\/matkinh.webie.com.vn\/chinh-sach-kiem-hang\/#breadcrumb"},"inLanguage":"en-US","potentialAction":[{"@type":"ReadAction","target":["https:\/\/matkinh.webie.com.vn\/chinh-sach-kiem-hang\/"]}]},{"@type":"BreadcrumbList","@id":"https:\/\/matkinh.webie.com.vn\/chinh-sach-kiem-hang\/#breadcrumb","itemListElement":[{"@type":"ListItem","position":1,"name":"Home","item":"https:\/\/matkinh.webie.com.vn\/"},{"@type":"ListItem","position":2,"name":"Ch\u00ednh s\u00e1ch ki\u1ec3m h\u00e0ng"}]},{"@type":"WebSite","@id":"https:\/\/matkinh.webie.com.vn\/#website","url":"https:\/\/matkinh.webie.com.vn\/","name":"M\u1eaft k\u00ednh Webie","description":"","publisher":{"@id":"https:\/\/matkinh.webie.com.vn\/#organization"},"alternateName":"Webie Eyewear","potentialAction":[{"@type":"SearchAction","target":{"@type":"EntryPoint","urlTemplate":"https:\/\/matkinh.webie.com.vn\/?s={search_term_string}"},"query-input":"required name=search_term_string"}],"inLanguage":"en-US"},{"@type":"Organization","@id":"https:\/\/matkinh.webie.com.vn\/#organization","name":"M\u1eaft k\u00ednh Webie","url":"https:\/\/matkinh.webie.com.vn\/","logo":{"@type":"ImageObject","inLanguage":"en-US","@id":"https:\/\/matkinh.webie.com.vn\/#\/schema\/logo\/image\/","url":"https:\/\/matkinh.webie.com.vn\/wp-content\/uploads\/2024\/11\/Matkinh-webie-logo.png","contentUrl":"https:\/\/matkinh.webie.com.vn\/wp-content\/uploads\/2024\/11\/Matkinh-webie-logo.png","width":500,"height":500,"caption":"M\u1eaft k\u00ednh Webie"},"image":{"@id":"https:\/\/matkinh.webie.com.vn\/#\/schema\/logo\/image\/"},"sameAs":["https:\/\/www.facebook.com\/webie.kinhmatonline"]}]}},"_links":{"self":[{"href":"https:\/\/matkinh.webie.com.vn\/en\/wp-json\/wp\/v2\/pages\/18909","targetHints":{"allow":["GET"]}}],"collection":[{"href":"https:\/\/matkinh.webie.com.vn\/en\/wp-json\/wp\/v2\/pages"}],"about":[{"href":"https:\/\/matkinh.webie.com.vn\/en\/wp-json\/wp\/v2\/types\/page"}],"author":[{"embeddable":true,"href":"https:\/\/matkinh.webie.com.vn\/en\/wp-json\/wp\/v2\/users\/25"}],"replies":[{"embeddable":true,"href":"https:\/\/matkinh.webie.com.vn\/en\/wp-json\/wp\/v2\/comments?post=18909"}],"version-history":[{"count":1,"href":"https:\/\/matkinh.webie.com.vn\/en\/wp-json\/wp\/v2\/pages\/18909\/revisions"}],"predecessor-version":[{"id":18910,"href":"https:\/\/matkinh.webie.com.vn\/en\/wp-json\/wp\/v2\/pages\/18909\/revisions\/18910"}],"wp:attachment":[{"href":"https:\/\/matkinh.webie.com.vn\/en\/wp-json\/wp\/v2\/media?parent=18909"}],"curies":[{"name":"wp","href":"https:\/\/api.w.org\/{rel}","templated":true}]}}