{"id":16863,"date":"2024-08-14T08:34:19","date_gmt":"2024-08-14T08:34:19","guid":{"rendered":"https:\/\/matkinh.webie.com.vn\/?post_type=product&#038;p=16863"},"modified":"2026-02-27T00:00:36","modified_gmt":"2026-02-26T17:00:36","slug":"molsion-mh6001","status":"publish","type":"product","link":"https:\/\/matkinh.webie.com.vn\/en\/product\/molsion-mh6001\/","title":{"rendered":"Molsion &#8211; MH6001"},"content":{"rendered":"<p><strong>MOLSION MH6001 B93<\/strong> is crafted from premium materials, offering exceptional durability. The refined frame design features a sharp logo on the temples, enhancing a youthful and fashionable style that can be easily paired with a wide range of outfits.<\/p>\n<h3><strong>PRODUCT INFORMATION<\/strong><\/h3>\n<h4><strong>Shape<\/strong><\/h4>\n<ul>\n<li><strong>Shape:<\/strong> Polygon<\/li>\n<li><strong>Frame color:<\/strong> Rose Gold with Transparent Acetate Frame<\/li>\n<li><strong>Frame material<\/strong> TR\/Alloy<\/li>\n<\/ul>\n<h4><strong>Size<\/strong><\/h4>\n<ul>\n<li><strong>Lens width:<\/strong> 50 mm<\/li>\n<li><strong>Nose bridge:<\/strong> 19 mm<\/li>\n<li><strong>Temple length:<\/strong> 149 mm<\/li>\n<\/ul>\n<h3><strong>Eyewear Care Guide<\/strong><\/h3>\n<ul>\n<li>Store glasses in a protective case when not in use.<\/li>\n<li>Avoid touching the lenses with your fingers and never place them face down to prevent scratches.<\/li>\n<li>Use both hands when putting on or removing glasses to hold the temples and keep the frame from bending or deforming.<\/li>\n<li>Clean the lenses regularly using lens cleaning solution and a microfiber cleaning cloth.<\/li>\n<\/ul>","protected":false},"excerpt":{"rendered":"<p>G\u1ecdng K\u00ednh N\u1eef MOLSION MH6001 B93 \u0111\u01b0\u1ee3c ch\u1ebf t\u00e1c t\u1eeb ch\u1ea5t li\u1ec7u cao c\u1ea5p, mang l\u1ea1i \u0111\u1ed9 b\u1ec1n b\u1ec9 cao.<\/p>","protected":false},"featured_media":16897,"comment_status":"open","ping_status":"closed","template":"","meta":[],"product_brand":[],"product_cat":[122],"product_tag":[],"class_list":{"0":"post-16863","1":"product","2":"type-product","3":"status-publish","4":"has-post-thumbnail","6":"product_cat-gong-kinh","8":"first","9":"instock","10":"shipping-taxable","11":"purchasable","12":"product-type-variable"},"yoast_head":"<!-- This site is optimized with the Yoast SEO Premium plugin v23.2 (Yoast SEO v23.2) - https:\/\/yoast.com\/wordpress\/plugins\/seo\/ -->\n<title>Molsion - MH6001 &#8211; M\u1eaft k\u00ednh Webie<\/title>\n<meta name=\"description\" content=\"G\u1ecdng K\u00ednh N\u1eef MOLSION MH6001 B93 \u0111\u01b0\u1ee3c ch\u1ebf t\u00e1c t\u1eeb ch\u1ea5t li\u1ec7u cao c\u1ea5p, mang l\u1ea1i \u0111\u1ed9 b\u1ec1n b\u1ec9 cao. Thi\u1ebft k\u1ebf g\u1ecdng tinh t\u1ebf, v\u1edbi logo s\u1eafc n\u00e9t tr\u00ean c\u00e0ng k\u00ednh, t\u00f4n l\u00ean phong c\u00e1ch th\u1eddi trang tr\u1ebb trung\" \/>\n<meta name=\"robots\" content=\"index, follow, max-snippet:-1, max-image-preview:large, max-video-preview:-1\" \/>\n<link rel=\"canonical\" href=\"https:\/\/matkinh.webie.com.vn\/en\/product\/molsion-mh6001\/\" \/>\n<meta property=\"og:locale\" content=\"en_US\" \/>\n<meta property=\"og:type\" content=\"article\" \/>\n<meta property=\"og:title\" content=\"Molsion - MH6001\" \/>\n<meta property=\"og:description\" content=\"G\u1ecdng K\u00ednh N\u1eef MOLSION MH6001 B93 \u0111\u01b0\u1ee3c ch\u1ebf t\u00e1c t\u1eeb ch\u1ea5t li\u1ec7u cao c\u1ea5p, mang l\u1ea1i \u0111\u1ed9 b\u1ec1n b\u1ec9 cao. Thi\u1ebft k\u1ebf g\u1ecdng tinh t\u1ebf, v\u1edbi logo s\u1eafc n\u00e9t tr\u00ean c\u00e0ng k\u00ednh, t\u00f4n l\u00ean phong c\u00e1ch th\u1eddi trang tr\u1ebb trung\" \/>\n<meta property=\"og:url\" content=\"https:\/\/matkinh.webie.com.vn\/en\/product\/molsion-mh6001\/\" \/>\n<meta property=\"og:site_name\" content=\"M\u1eaft k\u00ednh Webie\" \/>\n<meta property=\"article:publisher\" content=\"https:\/\/www.facebook.com\/webie.kinhmatonline\" \/>\n<meta property=\"article:modified_time\" content=\"2026-02-26T17:00:36+00:00\" \/>\n<meta property=\"og:image\" content=\"https:\/\/matkinh.webie.com.vn\/wp-content\/uploads\/2024\/08\/MH6001_B13_front_2780k.png\" \/>\n\t<meta property=\"og:image:width\" content=\"900\" \/>\n\t<meta property=\"og:image:height\" content=\"900\" \/>\n\t<meta property=\"og:image:type\" content=\"image\/png\" \/>\n<meta name=\"twitter:card\" content=\"summary_large_image\" \/>\n<meta name=\"twitter:label1\" content=\"Availability\" \/>\n\t<meta name=\"twitter:data1\" content=\"In stock\" \/>\n<script type=\"application\/ld+json\" class=\"yoast-schema-graph\">{\"@context\":\"https:\/\/schema.org\",\"@graph\":[{\"@type\":\"WebPage\",\"@id\":\"https:\/\/matkinh.webie.com.vn\/product\/molsion-mh6001\/\",\"url\":\"https:\/\/matkinh.webie.com.vn\/product\/molsion-mh6001\/\",\"name\":\"Molsion - MH6001 &#8211; M\u1eaft k\u00ednh Webie\",\"isPartOf\":{\"@id\":\"https:\/\/matkinh.webie.com.vn\/#website\"},\"primaryImageOfPage\":{\"@id\":\"https:\/\/matkinh.webie.com.vn\/product\/molsion-mh6001\/#primaryimage\"},\"image\":{\"@id\":\"https:\/\/matkinh.webie.com.vn\/product\/molsion-mh6001\/#primaryimage\"},\"thumbnailUrl\":\"https:\/\/matkinh.webie.com.vn\/wp-content\/uploads\/2024\/08\/MH6001_B13_front_2780k.png\",\"datePublished\":\"2024-08-14T08:34:19+00:00\",\"dateModified\":\"2026-02-26T17:00:36+00:00\",\"description\":\"G\u1ecdng K\u00ednh N\u1eef MOLSION MH6001 B93 \u0111\u01b0\u1ee3c ch\u1ebf t\u00e1c t\u1eeb ch\u1ea5t li\u1ec7u cao c\u1ea5p, mang l\u1ea1i \u0111\u1ed9 b\u1ec1n b\u1ec9 cao. Thi\u1ebft k\u1ebf g\u1ecdng tinh t\u1ebf, v\u1edbi logo s\u1eafc n\u00e9t tr\u00ean c\u00e0ng k\u00ednh, t\u00f4n l\u00ean phong c\u00e1ch th\u1eddi trang tr\u1ebb trung\",\"breadcrumb\":{\"@id\":\"https:\/\/matkinh.webie.com.vn\/product\/molsion-mh6001\/#breadcrumb\"},\"inLanguage\":\"en-US\",\"potentialAction\":[{\"@type\":\"ReadAction\",\"target\":[\"https:\/\/matkinh.webie.com.vn\/product\/molsion-mh6001\/\"]}]},{\"@type\":\"ImageObject\",\"inLanguage\":\"en-US\",\"@id\":\"https:\/\/matkinh.webie.com.vn\/product\/molsion-mh6001\/#primaryimage\",\"url\":\"https:\/\/matkinh.webie.com.vn\/wp-content\/uploads\/2024\/08\/MH6001_B13_front_2780k.png\",\"contentUrl\":\"https:\/\/matkinh.webie.com.vn\/wp-content\/uploads\/2024\/08\/MH6001_B13_front_2780k.png\",\"width\":900,\"height\":900},{\"@type\":\"BreadcrumbList\",\"@id\":\"https:\/\/matkinh.webie.com.vn\/product\/molsion-mh6001\/#breadcrumb\",\"itemListElement\":[{\"@type\":\"ListItem\",\"position\":1,\"name\":\"Home\",\"item\":\"https:\/\/matkinh.webie.com.vn\/\"},{\"@type\":\"ListItem\",\"position\":2,\"name\":\"Shop\",\"item\":\"https:\/\/matkinh.webie.com.vn\/shop\/\"},{\"@type\":\"ListItem\",\"position\":3,\"name\":\"Molsion &#8211; MH6001\"}]},{\"@type\":\"WebSite\",\"@id\":\"https:\/\/matkinh.webie.com.vn\/#website\",\"url\":\"https:\/\/matkinh.webie.com.vn\/\",\"name\":\"M\u1eaft k\u00ednh Webie\",\"description\":\"\",\"publisher\":{\"@id\":\"https:\/\/matkinh.webie.com.vn\/#organization\"},\"alternateName\":\"Webie Eyewear\",\"potentialAction\":[{\"@type\":\"SearchAction\",\"target\":{\"@type\":\"EntryPoint\",\"urlTemplate\":\"https:\/\/matkinh.webie.com.vn\/?s={search_term_string}\"},\"query-input\":\"required name=search_term_string\"}],\"inLanguage\":\"en-US\"},{\"@type\":\"Organization\",\"@id\":\"https:\/\/matkinh.webie.com.vn\/#organization\",\"name\":\"M\u1eaft k\u00ednh Webie\",\"url\":\"https:\/\/matkinh.webie.com.vn\/\",\"logo\":{\"@type\":\"ImageObject\",\"inLanguage\":\"en-US\",\"@id\":\"https:\/\/matkinh.webie.com.vn\/#\/schema\/logo\/image\/\",\"url\":\"https:\/\/matkinh.webie.com.vn\/wp-content\/uploads\/2024\/11\/Matkinh-webie-logo.png\",\"contentUrl\":\"https:\/\/matkinh.webie.com.vn\/wp-content\/uploads\/2024\/11\/Matkinh-webie-logo.png\",\"width\":500,\"height\":500,\"caption\":\"M\u1eaft k\u00ednh Webie\"},\"image\":{\"@id\":\"https:\/\/matkinh.webie.com.vn\/#\/schema\/logo\/image\/\"},\"sameAs\":[\"https:\/\/www.facebook.com\/webie.kinhmatonline\"]}]}<\/script>\n<meta property=\"product:brand\" content=\"Molsion\" \/>\n<meta property=\"og:availability\" content=\"instock\" \/>\n<meta property=\"product:availability\" content=\"instock\" \/>\n<meta property=\"product:retailer_item_id\" content=\"MH6001\" \/>\n<meta property=\"product:condition\" content=\"new\" \/>\n<!-- \/ Yoast SEO Premium plugin. -->","yoast_head_json":{"title":"Molsion - MH6001 &#8211; M\u1eaft k\u00ednh Webie","description":"G\u1ecdng K\u00ednh N\u1eef MOLSION MH6001 B93 \u0111\u01b0\u1ee3c ch\u1ebf t\u00e1c t\u1eeb ch\u1ea5t li\u1ec7u cao c\u1ea5p, mang l\u1ea1i \u0111\u1ed9 b\u1ec1n b\u1ec9 cao. Thi\u1ebft k\u1ebf g\u1ecdng tinh t\u1ebf, v\u1edbi logo s\u1eafc n\u00e9t tr\u00ean c\u00e0ng k\u00ednh, t\u00f4n l\u00ean phong c\u00e1ch th\u1eddi trang tr\u1ebb trung","robots":{"index":"index","follow":"follow","max-snippet":"max-snippet:-1","max-image-preview":"max-image-preview:large","max-video-preview":"max-video-preview:-1"},"canonical":"https:\/\/matkinh.webie.com.vn\/en\/product\/molsion-mh6001\/","og_locale":"en_US","og_type":"article","og_title":"Molsion - MH6001","og_description":"G\u1ecdng K\u00ednh N\u1eef MOLSION MH6001 B93 \u0111\u01b0\u1ee3c ch\u1ebf t\u00e1c t\u1eeb ch\u1ea5t li\u1ec7u cao c\u1ea5p, mang l\u1ea1i \u0111\u1ed9 b\u1ec1n b\u1ec9 cao. Thi\u1ebft k\u1ebf g\u1ecdng tinh t\u1ebf, v\u1edbi logo s\u1eafc n\u00e9t tr\u00ean c\u00e0ng k\u00ednh, t\u00f4n l\u00ean phong c\u00e1ch th\u1eddi trang tr\u1ebb trung","og_url":"https:\/\/matkinh.webie.com.vn\/en\/product\/molsion-mh6001\/","og_site_name":"M\u1eaft k\u00ednh Webie","article_publisher":"https:\/\/www.facebook.com\/webie.kinhmatonline","article_modified_time":"2026-02-26T17:00:36+00:00","og_image":[{"width":900,"height":900,"url":"https:\/\/matkinh.webie.com.vn\/wp-content\/uploads\/2024\/08\/MH6001_B13_front_2780k.png","type":"image\/png"}],"twitter_card":"summary_large_image","twitter_misc":{"Availability":"In stock"},"schema":{"@context":"https:\/\/schema.org","@graph":[{"@type":"WebPage","@id":"https:\/\/matkinh.webie.com.vn\/product\/molsion-mh6001\/","url":"https:\/\/matkinh.webie.com.vn\/product\/molsion-mh6001\/","name":"Molsion - MH6001 &#8211; M\u1eaft k\u00ednh Webie","isPartOf":{"@id":"https:\/\/matkinh.webie.com.vn\/#website"},"primaryImageOfPage":{"@id":"https:\/\/matkinh.webie.com.vn\/product\/molsion-mh6001\/#primaryimage"},"image":{"@id":"https:\/\/matkinh.webie.com.vn\/product\/molsion-mh6001\/#primaryimage"},"thumbnailUrl":"https:\/\/matkinh.webie.com.vn\/wp-content\/uploads\/2024\/08\/MH6001_B13_front_2780k.png","datePublished":"2024-08-14T08:34:19+00:00","dateModified":"2026-02-26T17:00:36+00:00","description":"G\u1ecdng K\u00ednh N\u1eef MOLSION MH6001 B93 \u0111\u01b0\u1ee3c ch\u1ebf t\u00e1c t\u1eeb ch\u1ea5t li\u1ec7u cao c\u1ea5p, mang l\u1ea1i \u0111\u1ed9 b\u1ec1n b\u1ec9 cao. Thi\u1ebft k\u1ebf g\u1ecdng tinh t\u1ebf, v\u1edbi logo s\u1eafc n\u00e9t tr\u00ean c\u00e0ng k\u00ednh, t\u00f4n l\u00ean phong c\u00e1ch th\u1eddi trang tr\u1ebb trung","breadcrumb":{"@id":"https:\/\/matkinh.webie.com.vn\/product\/molsion-mh6001\/#breadcrumb"},"inLanguage":"en-US","potentialAction":[{"@type":"ReadAction","target":["https:\/\/matkinh.webie.com.vn\/product\/molsion-mh6001\/"]}]},{"@type":"ImageObject","inLanguage":"en-US","@id":"https:\/\/matkinh.webie.com.vn\/product\/molsion-mh6001\/#primaryimage","url":"https:\/\/matkinh.webie.com.vn\/wp-content\/uploads\/2024\/08\/MH6001_B13_front_2780k.png","contentUrl":"https:\/\/matkinh.webie.com.vn\/wp-content\/uploads\/2024\/08\/MH6001_B13_front_2780k.png","width":900,"height":900},{"@type":"BreadcrumbList","@id":"https:\/\/matkinh.webie.com.vn\/product\/molsion-mh6001\/#breadcrumb","itemListElement":[{"@type":"ListItem","position":1,"name":"Home","item":"https:\/\/matkinh.webie.com.vn\/"},{"@type":"ListItem","position":2,"name":"Shop","item":"https:\/\/matkinh.webie.com.vn\/shop\/"},{"@type":"ListItem","position":3,"name":"Molsion &#8211; MH6001"}]},{"@type":"WebSite","@id":"https:\/\/matkinh.webie.com.vn\/#website","url":"https:\/\/matkinh.webie.com.vn\/","name":"M\u1eaft k\u00ednh Webie","description":"","publisher":{"@id":"https:\/\/matkinh.webie.com.vn\/#organization"},"alternateName":"Webie Eyewear","potentialAction":[{"@type":"SearchAction","target":{"@type":"EntryPoint","urlTemplate":"https:\/\/matkinh.webie.com.vn\/?s={search_term_string}"},"query-input":"required name=search_term_string"}],"inLanguage":"en-US"},{"@type":"Organization","@id":"https:\/\/matkinh.webie.com.vn\/#organization","name":"M\u1eaft k\u00ednh Webie","url":"https:\/\/matkinh.webie.com.vn\/","logo":{"@type":"ImageObject","inLanguage":"en-US","@id":"https:\/\/matkinh.webie.com.vn\/#\/schema\/logo\/image\/","url":"https:\/\/matkinh.webie.com.vn\/wp-content\/uploads\/2024\/11\/Matkinh-webie-logo.png","contentUrl":"https:\/\/matkinh.webie.com.vn\/wp-content\/uploads\/2024\/11\/Matkinh-webie-logo.png","width":500,"height":500,"caption":"M\u1eaft k\u00ednh Webie"},"image":{"@id":"https:\/\/matkinh.webie.com.vn\/#\/schema\/logo\/image\/"},"sameAs":["https:\/\/www.facebook.com\/webie.kinhmatonline"]}]},"product_brand":"Molsion","og_availability":"instock","product_availability":"instock","product_retailer_item_id":"MH6001","product_condition":"new"},"_links":{"self":[{"href":"https:\/\/matkinh.webie.com.vn\/en\/wp-json\/wp\/v2\/product\/16863","targetHints":{"allow":["GET"]}}],"collection":[{"href":"https:\/\/matkinh.webie.com.vn\/en\/wp-json\/wp\/v2\/product"}],"about":[{"href":"https:\/\/matkinh.webie.com.vn\/en\/wp-json\/wp\/v2\/types\/product"}],"replies":[{"embeddable":true,"href":"https:\/\/matkinh.webie.com.vn\/en\/wp-json\/wp\/v2\/comments?post=16863"}],"version-history":[{"count":1,"href":"https:\/\/matkinh.webie.com.vn\/en\/wp-json\/wp\/v2\/product\/16863\/revisions"}],"predecessor-version":[{"id":16909,"href":"https:\/\/matkinh.webie.com.vn\/en\/wp-json\/wp\/v2\/product\/16863\/revisions\/16909"}],"wp:featuredmedia":[{"embeddable":true,"href":"https:\/\/matkinh.webie.com.vn\/en\/wp-json\/wp\/v2\/media\/16897"}],"wp:attachment":[{"href":"https:\/\/matkinh.webie.com.vn\/en\/wp-json\/wp\/v2\/media?parent=16863"}],"wp:term":[{"taxonomy":"product_brand","embeddable":true,"href":"https:\/\/matkinh.webie.com.vn\/en\/wp-json\/wp\/v2\/product_brand?post=16863"},{"taxonomy":"product_cat","embeddable":true,"href":"https:\/\/matkinh.webie.com.vn\/en\/wp-json\/wp\/v2\/product_cat?post=16863"},{"taxonomy":"product_tag","embeddable":true,"href":"https:\/\/matkinh.webie.com.vn\/en\/wp-json\/wp\/v2\/product_tag?post=16863"}],"curies":[{"name":"wp","href":"https:\/\/api.w.org\/{rel}","templated":true}]}}