{"id":18363,"date":"2024-10-16T06:11:56","date_gmt":"2024-10-16T06:11:56","guid":{"rendered":"https:\/\/matkinh.webie.com.vn\/?post_type=product&#038;p=18363"},"modified":"2025-05-28T00:53:40","modified_gmt":"2025-05-27T17:53:40","slug":"ziozia-kkxsit5009","status":"publish","type":"product","link":"https:\/\/matkinh.webie.com.vn\/en\/product\/ziozia-kkxsit5009\/","title":{"rendered":"ZIOZIA KKXSIT5009"},"content":{"rendered":"<p><strong>ZIOZIA KKXSIT5009<\/strong> stands out with an elegant, minimalist design while maintaining a refined sense of luxury. This Korean cat-eye sunglasses style delivers a modern and sophisticated aesthetic.<\/p>\n<h3><strong>PRODUCT INFORMATION<\/strong><\/h3>\n<h3><a href=\"https:\/\/matkinh.webie.com.vn\/wp-content\/uploads\/2024\/10\/Screenshot-2024-10-18-at-15.46.46.png\"><img decoding=\"async\" class=\"wp-image-18386 size-medium alignright\" src=\"https:\/\/matkinh.webie.com.vn\/wp-content\/uploads\/2024\/10\/Screenshot-2024-10-18-at-15.46.46-e1729241890171-400x118.png\" alt=\"\" width=\"400\" height=\"118\" srcset=\"https:\/\/matkinh.webie.com.vn\/wp-content\/uploads\/2024\/10\/Screenshot-2024-10-18-at-15.46.46-e1729241890171-400x118.png 400w, https:\/\/matkinh.webie.com.vn\/wp-content\/uploads\/2024\/10\/Screenshot-2024-10-18-at-15.46.46-e1729241890171-768x226.png 768w, https:\/\/matkinh.webie.com.vn\/wp-content\/uploads\/2024\/10\/Screenshot-2024-10-18-at-15.46.46-e1729241890171-430x127.png 430w, https:\/\/matkinh.webie.com.vn\/wp-content\/uploads\/2024\/10\/Screenshot-2024-10-18-at-15.46.46-e1729241890171-700x206.png 700w, https:\/\/matkinh.webie.com.vn\/wp-content\/uploads\/2024\/10\/Screenshot-2024-10-18-at-15.46.46-e1729241890171-150x44.png 150w, https:\/\/matkinh.webie.com.vn\/wp-content\/uploads\/2024\/10\/Screenshot-2024-10-18-at-15.46.46-e1729241890171.png 1119w\" sizes=\"(max-width: 400px) 100vw, 400px\" \/><\/a><\/h3>\n<ul>\n<li><strong>Shape: Oval<\/strong><\/li>\n<li><strong>Material<\/strong>\u00a0<strong>Titanium<\/strong><\/li>\n<li><strong>Size: 49 \u2013 22 \u2013 148<\/strong><\/li>\n<\/ul>\n<h3><\/h3>\n<h3><strong>Eyewear Care Guide<\/strong><\/h3>\n<ul>\n<li>Store glasses in a protective case when not in use.<\/li>\n<li>Avoid touching the lenses with your fingers and never place them face down to prevent scratches.<\/li>\n<li>Use both hands when putting on or removing glasses to hold the temples and keep the frame from bending or deforming.<\/li>\n<li>Clean the lenses regularly using lens cleaning solution and a microfiber cleaning cloth.<\/li>\n<\/ul>\n<p>ZIOZIA is a premium fashion brand from South Korea that has established its presence in the global fashion market since 1995. Known for its elegant, minimalist yet luxurious aesthetic, ZIOZIA has quickly become a symbol of Korean fashion eyewear, attracting those who appreciate refined and contemporary style.<\/p>\n<p><a href=\"https:\/\/matkinh.webie.com.vn\/wp-content\/uploads\/2024\/10\/ziozia-korea-logo-tgroup-shopping.jpg\"><img fetchpriority=\"high\" decoding=\"async\" class=\"aligncenter wp-image-18312 size-full\" src=\"https:\/\/matkinh.webie.com.vn\/wp-content\/uploads\/2024\/10\/ziozia-korea-logo-tgroup-shopping.jpg\" alt=\"\" width=\"800\" height=\"400\" srcset=\"https:\/\/matkinh.webie.com.vn\/wp-content\/uploads\/2024\/10\/ziozia-korea-logo-tgroup-shopping.jpg 800w, https:\/\/matkinh.webie.com.vn\/wp-content\/uploads\/2024\/10\/ziozia-korea-logo-tgroup-shopping-400x200.jpg 400w, https:\/\/matkinh.webie.com.vn\/wp-content\/uploads\/2024\/10\/ziozia-korea-logo-tgroup-shopping-768x384.jpg 768w, https:\/\/matkinh.webie.com.vn\/wp-content\/uploads\/2024\/10\/ziozia-korea-logo-tgroup-shopping-430x215.jpg 430w, https:\/\/matkinh.webie.com.vn\/wp-content\/uploads\/2024\/10\/ziozia-korea-logo-tgroup-shopping-700x350.jpg 700w, https:\/\/matkinh.webie.com.vn\/wp-content\/uploads\/2024\/10\/ziozia-korea-logo-tgroup-shopping-150x75.jpg 150w\" sizes=\"(max-width: 800px) 100vw, 800px\" \/><\/a><\/p>\n<p>Ngay t\u1eeb khi ra m\u1eaft, ZIOZIA \u0111\u00e3 ghi d\u1ea5u \u1ea5n v\u1edbi c\u00e1c thi\u1ebft k\u1ebf lo\u1ea1i b\u1ecf chi ti\u1ebft r\u01b0\u1eddm r\u00e0. Thay v\u00e0o \u0111\u00f3 l\u00e0 s\u1ef1 t\u1ed1i gi\u1ea3n nh\u01b0ng \u0111\u1ea7y cu\u1ed1n h\u00fat. Ch\u00ednh phong c\u00e1ch n\u00e0y \u0111\u00e3 t\u1ea1o n\u00ean d\u1ea5u \u1ea5n ri\u00eang bi\u1ec7t. Gi\u00fap th\u01b0\u01a1ng hi\u1ec7u t\u1ecfa s\u00e1ng trong th\u1ecb tr\u01b0\u1eddng th\u1eddi trang \u0111\u1ea7y c\u1ea1nh tranh. M\u1ed7i s\u1ea3n ph\u1ea9m c\u1ee7a ZIOZIA kh\u00f4ng ch\u1ec9 l\u00e0 l\u1ef1a ch\u1ecdn l\u00fd t\u01b0\u1edfng cho nh\u1eefng qu\u00fd \u00f4ng y\u00eau th\u00edch s\u1ef1 l\u1ecbch l\u00e3m m\u00e0 c\u00f2n l\u00e0 bi\u1ec3u t\u01b0\u1ee3ng th\u1eddi trang \u0111\u1eadm n\u00e9t H\u00e0n Qu\u1ed1c.<\/p>","protected":false},"excerpt":{"rendered":"<p><strong>Ziozia KKXSIT5009<\/strong> stands out with an elegant, minimalist design while maintaining a refined sense of luxury. This Korean cat-eye sunglasses style delivers a modern and sophisticated aesthetic.<\/p>","protected":false},"featured_media":18370,"comment_status":"open","ping_status":"closed","template":"","meta":[],"product_brand":[],"product_cat":[122],"product_tag":[313,312,311,310,314],"class_list":{"0":"post-18363","1":"product","2":"type-product","3":"status-publish","4":"has-post-thumbnail","6":"product_cat-gong-kinh","7":"product_tag-mat-kinh-han-quoc","8":"product_tag-mat-kinh-thoi-trang","9":"product_tag-mat-kinh-ziozia","10":"product_tag-ziozia","11":"product_tag-ziozia-eyewear","13":"first","14":"instock","15":"shipping-taxable","16":"purchasable","17":"product-type-variable"},"yoast_head":"<!-- This site is optimized with the Yoast SEO Premium plugin v23.2 (Yoast SEO v23.2) - https:\/\/yoast.com\/wordpress\/plugins\/seo\/ -->\n<title>ZIOZIA KKXSIT5009 &#8211; M\u1eaft k\u00ednh Webie<\/title>\n<meta name=\"description\" content=\"M\u1eaft k\u00ednh Ziozia KKXSIT5009\u00a0n\u1ed5i b\u1eadt v\u1edbi phong c\u00e1ch thanh l\u1ecbch, t\u1ed1i gi\u1ea3n m\u00e0 v\u1eabn \u0111\u1eadm ch\u1ea5t sang tr\u1ecdng, M\u1eaft k\u00ednh H\u00e0n Qu\u1ed1c lu\u00f4n mang l\u1ea1i s\u1ef1 hi\u1ec7n \u0111\u1ea1i v\u00e0 tinh t\u1ebf\" \/>\n<meta name=\"robots\" content=\"index, follow, max-snippet:-1, max-image-preview:large, max-video-preview:-1\" \/>\n<link rel=\"canonical\" href=\"https:\/\/matkinh.webie.com.vn\/en\/product\/ziozia-kkxsit5009\/\" \/>\n<meta property=\"og:locale\" content=\"en_US\" \/>\n<meta property=\"og:type\" content=\"article\" \/>\n<meta property=\"og:title\" content=\"ZIOZIA KKXSIT5009\" \/>\n<meta property=\"og:description\" content=\"M\u1eaft k\u00ednh Ziozia KKXSIT5009\u00a0n\u1ed5i b\u1eadt v\u1edbi phong c\u00e1ch thanh l\u1ecbch, t\u1ed1i gi\u1ea3n m\u00e0 v\u1eabn \u0111\u1eadm ch\u1ea5t sang tr\u1ecdng, M\u1eaft k\u00ednh H\u00e0n Qu\u1ed1c lu\u00f4n mang l\u1ea1i s\u1ef1 hi\u1ec7n \u0111\u1ea1i v\u00e0 tinh t\u1ebf\" \/>\n<meta property=\"og:url\" content=\"https:\/\/matkinh.webie.com.vn\/en\/product\/ziozia-kkxsit5009\/\" \/>\n<meta property=\"og:site_name\" content=\"M\u1eaft k\u00ednh Webie\" \/>\n<meta property=\"article:publisher\" content=\"https:\/\/www.facebook.com\/webie.kinhmatonline\" \/>\n<meta property=\"article:modified_time\" content=\"2025-05-27T17:53:40+00:00\" \/>\n<meta property=\"og:image\" content=\"https:\/\/matkinh.webie.com.vn\/wp-content\/uploads\/2024\/10\/KKXSiT5009_C1.C-1-scaled.jpg\" \/>\n\t<meta property=\"og:image:width\" content=\"2560\" \/>\n\t<meta property=\"og:image:height\" content=\"2560\" \/>\n\t<meta property=\"og:image:type\" content=\"image\/jpeg\" \/>\n<meta name=\"twitter:card\" content=\"summary_large_image\" \/>\n<meta name=\"twitter:label1\" content=\"Availability\" \/>\n\t<meta name=\"twitter:data1\" content=\"In stock\" \/>\n<script type=\"application\/ld+json\" class=\"yoast-schema-graph\">{\"@context\":\"https:\/\/schema.org\",\"@graph\":[{\"@type\":\"WebPage\",\"@id\":\"https:\/\/matkinh.webie.com.vn\/product\/ziozia-kkxsit5009\/\",\"url\":\"https:\/\/matkinh.webie.com.vn\/product\/ziozia-kkxsit5009\/\",\"name\":\"ZIOZIA KKXSIT5009 &#8211; M\u1eaft k\u00ednh Webie\",\"isPartOf\":{\"@id\":\"https:\/\/matkinh.webie.com.vn\/#website\"},\"primaryImageOfPage\":{\"@id\":\"https:\/\/matkinh.webie.com.vn\/product\/ziozia-kkxsit5009\/#primaryimage\"},\"image\":{\"@id\":\"https:\/\/matkinh.webie.com.vn\/product\/ziozia-kkxsit5009\/#primaryimage\"},\"thumbnailUrl\":\"https:\/\/matkinh.webie.com.vn\/wp-content\/uploads\/2024\/10\/KKXSiT5009_C1.C-1-scaled.jpg\",\"datePublished\":\"2024-10-16T06:11:56+00:00\",\"dateModified\":\"2025-05-27T17:53:40+00:00\",\"description\":\"M\u1eaft k\u00ednh Ziozia KKXSIT5009\u00a0n\u1ed5i b\u1eadt v\u1edbi phong c\u00e1ch thanh l\u1ecbch, t\u1ed1i gi\u1ea3n m\u00e0 v\u1eabn \u0111\u1eadm ch\u1ea5t sang tr\u1ecdng, M\u1eaft k\u00ednh H\u00e0n Qu\u1ed1c lu\u00f4n mang l\u1ea1i s\u1ef1 hi\u1ec7n \u0111\u1ea1i v\u00e0 tinh t\u1ebf\",\"breadcrumb\":{\"@id\":\"https:\/\/matkinh.webie.com.vn\/product\/ziozia-kkxsit5009\/#breadcrumb\"},\"inLanguage\":\"en-US\",\"potentialAction\":[{\"@type\":\"ReadAction\",\"target\":[\"https:\/\/matkinh.webie.com.vn\/product\/ziozia-kkxsit5009\/\"]}]},{\"@type\":\"ImageObject\",\"inLanguage\":\"en-US\",\"@id\":\"https:\/\/matkinh.webie.com.vn\/product\/ziozia-kkxsit5009\/#primaryimage\",\"url\":\"https:\/\/matkinh.webie.com.vn\/wp-content\/uploads\/2024\/10\/KKXSiT5009_C1.C-1-scaled.jpg\",\"contentUrl\":\"https:\/\/matkinh.webie.com.vn\/wp-content\/uploads\/2024\/10\/KKXSiT5009_C1.C-1-scaled.jpg\",\"width\":2560,\"height\":2560,\"caption\":\"M\u1eaft k\u00ednh Ziozia KKXSIT5009 - M\u1eaft k\u00ednh H\u00e0n Qu\u1ed1c\"},{\"@type\":\"BreadcrumbList\",\"@id\":\"https:\/\/matkinh.webie.com.vn\/product\/ziozia-kkxsit5009\/#breadcrumb\",\"itemListElement\":[{\"@type\":\"ListItem\",\"position\":1,\"name\":\"Home\",\"item\":\"https:\/\/matkinh.webie.com.vn\/\"},{\"@type\":\"ListItem\",\"position\":2,\"name\":\"Shop\",\"item\":\"https:\/\/matkinh.webie.com.vn\/shop\/\"},{\"@type\":\"ListItem\",\"position\":3,\"name\":\"G\u1ecdng k\u00ednh ZIOZIA KKXSIT5009 Titanium Cao C\u1ea5p Nam N\u1eef Unisex\"}]},{\"@type\":\"WebSite\",\"@id\":\"https:\/\/matkinh.webie.com.vn\/#website\",\"url\":\"https:\/\/matkinh.webie.com.vn\/\",\"name\":\"M\u1eaft k\u00ednh Webie\",\"description\":\"\",\"publisher\":{\"@id\":\"https:\/\/matkinh.webie.com.vn\/#organization\"},\"alternateName\":\"Webie Eyewear\",\"potentialAction\":[{\"@type\":\"SearchAction\",\"target\":{\"@type\":\"EntryPoint\",\"urlTemplate\":\"https:\/\/matkinh.webie.com.vn\/?s={search_term_string}\"},\"query-input\":\"required name=search_term_string\"}],\"inLanguage\":\"en-US\"},{\"@type\":\"Organization\",\"@id\":\"https:\/\/matkinh.webie.com.vn\/#organization\",\"name\":\"M\u1eaft k\u00ednh Webie\",\"url\":\"https:\/\/matkinh.webie.com.vn\/\",\"logo\":{\"@type\":\"ImageObject\",\"inLanguage\":\"en-US\",\"@id\":\"https:\/\/matkinh.webie.com.vn\/#\/schema\/logo\/image\/\",\"url\":\"https:\/\/matkinh.webie.com.vn\/wp-content\/uploads\/2024\/11\/Matkinh-webie-logo.png\",\"contentUrl\":\"https:\/\/matkinh.webie.com.vn\/wp-content\/uploads\/2024\/11\/Matkinh-webie-logo.png\",\"width\":500,\"height\":500,\"caption\":\"M\u1eaft k\u00ednh Webie\"},\"image\":{\"@id\":\"https:\/\/matkinh.webie.com.vn\/#\/schema\/logo\/image\/\"},\"sameAs\":[\"https:\/\/www.facebook.com\/webie.kinhmatonline\"]}]}<\/script>\n<meta property=\"product:brand\" content=\"ZIOZIA\" \/>\n<meta property=\"og:availability\" content=\"instock\" \/>\n<meta property=\"product:availability\" content=\"instock\" \/>\n<meta property=\"product:retailer_item_id\" content=\"KKXSIT5009\" \/>\n<meta property=\"product:condition\" content=\"new\" \/>\n<!-- \/ Yoast SEO Premium plugin. -->","yoast_head_json":{"title":"ZIOZIA KKXSIT5009 &#8211; M\u1eaft k\u00ednh Webie","description":"M\u1eaft k\u00ednh Ziozia KKXSIT5009\u00a0n\u1ed5i b\u1eadt v\u1edbi phong c\u00e1ch thanh l\u1ecbch, t\u1ed1i gi\u1ea3n m\u00e0 v\u1eabn \u0111\u1eadm ch\u1ea5t sang tr\u1ecdng, M\u1eaft k\u00ednh H\u00e0n Qu\u1ed1c lu\u00f4n mang l\u1ea1i s\u1ef1 hi\u1ec7n \u0111\u1ea1i v\u00e0 tinh t\u1ebf","robots":{"index":"index","follow":"follow","max-snippet":"max-snippet:-1","max-image-preview":"max-image-preview:large","max-video-preview":"max-video-preview:-1"},"canonical":"https:\/\/matkinh.webie.com.vn\/en\/product\/ziozia-kkxsit5009\/","og_locale":"en_US","og_type":"article","og_title":"ZIOZIA KKXSIT5009","og_description":"M\u1eaft k\u00ednh Ziozia KKXSIT5009\u00a0n\u1ed5i b\u1eadt v\u1edbi phong c\u00e1ch thanh l\u1ecbch, t\u1ed1i gi\u1ea3n m\u00e0 v\u1eabn \u0111\u1eadm ch\u1ea5t sang tr\u1ecdng, M\u1eaft k\u00ednh H\u00e0n Qu\u1ed1c lu\u00f4n mang l\u1ea1i s\u1ef1 hi\u1ec7n \u0111\u1ea1i v\u00e0 tinh t\u1ebf","og_url":"https:\/\/matkinh.webie.com.vn\/en\/product\/ziozia-kkxsit5009\/","og_site_name":"M\u1eaft k\u00ednh Webie","article_publisher":"https:\/\/www.facebook.com\/webie.kinhmatonline","article_modified_time":"2025-05-27T17:53:40+00:00","og_image":[{"width":2560,"height":2560,"url":"https:\/\/matkinh.webie.com.vn\/wp-content\/uploads\/2024\/10\/KKXSiT5009_C1.C-1-scaled.jpg","type":"image\/jpeg"}],"twitter_card":"summary_large_image","twitter_misc":{"Availability":"In stock"},"schema":{"@context":"https:\/\/schema.org","@graph":[{"@type":"WebPage","@id":"https:\/\/matkinh.webie.com.vn\/product\/ziozia-kkxsit5009\/","url":"https:\/\/matkinh.webie.com.vn\/product\/ziozia-kkxsit5009\/","name":"ZIOZIA KKXSIT5009 &#8211; M\u1eaft k\u00ednh Webie","isPartOf":{"@id":"https:\/\/matkinh.webie.com.vn\/#website"},"primaryImageOfPage":{"@id":"https:\/\/matkinh.webie.com.vn\/product\/ziozia-kkxsit5009\/#primaryimage"},"image":{"@id":"https:\/\/matkinh.webie.com.vn\/product\/ziozia-kkxsit5009\/#primaryimage"},"thumbnailUrl":"https:\/\/matkinh.webie.com.vn\/wp-content\/uploads\/2024\/10\/KKXSiT5009_C1.C-1-scaled.jpg","datePublished":"2024-10-16T06:11:56+00:00","dateModified":"2025-05-27T17:53:40+00:00","description":"M\u1eaft k\u00ednh Ziozia KKXSIT5009\u00a0n\u1ed5i b\u1eadt v\u1edbi phong c\u00e1ch thanh l\u1ecbch, t\u1ed1i gi\u1ea3n m\u00e0 v\u1eabn \u0111\u1eadm ch\u1ea5t sang tr\u1ecdng, M\u1eaft k\u00ednh H\u00e0n Qu\u1ed1c lu\u00f4n mang l\u1ea1i s\u1ef1 hi\u1ec7n \u0111\u1ea1i v\u00e0 tinh t\u1ebf","breadcrumb":{"@id":"https:\/\/matkinh.webie.com.vn\/product\/ziozia-kkxsit5009\/#breadcrumb"},"inLanguage":"en-US","potentialAction":[{"@type":"ReadAction","target":["https:\/\/matkinh.webie.com.vn\/product\/ziozia-kkxsit5009\/"]}]},{"@type":"ImageObject","inLanguage":"en-US","@id":"https:\/\/matkinh.webie.com.vn\/product\/ziozia-kkxsit5009\/#primaryimage","url":"https:\/\/matkinh.webie.com.vn\/wp-content\/uploads\/2024\/10\/KKXSiT5009_C1.C-1-scaled.jpg","contentUrl":"https:\/\/matkinh.webie.com.vn\/wp-content\/uploads\/2024\/10\/KKXSiT5009_C1.C-1-scaled.jpg","width":2560,"height":2560,"caption":"M\u1eaft k\u00ednh Ziozia KKXSIT5009 - M\u1eaft k\u00ednh H\u00e0n Qu\u1ed1c"},{"@type":"BreadcrumbList","@id":"https:\/\/matkinh.webie.com.vn\/product\/ziozia-kkxsit5009\/#breadcrumb","itemListElement":[{"@type":"ListItem","position":1,"name":"Home","item":"https:\/\/matkinh.webie.com.vn\/"},{"@type":"ListItem","position":2,"name":"Shop","item":"https:\/\/matkinh.webie.com.vn\/shop\/"},{"@type":"ListItem","position":3,"name":"G\u1ecdng k\u00ednh ZIOZIA KKXSIT5009 Titanium Cao C\u1ea5p Nam N\u1eef Unisex"}]},{"@type":"WebSite","@id":"https:\/\/matkinh.webie.com.vn\/#website","url":"https:\/\/matkinh.webie.com.vn\/","name":"M\u1eaft k\u00ednh Webie","description":"","publisher":{"@id":"https:\/\/matkinh.webie.com.vn\/#organization"},"alternateName":"Webie Eyewear","potentialAction":[{"@type":"SearchAction","target":{"@type":"EntryPoint","urlTemplate":"https:\/\/matkinh.webie.com.vn\/?s={search_term_string}"},"query-input":"required name=search_term_string"}],"inLanguage":"en-US"},{"@type":"Organization","@id":"https:\/\/matkinh.webie.com.vn\/#organization","name":"M\u1eaft k\u00ednh Webie","url":"https:\/\/matkinh.webie.com.vn\/","logo":{"@type":"ImageObject","inLanguage":"en-US","@id":"https:\/\/matkinh.webie.com.vn\/#\/schema\/logo\/image\/","url":"https:\/\/matkinh.webie.com.vn\/wp-content\/uploads\/2024\/11\/Matkinh-webie-logo.png","contentUrl":"https:\/\/matkinh.webie.com.vn\/wp-content\/uploads\/2024\/11\/Matkinh-webie-logo.png","width":500,"height":500,"caption":"M\u1eaft k\u00ednh Webie"},"image":{"@id":"https:\/\/matkinh.webie.com.vn\/#\/schema\/logo\/image\/"},"sameAs":["https:\/\/www.facebook.com\/webie.kinhmatonline"]}]},"product_brand":"ZIOZIA","og_availability":"instock","product_availability":"instock","product_retailer_item_id":"KKXSIT5009","product_condition":"new"},"_links":{"self":[{"href":"https:\/\/matkinh.webie.com.vn\/en\/wp-json\/wp\/v2\/product\/18363","targetHints":{"allow":["GET"]}}],"collection":[{"href":"https:\/\/matkinh.webie.com.vn\/en\/wp-json\/wp\/v2\/product"}],"about":[{"href":"https:\/\/matkinh.webie.com.vn\/en\/wp-json\/wp\/v2\/types\/product"}],"replies":[{"embeddable":true,"href":"https:\/\/matkinh.webie.com.vn\/en\/wp-json\/wp\/v2\/comments?post=18363"}],"version-history":[{"count":10,"href":"https:\/\/matkinh.webie.com.vn\/en\/wp-json\/wp\/v2\/product\/18363\/revisions"}],"predecessor-version":[{"id":18738,"href":"https:\/\/matkinh.webie.com.vn\/en\/wp-json\/wp\/v2\/product\/18363\/revisions\/18738"}],"wp:featuredmedia":[{"embeddable":true,"href":"https:\/\/matkinh.webie.com.vn\/en\/wp-json\/wp\/v2\/media\/18370"}],"wp:attachment":[{"href":"https:\/\/matkinh.webie.com.vn\/en\/wp-json\/wp\/v2\/media?parent=18363"}],"wp:term":[{"taxonomy":"product_brand","embeddable":true,"href":"https:\/\/matkinh.webie.com.vn\/en\/wp-json\/wp\/v2\/product_brand?post=18363"},{"taxonomy":"product_cat","embeddable":true,"href":"https:\/\/matkinh.webie.com.vn\/en\/wp-json\/wp\/v2\/product_cat?post=18363"},{"taxonomy":"product_tag","embeddable":true,"href":"https:\/\/matkinh.webie.com.vn\/en\/wp-json\/wp\/v2\/product_tag?post=18363"}],"curies":[{"name":"wp","href":"https:\/\/api.w.org\/{rel}","templated":true}]}}