{"id":19488,"date":"2025-06-30T19:19:18","date_gmt":"2025-06-30T12:19:18","guid":{"rendered":"https:\/\/matkinh.webie.com.vn\/?post_type=product&#038;p=19488"},"modified":"2025-08-29T20:35:08","modified_gmt":"2025-08-29T13:35:08","slug":"bolon-bl3200","status":"publish","type":"product","link":"https:\/\/matkinh.webie.com.vn\/en\/product\/bolon-bl3200\/","title":{"rendered":"Bolon &#8211; BL3200"},"content":{"rendered":"<h2>Bolon BL3200<\/h2>\n<p>M\u1ed9t ch\u00fat g\u1ee3i nh\u1edb v\u1ec1 v\u1ebb \u0111\u1eb9p Hollywood x\u01b0a, h\u00f2a quy\u1ec7n c\u00f9ng n\u00e9t hi\u1ec7n \u0111\u1ea1i \u0111\u1ea7y c\u00e1 t\u00ednh. D\u00e1ng k\u00ednh m\u1eaft m\u00e8o kinh \u0111i\u1ec3n \u0111\u01b0\u1ee3c t\u00e1i hi\u1ec7n tinh t\u1ebf qua g\u1ecdng acetate v\u1eeba thanh l\u1ecbch v\u1eeba d\u1ec5 \u0111eo h\u1eb1ng ng\u00e0y. Tr\u00f2ng k\u00ednh x\u00e1m chuy\u1ec3n m\u00e0u t\u1ea1o \u0111i\u1ec3m nh\u1ea5n nh\u1eb9 nh\u00e0ng, quy\u1ebfn r\u0169 cho ph\u1ea7n g\u1ecdng n\u1ed5i b\u1eadt, trong khi gam nude beige mang \u0111\u1ebfn s\u1ef1 trung t\u00ednh hi\u1ec7n \u0111\u1ea1i.<\/p>\n<p>Featuring both polarized and non-polarized lens options in timeless shades such as glossy black and deep brown,<\/p>\n<p data-start=\"150\" data-end=\"177\">the Bolon BL3200 sunglasses collection is effortlessly versatile while embodying a strong iconic signature.<\/p>\n<p><a href=\"https:\/\/matkinh.webie.com.vn\/wp-content\/uploads\/2025\/06\/BOLON_Eyewear_Logo_Black-scaled.webp\"><img fetchpriority=\"high\" decoding=\"async\" class=\"alignnone size-full wp-image-19613\" src=\"https:\/\/matkinh.webie.com.vn\/wp-content\/uploads\/2025\/06\/BOLON_Eyewear_Logo_Black-scaled.webp\" alt=\"BOLON_Eyewear_Logo_Black\" width=\"2560\" height=\"1006\" srcset=\"https:\/\/matkinh.webie.com.vn\/wp-content\/uploads\/2025\/06\/BOLON_Eyewear_Logo_Black-scaled.webp 2560w, https:\/\/matkinh.webie.com.vn\/wp-content\/uploads\/2025\/06\/BOLON_Eyewear_Logo_Black-400x157.webp 400w, https:\/\/matkinh.webie.com.vn\/wp-content\/uploads\/2025\/06\/BOLON_Eyewear_Logo_Black-1300x511.webp 1300w, https:\/\/matkinh.webie.com.vn\/wp-content\/uploads\/2025\/06\/BOLON_Eyewear_Logo_Black-768x302.webp 768w, https:\/\/matkinh.webie.com.vn\/wp-content\/uploads\/2025\/06\/BOLON_Eyewear_Logo_Black-1536x604.webp 1536w, https:\/\/matkinh.webie.com.vn\/wp-content\/uploads\/2025\/06\/BOLON_Eyewear_Logo_Black-2048x805.webp 2048w, https:\/\/matkinh.webie.com.vn\/wp-content\/uploads\/2025\/06\/BOLON_Eyewear_Logo_Black-1320x519.webp 1320w, https:\/\/matkinh.webie.com.vn\/wp-content\/uploads\/2025\/06\/BOLON_Eyewear_Logo_Black-430x169.webp 430w, https:\/\/matkinh.webie.com.vn\/wp-content\/uploads\/2025\/06\/BOLON_Eyewear_Logo_Black-700x275.webp 700w, https:\/\/matkinh.webie.com.vn\/wp-content\/uploads\/2025\/06\/BOLON_Eyewear_Logo_Black-150x59.webp 150w\" sizes=\"(max-width: 2560px) 100vw, 2560px\" \/><\/a><\/p>\n<p>&nbsp;<\/p>\n<h3><strong>PRODUCT INFORMATION<\/strong><\/h3>\n<ul>\n<li>Shape: Cateye<\/li>\n<li>Frame material: Acetate<\/li>\n<li>Lens material: Polycarbonate<\/li>\n<li>UV Protection: YES<\/li>\n<\/ul>\n<p><strong>Size<\/strong><\/p>\n<ul>\n<li>Lens width: 54 mm<\/li>\n<li>Nose bridge: 19 mm<\/li>\n<li>Temple length: 148 mm<\/li>\n<li>Suitable for: Oval face | Round face | Triangle face<\/li>\n<\/ul>\n<h3><strong>Eyewear Care Guide<\/strong><\/h3>\n<ul>\n<li>Store glasses in a protective case when not in use.<\/li>\n<li>Avoid touching the lenses with your fingers and never place them face down to prevent scratches.<\/li>\n<li>Use both hands when putting on or removing glasses to hold the temples and keep the frame from bending or deforming.<\/li>\n<li>Clean the lenses regularly using lens cleaning solution and a microfiber cleaning cloth.<\/li>\n<\/ul>","protected":false},"excerpt":{"rendered":"<p>A subtle reminder of classic Hollywood elegance, blended with a bold modern edge. The iconic cat-eye silhouette is refined through a delicately crafted acetate frame\u2014sophisticated, stylish, and effortlessly wearable for everyday use.<\/p>","protected":false},"featured_media":19501,"comment_status":"open","ping_status":"closed","template":"","meta":[],"product_brand":[],"product_cat":[119],"product_tag":[226,449,450],"class_list":{"0":"post-19488","1":"product","2":"type-product","3":"status-publish","4":"has-post-thumbnail","6":"product_cat-kinh-mat","7":"product_tag-boloneyewear","8":"product_tag-kinhmatbolon","9":"product_tag-matkinhwebie","11":"first","12":"instock","13":"shipping-taxable","14":"purchasable","15":"product-type-variable"},"yoast_head":"<!-- This site is optimized with the Yoast SEO Premium plugin v23.2 (Yoast SEO v23.2) - https:\/\/yoast.com\/wordpress\/plugins\/seo\/ -->\n<title>Bolon - BL3200 &#8211; M\u1eaft k\u00ednh Webie<\/title>\n<meta name=\"description\" content=\"K\u00ednh M\u00e1t Bolon BL3200 ki\u1ec3u m\u1eaft m\u00e8o, g\u1ecdng acetate thanh l\u1ecbch, tr\u00f2ng polycarbonate ch\u1ed1ng UV \u2013 phong c\u00e1ch c\u1ed5 \u0111i\u1ec3n pha hi\u1ec7n \u0111\u1ea1i \u0111\u1ea7y cu\u1ed1n h\u00fat.\" \/>\n<meta name=\"robots\" content=\"index, follow, max-snippet:-1, max-image-preview:large, max-video-preview:-1\" \/>\n<link rel=\"canonical\" href=\"https:\/\/matkinh.webie.com.vn\/en\/product\/bolon-bl3200\/\" \/>\n<meta property=\"og:locale\" content=\"en_US\" \/>\n<meta property=\"og:type\" content=\"article\" \/>\n<meta property=\"og:title\" content=\"Bolon - BL3200\" \/>\n<meta property=\"og:description\" content=\"K\u00ednh M\u00e1t Bolon BL3200 ki\u1ec3u m\u1eaft m\u00e8o, g\u1ecdng acetate thanh l\u1ecbch, tr\u00f2ng polycarbonate ch\u1ed1ng UV \u2013 phong c\u00e1ch c\u1ed5 \u0111i\u1ec3n pha hi\u1ec7n \u0111\u1ea1i \u0111\u1ea7y cu\u1ed1n h\u00fat.\" \/>\n<meta property=\"og:url\" content=\"https:\/\/matkinh.webie.com.vn\/en\/product\/bolon-bl3200\/\" \/>\n<meta property=\"og:site_name\" content=\"M\u1eaft k\u00ednh Webie\" \/>\n<meta property=\"article:publisher\" content=\"https:\/\/www.facebook.com\/webie.kinhmatonline\" \/>\n<meta property=\"article:modified_time\" content=\"2025-08-29T13:35:08+00:00\" \/>\n<meta property=\"og:image\" content=\"https:\/\/matkinh.webie.com.vn\/wp-content\/uploads\/2025\/06\/BL3200_C10_45.jpeg\" \/>\n\t<meta property=\"og:image:width\" content=\"2000\" \/>\n\t<meta property=\"og:image:height\" content=\"2000\" \/>\n\t<meta property=\"og:image:type\" content=\"image\/jpeg\" \/>\n<meta name=\"twitter:card\" content=\"summary_large_image\" \/>\n<meta name=\"twitter:label1\" content=\"Availability\" \/>\n\t<meta name=\"twitter:data1\" content=\"In stock\" \/>\n<script type=\"application\/ld+json\" class=\"yoast-schema-graph\">{\"@context\":\"https:\/\/schema.org\",\"@graph\":[{\"@type\":\"WebPage\",\"@id\":\"https:\/\/matkinh.webie.com.vn\/product\/bolon-bl3200\/\",\"url\":\"https:\/\/matkinh.webie.com.vn\/product\/bolon-bl3200\/\",\"name\":\"Bolon - BL3200 &#8211; M\u1eaft k\u00ednh Webie\",\"isPartOf\":{\"@id\":\"https:\/\/matkinh.webie.com.vn\/#website\"},\"primaryImageOfPage\":{\"@id\":\"https:\/\/matkinh.webie.com.vn\/product\/bolon-bl3200\/#primaryimage\"},\"image\":{\"@id\":\"https:\/\/matkinh.webie.com.vn\/product\/bolon-bl3200\/#primaryimage\"},\"thumbnailUrl\":\"https:\/\/matkinh.webie.com.vn\/wp-content\/uploads\/2025\/06\/BL3200_C10_45.jpeg\",\"datePublished\":\"2025-06-30T12:19:18+00:00\",\"dateModified\":\"2025-08-29T13:35:08+00:00\",\"description\":\"K\u00ednh M\u00e1t Bolon BL3200 ki\u1ec3u m\u1eaft m\u00e8o, g\u1ecdng acetate thanh l\u1ecbch, tr\u00f2ng polycarbonate ch\u1ed1ng UV \u2013 phong c\u00e1ch c\u1ed5 \u0111i\u1ec3n pha hi\u1ec7n \u0111\u1ea1i \u0111\u1ea7y cu\u1ed1n h\u00fat.\",\"breadcrumb\":{\"@id\":\"https:\/\/matkinh.webie.com.vn\/product\/bolon-bl3200\/#breadcrumb\"},\"inLanguage\":\"en-US\",\"potentialAction\":[{\"@type\":\"ReadAction\",\"target\":[\"https:\/\/matkinh.webie.com.vn\/product\/bolon-bl3200\/\"]}]},{\"@type\":\"ImageObject\",\"inLanguage\":\"en-US\",\"@id\":\"https:\/\/matkinh.webie.com.vn\/product\/bolon-bl3200\/#primaryimage\",\"url\":\"https:\/\/matkinh.webie.com.vn\/wp-content\/uploads\/2025\/06\/BL3200_C10_45.jpeg\",\"contentUrl\":\"https:\/\/matkinh.webie.com.vn\/wp-content\/uploads\/2025\/06\/BL3200_C10_45.jpeg\",\"width\":2000,\"height\":2000,\"caption\":\"BL3200_C10_45\"},{\"@type\":\"BreadcrumbList\",\"@id\":\"https:\/\/matkinh.webie.com.vn\/product\/bolon-bl3200\/#breadcrumb\",\"itemListElement\":[{\"@type\":\"ListItem\",\"position\":1,\"name\":\"Home\",\"item\":\"https:\/\/matkinh.webie.com.vn\/\"},{\"@type\":\"ListItem\",\"position\":2,\"name\":\"Shop\",\"item\":\"https:\/\/matkinh.webie.com.vn\/shop\/\"},{\"@type\":\"ListItem\",\"position\":3,\"name\":\"Bolon &#8211; BL3200\"}]},{\"@type\":\"WebSite\",\"@id\":\"https:\/\/matkinh.webie.com.vn\/#website\",\"url\":\"https:\/\/matkinh.webie.com.vn\/\",\"name\":\"M\u1eaft k\u00ednh Webie\",\"description\":\"\",\"publisher\":{\"@id\":\"https:\/\/matkinh.webie.com.vn\/#organization\"},\"alternateName\":\"Webie Eyewear\",\"potentialAction\":[{\"@type\":\"SearchAction\",\"target\":{\"@type\":\"EntryPoint\",\"urlTemplate\":\"https:\/\/matkinh.webie.com.vn\/?s={search_term_string}\"},\"query-input\":\"required name=search_term_string\"}],\"inLanguage\":\"en-US\"},{\"@type\":\"Organization\",\"@id\":\"https:\/\/matkinh.webie.com.vn\/#organization\",\"name\":\"M\u1eaft k\u00ednh Webie\",\"url\":\"https:\/\/matkinh.webie.com.vn\/\",\"logo\":{\"@type\":\"ImageObject\",\"inLanguage\":\"en-US\",\"@id\":\"https:\/\/matkinh.webie.com.vn\/#\/schema\/logo\/image\/\",\"url\":\"https:\/\/matkinh.webie.com.vn\/wp-content\/uploads\/2024\/11\/Matkinh-webie-logo.png\",\"contentUrl\":\"https:\/\/matkinh.webie.com.vn\/wp-content\/uploads\/2024\/11\/Matkinh-webie-logo.png\",\"width\":500,\"height\":500,\"caption\":\"M\u1eaft k\u00ednh Webie\"},\"image\":{\"@id\":\"https:\/\/matkinh.webie.com.vn\/#\/schema\/logo\/image\/\"},\"sameAs\":[\"https:\/\/www.facebook.com\/webie.kinhmatonline\"]}]}<\/script>\n<meta property=\"product:brand\" content=\"Bolon\" \/>\n<meta property=\"og:availability\" content=\"instock\" \/>\n<meta property=\"product:availability\" content=\"instock\" \/>\n<meta property=\"product:retailer_item_id\" content=\"BL3200\" \/>\n<meta property=\"product:condition\" content=\"new\" \/>\n<!-- \/ Yoast SEO Premium plugin. -->","yoast_head_json":{"title":"Bolon - BL3200 &#8211; M\u1eaft k\u00ednh Webie","description":"K\u00ednh M\u00e1t Bolon BL3200 ki\u1ec3u m\u1eaft m\u00e8o, g\u1ecdng acetate thanh l\u1ecbch, tr\u00f2ng polycarbonate ch\u1ed1ng UV \u2013 phong c\u00e1ch c\u1ed5 \u0111i\u1ec3n pha hi\u1ec7n \u0111\u1ea1i \u0111\u1ea7y cu\u1ed1n h\u00fat.","robots":{"index":"index","follow":"follow","max-snippet":"max-snippet:-1","max-image-preview":"max-image-preview:large","max-video-preview":"max-video-preview:-1"},"canonical":"https:\/\/matkinh.webie.com.vn\/en\/product\/bolon-bl3200\/","og_locale":"en_US","og_type":"article","og_title":"Bolon - BL3200","og_description":"K\u00ednh M\u00e1t Bolon BL3200 ki\u1ec3u m\u1eaft m\u00e8o, g\u1ecdng acetate thanh l\u1ecbch, tr\u00f2ng polycarbonate ch\u1ed1ng UV \u2013 phong c\u00e1ch c\u1ed5 \u0111i\u1ec3n pha hi\u1ec7n \u0111\u1ea1i \u0111\u1ea7y cu\u1ed1n h\u00fat.","og_url":"https:\/\/matkinh.webie.com.vn\/en\/product\/bolon-bl3200\/","og_site_name":"M\u1eaft k\u00ednh Webie","article_publisher":"https:\/\/www.facebook.com\/webie.kinhmatonline","article_modified_time":"2025-08-29T13:35:08+00:00","og_image":[{"width":2000,"height":2000,"url":"https:\/\/matkinh.webie.com.vn\/wp-content\/uploads\/2025\/06\/BL3200_C10_45.jpeg","type":"image\/jpeg"}],"twitter_card":"summary_large_image","twitter_misc":{"Availability":"In stock"},"schema":{"@context":"https:\/\/schema.org","@graph":[{"@type":"WebPage","@id":"https:\/\/matkinh.webie.com.vn\/product\/bolon-bl3200\/","url":"https:\/\/matkinh.webie.com.vn\/product\/bolon-bl3200\/","name":"Bolon - BL3200 &#8211; M\u1eaft k\u00ednh Webie","isPartOf":{"@id":"https:\/\/matkinh.webie.com.vn\/#website"},"primaryImageOfPage":{"@id":"https:\/\/matkinh.webie.com.vn\/product\/bolon-bl3200\/#primaryimage"},"image":{"@id":"https:\/\/matkinh.webie.com.vn\/product\/bolon-bl3200\/#primaryimage"},"thumbnailUrl":"https:\/\/matkinh.webie.com.vn\/wp-content\/uploads\/2025\/06\/BL3200_C10_45.jpeg","datePublished":"2025-06-30T12:19:18+00:00","dateModified":"2025-08-29T13:35:08+00:00","description":"K\u00ednh M\u00e1t Bolon BL3200 ki\u1ec3u m\u1eaft m\u00e8o, g\u1ecdng acetate thanh l\u1ecbch, tr\u00f2ng polycarbonate ch\u1ed1ng UV \u2013 phong c\u00e1ch c\u1ed5 \u0111i\u1ec3n pha hi\u1ec7n \u0111\u1ea1i \u0111\u1ea7y cu\u1ed1n h\u00fat.","breadcrumb":{"@id":"https:\/\/matkinh.webie.com.vn\/product\/bolon-bl3200\/#breadcrumb"},"inLanguage":"en-US","potentialAction":[{"@type":"ReadAction","target":["https:\/\/matkinh.webie.com.vn\/product\/bolon-bl3200\/"]}]},{"@type":"ImageObject","inLanguage":"en-US","@id":"https:\/\/matkinh.webie.com.vn\/product\/bolon-bl3200\/#primaryimage","url":"https:\/\/matkinh.webie.com.vn\/wp-content\/uploads\/2025\/06\/BL3200_C10_45.jpeg","contentUrl":"https:\/\/matkinh.webie.com.vn\/wp-content\/uploads\/2025\/06\/BL3200_C10_45.jpeg","width":2000,"height":2000,"caption":"BL3200_C10_45"},{"@type":"BreadcrumbList","@id":"https:\/\/matkinh.webie.com.vn\/product\/bolon-bl3200\/#breadcrumb","itemListElement":[{"@type":"ListItem","position":1,"name":"Home","item":"https:\/\/matkinh.webie.com.vn\/"},{"@type":"ListItem","position":2,"name":"Shop","item":"https:\/\/matkinh.webie.com.vn\/shop\/"},{"@type":"ListItem","position":3,"name":"Bolon &#8211; BL3200"}]},{"@type":"WebSite","@id":"https:\/\/matkinh.webie.com.vn\/#website","url":"https:\/\/matkinh.webie.com.vn\/","name":"M\u1eaft k\u00ednh Webie","description":"","publisher":{"@id":"https:\/\/matkinh.webie.com.vn\/#organization"},"alternateName":"Webie Eyewear","potentialAction":[{"@type":"SearchAction","target":{"@type":"EntryPoint","urlTemplate":"https:\/\/matkinh.webie.com.vn\/?s={search_term_string}"},"query-input":"required name=search_term_string"}],"inLanguage":"en-US"},{"@type":"Organization","@id":"https:\/\/matkinh.webie.com.vn\/#organization","name":"M\u1eaft k\u00ednh Webie","url":"https:\/\/matkinh.webie.com.vn\/","logo":{"@type":"ImageObject","inLanguage":"en-US","@id":"https:\/\/matkinh.webie.com.vn\/#\/schema\/logo\/image\/","url":"https:\/\/matkinh.webie.com.vn\/wp-content\/uploads\/2024\/11\/Matkinh-webie-logo.png","contentUrl":"https:\/\/matkinh.webie.com.vn\/wp-content\/uploads\/2024\/11\/Matkinh-webie-logo.png","width":500,"height":500,"caption":"M\u1eaft k\u00ednh Webie"},"image":{"@id":"https:\/\/matkinh.webie.com.vn\/#\/schema\/logo\/image\/"},"sameAs":["https:\/\/www.facebook.com\/webie.kinhmatonline"]}]},"product_brand":"Bolon","og_availability":"instock","product_availability":"instock","product_retailer_item_id":"BL3200","product_condition":"new"},"_links":{"self":[{"href":"https:\/\/matkinh.webie.com.vn\/en\/wp-json\/wp\/v2\/product\/19488","targetHints":{"allow":["GET"]}}],"collection":[{"href":"https:\/\/matkinh.webie.com.vn\/en\/wp-json\/wp\/v2\/product"}],"about":[{"href":"https:\/\/matkinh.webie.com.vn\/en\/wp-json\/wp\/v2\/types\/product"}],"replies":[{"embeddable":true,"href":"https:\/\/matkinh.webie.com.vn\/en\/wp-json\/wp\/v2\/comments?post=19488"}],"version-history":[{"count":5,"href":"https:\/\/matkinh.webie.com.vn\/en\/wp-json\/wp\/v2\/product\/19488\/revisions"}],"predecessor-version":[{"id":19623,"href":"https:\/\/matkinh.webie.com.vn\/en\/wp-json\/wp\/v2\/product\/19488\/revisions\/19623"}],"wp:featuredmedia":[{"embeddable":true,"href":"https:\/\/matkinh.webie.com.vn\/en\/wp-json\/wp\/v2\/media\/19501"}],"wp:attachment":[{"href":"https:\/\/matkinh.webie.com.vn\/en\/wp-json\/wp\/v2\/media?parent=19488"}],"wp:term":[{"taxonomy":"product_brand","embeddable":true,"href":"https:\/\/matkinh.webie.com.vn\/en\/wp-json\/wp\/v2\/product_brand?post=19488"},{"taxonomy":"product_cat","embeddable":true,"href":"https:\/\/matkinh.webie.com.vn\/en\/wp-json\/wp\/v2\/product_cat?post=19488"},{"taxonomy":"product_tag","embeddable":true,"href":"https:\/\/matkinh.webie.com.vn\/en\/wp-json\/wp\/v2\/product_tag?post=19488"}],"curies":[{"name":"wp","href":"https:\/\/api.w.org\/{rel}","templated":true}]}}