{"id":19626,"date":"2025-07-03T09:53:09","date_gmt":"2025-07-03T02:53:09","guid":{"rendered":"https:\/\/matkinh.webie.com.vn\/?post_type=product&#038;p=19626"},"modified":"2025-07-20T04:01:11","modified_gmt":"2025-07-19T21:01:11","slug":"bolon-bl6109","status":"publish","type":"product","link":"https:\/\/matkinh.webie.com.vn\/en\/product\/bolon-bl6109\/","title":{"rendered":"Bolon &#8211; BL6109"},"content":{"rendered":"<h2><strong>Bolon BL6109<\/strong><\/h2>\n<p>Elevate your style with these striking angular sunglasses, designed for those who embrace a bold and standout look. Featuring a full-rim frame crafted from TR material paired with ultra-light \u03b2-titanium temples, they offer the perfect balance of durability and all-day comfort.<\/p>\n<p>The Bolon BL6109 sunglasses collection features four standout versions. Among them, only the glossy black frame with grey lenses is equipped with polarized lenses for optimal eye protection. The remaining three versions feature photochromic lenses, maintaining a modern and refined aesthetic. An ideal choice for those seeking elegance and confidence in every look.<\/p>\n<p><a href=\"https:\/\/matkinh.webie.com.vn\/wp-content\/uploads\/2025\/06\/BOLON_Eyewear_Logo_Black-scaled.webp\"><img fetchpriority=\"high\" decoding=\"async\" class=\"alignnone size-full wp-image-19613\" src=\"https:\/\/matkinh.webie.com.vn\/wp-content\/uploads\/2025\/06\/BOLON_Eyewear_Logo_Black-scaled.webp\" alt=\"BOLON_Eyewear_Logo_Black\" width=\"2560\" height=\"1006\" srcset=\"https:\/\/matkinh.webie.com.vn\/wp-content\/uploads\/2025\/06\/BOLON_Eyewear_Logo_Black-scaled.webp 2560w, https:\/\/matkinh.webie.com.vn\/wp-content\/uploads\/2025\/06\/BOLON_Eyewear_Logo_Black-400x157.webp 400w, https:\/\/matkinh.webie.com.vn\/wp-content\/uploads\/2025\/06\/BOLON_Eyewear_Logo_Black-1300x511.webp 1300w, https:\/\/matkinh.webie.com.vn\/wp-content\/uploads\/2025\/06\/BOLON_Eyewear_Logo_Black-768x302.webp 768w, https:\/\/matkinh.webie.com.vn\/wp-content\/uploads\/2025\/06\/BOLON_Eyewear_Logo_Black-1536x604.webp 1536w, https:\/\/matkinh.webie.com.vn\/wp-content\/uploads\/2025\/06\/BOLON_Eyewear_Logo_Black-2048x805.webp 2048w, https:\/\/matkinh.webie.com.vn\/wp-content\/uploads\/2025\/06\/BOLON_Eyewear_Logo_Black-1320x519.webp 1320w, https:\/\/matkinh.webie.com.vn\/wp-content\/uploads\/2025\/06\/BOLON_Eyewear_Logo_Black-430x169.webp 430w, https:\/\/matkinh.webie.com.vn\/wp-content\/uploads\/2025\/06\/BOLON_Eyewear_Logo_Black-700x275.webp 700w, https:\/\/matkinh.webie.com.vn\/wp-content\/uploads\/2025\/06\/BOLON_Eyewear_Logo_Black-150x59.webp 150w\" sizes=\"(max-width: 2560px) 100vw, 2560px\" \/><\/a><\/p>\n<h3><strong>PRODUCT INFORMATION<\/strong><\/h3>\n<p><strong>Frames<\/strong><\/p>\n<ul>\n<li>\n<div class=\"ewa-rteLine\">Shape: Cateye<\/div>\n<\/li>\n<li>\n<div class=\"ewa-rteLine\">Frame material: TR<\/div>\n<div class=\"ewa-rteLine\"><\/div>\n<div class=\"ewa-rteLine\"><\/div>\n<\/li>\n<li>\n<div class=\"ewa-rteLine\">Lens material: Polycarbonate<\/div>\n<div class=\"ewa-rteLine\"><\/div>\n<div class=\"ewa-rteLine\"><\/div>\n<\/li>\n<li>\n<div class=\"ewa-rteLine\">UV Protection: YES<\/div>\n<div class=\"ewa-rteLine\"><\/div>\n<\/li>\n<li>\n<div class=\"ewa-rteLine\">Polarized: Yes<\/div>\n<\/li>\n<\/ul>\n<p><strong>Size<\/strong><\/p>\n<ul>\n<li>\n<div class=\"ewa-rteLine\">Lens width: 59 mm<\/div>\n<\/li>\n<li>\n<div class=\"ewa-rteLine\">Nose bridge: 19 mm<\/div>\n<div class=\"ewa-rteLine\"><\/div>\n<\/li>\n<li>\n<div class=\"ewa-rteLine\">Temple length: 150 mm<\/div>\n<\/li>\n<li>\n<div class=\"ewa-rteLine\">Suitable for: Oval | Triangle | Diamond face shapes<\/div>\n<\/li>\n<\/ul>\n<h3><strong>Eyewear Care Guide<\/strong><\/h3>\n<ul>\n<li>Store glasses in a protective case when not in use.<\/li>\n<li>Avoid touching the lenses with your fingers and never place them face down to prevent scratches.<\/li>\n<li>Use both hands when putting on or removing glasses to hold the temples and keep the frame from bending or deforming.<\/li>\n<li>Clean the lenses regularly using lens cleaning solution and a microfiber cleaning cloth.<\/li>\n<\/ul>","protected":false},"excerpt":{"rendered":"<p>Elevate your style with these striking angular sunglasses, designed for those who embrace a bold and standout look. Featuring a full-rim frame crafted from TR material paired with ultra-light \u03b2-titanium temples, they offer the perfect balance of durability and all-day comfort.<\/p>","protected":false},"featured_media":19642,"comment_status":"open","ping_status":"closed","template":"","meta":[],"product_brand":[],"product_cat":[119],"product_tag":[226,449,450],"class_list":{"0":"post-19626","1":"product","2":"type-product","3":"status-publish","4":"has-post-thumbnail","6":"product_cat-kinh-mat","7":"product_tag-boloneyewear","8":"product_tag-kinhmatbolon","9":"product_tag-matkinhwebie","11":"first","12":"instock","13":"shipping-taxable","14":"purchasable","15":"product-type-variable"},"yoast_head":"<!-- This site is optimized with the Yoast SEO Premium plugin v23.2 (Yoast SEO v23.2) - https:\/\/yoast.com\/wordpress\/plugins\/seo\/ -->\n<title>Bolon - BL6109 &#8211; M\u1eaft k\u00ednh Webie<\/title>\n<meta name=\"description\" content=\"Kh\u00e1m ph\u00e1 k\u00ednh m\u00e1t Bolon BL6109 m\u1eaft m\u00e8o th\u1eddi th\u01b0\u1ee3ng, g\u1ecdng TR nh\u1eb9, c\u00e0ng \u03b2-Titanium, tr\u00f2ng ph\u00e2n c\u1ef1c ch\u1ed1ng UV \u2013 l\u1ef1a ch\u1ecdn l\u00fd t\u01b0\u1edfng cho phong c\u00e1ch n\u1ed5i b\u1eadt.\" \/>\n<meta name=\"robots\" content=\"index, follow, max-snippet:-1, max-image-preview:large, max-video-preview:-1\" \/>\n<link rel=\"canonical\" href=\"https:\/\/matkinh.webie.com.vn\/en\/product\/bolon-bl6109\/\" \/>\n<meta property=\"og:locale\" content=\"en_US\" \/>\n<meta property=\"og:type\" content=\"article\" \/>\n<meta property=\"og:title\" content=\"Bolon - BL6109\" \/>\n<meta property=\"og:description\" content=\"Kh\u00e1m ph\u00e1 k\u00ednh m\u00e1t Bolon BL6109 m\u1eaft m\u00e8o th\u1eddi th\u01b0\u1ee3ng, g\u1ecdng TR nh\u1eb9, c\u00e0ng \u03b2-Titanium, tr\u00f2ng ph\u00e2n c\u1ef1c ch\u1ed1ng UV \u2013 l\u1ef1a ch\u1ecdn l\u00fd t\u01b0\u1edfng cho phong c\u00e1ch n\u1ed5i b\u1eadt.\" \/>\n<meta property=\"og:url\" content=\"https:\/\/matkinh.webie.com.vn\/en\/product\/bolon-bl6109\/\" \/>\n<meta property=\"og:site_name\" content=\"M\u1eaft k\u00ednh Webie\" \/>\n<meta property=\"article:publisher\" content=\"https:\/\/www.facebook.com\/webie.kinhmatonline\" \/>\n<meta property=\"article:modified_time\" content=\"2025-07-19T21:01:11+00:00\" \/>\n<meta property=\"og:image\" content=\"https:\/\/matkinh.webie.com.vn\/wp-content\/uploads\/2025\/07\/BL6109_C10_45.jpeg\" \/>\n\t<meta property=\"og:image:width\" content=\"2000\" \/>\n\t<meta property=\"og:image:height\" content=\"2000\" \/>\n\t<meta property=\"og:image:type\" content=\"image\/jpeg\" \/>\n<meta name=\"twitter:card\" content=\"summary_large_image\" \/>\n<meta name=\"twitter:label1\" content=\"Availability\" \/>\n\t<meta name=\"twitter:data1\" content=\"In stock\" \/>\n<script type=\"application\/ld+json\" class=\"yoast-schema-graph\">{\"@context\":\"https:\/\/schema.org\",\"@graph\":[{\"@type\":\"WebPage\",\"@id\":\"https:\/\/matkinh.webie.com.vn\/product\/bolon-bl6109\/\",\"url\":\"https:\/\/matkinh.webie.com.vn\/product\/bolon-bl6109\/\",\"name\":\"Bolon - BL6109 &#8211; M\u1eaft k\u00ednh Webie\",\"isPartOf\":{\"@id\":\"https:\/\/matkinh.webie.com.vn\/#website\"},\"primaryImageOfPage\":{\"@id\":\"https:\/\/matkinh.webie.com.vn\/product\/bolon-bl6109\/#primaryimage\"},\"image\":{\"@id\":\"https:\/\/matkinh.webie.com.vn\/product\/bolon-bl6109\/#primaryimage\"},\"thumbnailUrl\":\"https:\/\/matkinh.webie.com.vn\/wp-content\/uploads\/2025\/07\/BL6109_C10_45.jpeg\",\"datePublished\":\"2025-07-03T02:53:09+00:00\",\"dateModified\":\"2025-07-19T21:01:11+00:00\",\"description\":\"Kh\u00e1m ph\u00e1 k\u00ednh m\u00e1t Bolon BL6109 m\u1eaft m\u00e8o th\u1eddi th\u01b0\u1ee3ng, g\u1ecdng TR nh\u1eb9, c\u00e0ng \u03b2-Titanium, tr\u00f2ng ph\u00e2n c\u1ef1c ch\u1ed1ng UV \u2013 l\u1ef1a ch\u1ecdn l\u00fd t\u01b0\u1edfng cho phong c\u00e1ch n\u1ed5i b\u1eadt.\",\"breadcrumb\":{\"@id\":\"https:\/\/matkinh.webie.com.vn\/product\/bolon-bl6109\/#breadcrumb\"},\"inLanguage\":\"en-US\",\"potentialAction\":[{\"@type\":\"ReadAction\",\"target\":[\"https:\/\/matkinh.webie.com.vn\/product\/bolon-bl6109\/\"]}]},{\"@type\":\"ImageObject\",\"inLanguage\":\"en-US\",\"@id\":\"https:\/\/matkinh.webie.com.vn\/product\/bolon-bl6109\/#primaryimage\",\"url\":\"https:\/\/matkinh.webie.com.vn\/wp-content\/uploads\/2025\/07\/BL6109_C10_45.jpeg\",\"contentUrl\":\"https:\/\/matkinh.webie.com.vn\/wp-content\/uploads\/2025\/07\/BL6109_C10_45.jpeg\",\"width\":2000,\"height\":2000,\"caption\":\"BL6109_C10_45\"},{\"@type\":\"BreadcrumbList\",\"@id\":\"https:\/\/matkinh.webie.com.vn\/product\/bolon-bl6109\/#breadcrumb\",\"itemListElement\":[{\"@type\":\"ListItem\",\"position\":1,\"name\":\"Home\",\"item\":\"https:\/\/matkinh.webie.com.vn\/\"},{\"@type\":\"ListItem\",\"position\":2,\"name\":\"Shop\",\"item\":\"https:\/\/matkinh.webie.com.vn\/shop\/\"},{\"@type\":\"ListItem\",\"position\":3,\"name\":\"Bolon &#8211; BL6109\"}]},{\"@type\":\"WebSite\",\"@id\":\"https:\/\/matkinh.webie.com.vn\/#website\",\"url\":\"https:\/\/matkinh.webie.com.vn\/\",\"name\":\"M\u1eaft k\u00ednh Webie\",\"description\":\"\",\"publisher\":{\"@id\":\"https:\/\/matkinh.webie.com.vn\/#organization\"},\"alternateName\":\"Webie Eyewear\",\"potentialAction\":[{\"@type\":\"SearchAction\",\"target\":{\"@type\":\"EntryPoint\",\"urlTemplate\":\"https:\/\/matkinh.webie.com.vn\/?s={search_term_string}\"},\"query-input\":\"required name=search_term_string\"}],\"inLanguage\":\"en-US\"},{\"@type\":\"Organization\",\"@id\":\"https:\/\/matkinh.webie.com.vn\/#organization\",\"name\":\"M\u1eaft k\u00ednh Webie\",\"url\":\"https:\/\/matkinh.webie.com.vn\/\",\"logo\":{\"@type\":\"ImageObject\",\"inLanguage\":\"en-US\",\"@id\":\"https:\/\/matkinh.webie.com.vn\/#\/schema\/logo\/image\/\",\"url\":\"https:\/\/matkinh.webie.com.vn\/wp-content\/uploads\/2024\/11\/Matkinh-webie-logo.png\",\"contentUrl\":\"https:\/\/matkinh.webie.com.vn\/wp-content\/uploads\/2024\/11\/Matkinh-webie-logo.png\",\"width\":500,\"height\":500,\"caption\":\"M\u1eaft k\u00ednh Webie\"},\"image\":{\"@id\":\"https:\/\/matkinh.webie.com.vn\/#\/schema\/logo\/image\/\"},\"sameAs\":[\"https:\/\/www.facebook.com\/webie.kinhmatonline\"]}]}<\/script>\n<meta property=\"product:brand\" content=\"Bolon\" \/>\n<meta property=\"og:availability\" content=\"instock\" \/>\n<meta property=\"product:availability\" content=\"instock\" \/>\n<meta property=\"product:retailer_item_id\" content=\"BL6109\" \/>\n<meta property=\"product:condition\" content=\"new\" \/>\n<!-- \/ Yoast SEO Premium plugin. -->","yoast_head_json":{"title":"Bolon - BL6109 &#8211; M\u1eaft k\u00ednh Webie","description":"Kh\u00e1m ph\u00e1 k\u00ednh m\u00e1t Bolon BL6109 m\u1eaft m\u00e8o th\u1eddi th\u01b0\u1ee3ng, g\u1ecdng TR nh\u1eb9, c\u00e0ng \u03b2-Titanium, tr\u00f2ng ph\u00e2n c\u1ef1c ch\u1ed1ng UV \u2013 l\u1ef1a ch\u1ecdn l\u00fd t\u01b0\u1edfng cho phong c\u00e1ch n\u1ed5i b\u1eadt.","robots":{"index":"index","follow":"follow","max-snippet":"max-snippet:-1","max-image-preview":"max-image-preview:large","max-video-preview":"max-video-preview:-1"},"canonical":"https:\/\/matkinh.webie.com.vn\/en\/product\/bolon-bl6109\/","og_locale":"en_US","og_type":"article","og_title":"Bolon - BL6109","og_description":"Kh\u00e1m ph\u00e1 k\u00ednh m\u00e1t Bolon BL6109 m\u1eaft m\u00e8o th\u1eddi th\u01b0\u1ee3ng, g\u1ecdng TR nh\u1eb9, c\u00e0ng \u03b2-Titanium, tr\u00f2ng ph\u00e2n c\u1ef1c ch\u1ed1ng UV \u2013 l\u1ef1a ch\u1ecdn l\u00fd t\u01b0\u1edfng cho phong c\u00e1ch n\u1ed5i b\u1eadt.","og_url":"https:\/\/matkinh.webie.com.vn\/en\/product\/bolon-bl6109\/","og_site_name":"M\u1eaft k\u00ednh Webie","article_publisher":"https:\/\/www.facebook.com\/webie.kinhmatonline","article_modified_time":"2025-07-19T21:01:11+00:00","og_image":[{"width":2000,"height":2000,"url":"https:\/\/matkinh.webie.com.vn\/wp-content\/uploads\/2025\/07\/BL6109_C10_45.jpeg","type":"image\/jpeg"}],"twitter_card":"summary_large_image","twitter_misc":{"Availability":"In stock"},"schema":{"@context":"https:\/\/schema.org","@graph":[{"@type":"WebPage","@id":"https:\/\/matkinh.webie.com.vn\/product\/bolon-bl6109\/","url":"https:\/\/matkinh.webie.com.vn\/product\/bolon-bl6109\/","name":"Bolon - BL6109 &#8211; M\u1eaft k\u00ednh Webie","isPartOf":{"@id":"https:\/\/matkinh.webie.com.vn\/#website"},"primaryImageOfPage":{"@id":"https:\/\/matkinh.webie.com.vn\/product\/bolon-bl6109\/#primaryimage"},"image":{"@id":"https:\/\/matkinh.webie.com.vn\/product\/bolon-bl6109\/#primaryimage"},"thumbnailUrl":"https:\/\/matkinh.webie.com.vn\/wp-content\/uploads\/2025\/07\/BL6109_C10_45.jpeg","datePublished":"2025-07-03T02:53:09+00:00","dateModified":"2025-07-19T21:01:11+00:00","description":"Kh\u00e1m ph\u00e1 k\u00ednh m\u00e1t Bolon BL6109 m\u1eaft m\u00e8o th\u1eddi th\u01b0\u1ee3ng, g\u1ecdng TR nh\u1eb9, c\u00e0ng \u03b2-Titanium, tr\u00f2ng ph\u00e2n c\u1ef1c ch\u1ed1ng UV \u2013 l\u1ef1a ch\u1ecdn l\u00fd t\u01b0\u1edfng cho phong c\u00e1ch n\u1ed5i b\u1eadt.","breadcrumb":{"@id":"https:\/\/matkinh.webie.com.vn\/product\/bolon-bl6109\/#breadcrumb"},"inLanguage":"en-US","potentialAction":[{"@type":"ReadAction","target":["https:\/\/matkinh.webie.com.vn\/product\/bolon-bl6109\/"]}]},{"@type":"ImageObject","inLanguage":"en-US","@id":"https:\/\/matkinh.webie.com.vn\/product\/bolon-bl6109\/#primaryimage","url":"https:\/\/matkinh.webie.com.vn\/wp-content\/uploads\/2025\/07\/BL6109_C10_45.jpeg","contentUrl":"https:\/\/matkinh.webie.com.vn\/wp-content\/uploads\/2025\/07\/BL6109_C10_45.jpeg","width":2000,"height":2000,"caption":"BL6109_C10_45"},{"@type":"BreadcrumbList","@id":"https:\/\/matkinh.webie.com.vn\/product\/bolon-bl6109\/#breadcrumb","itemListElement":[{"@type":"ListItem","position":1,"name":"Home","item":"https:\/\/matkinh.webie.com.vn\/"},{"@type":"ListItem","position":2,"name":"Shop","item":"https:\/\/matkinh.webie.com.vn\/shop\/"},{"@type":"ListItem","position":3,"name":"Bolon &#8211; BL6109"}]},{"@type":"WebSite","@id":"https:\/\/matkinh.webie.com.vn\/#website","url":"https:\/\/matkinh.webie.com.vn\/","name":"M\u1eaft k\u00ednh Webie","description":"","publisher":{"@id":"https:\/\/matkinh.webie.com.vn\/#organization"},"alternateName":"Webie Eyewear","potentialAction":[{"@type":"SearchAction","target":{"@type":"EntryPoint","urlTemplate":"https:\/\/matkinh.webie.com.vn\/?s={search_term_string}"},"query-input":"required name=search_term_string"}],"inLanguage":"en-US"},{"@type":"Organization","@id":"https:\/\/matkinh.webie.com.vn\/#organization","name":"M\u1eaft k\u00ednh Webie","url":"https:\/\/matkinh.webie.com.vn\/","logo":{"@type":"ImageObject","inLanguage":"en-US","@id":"https:\/\/matkinh.webie.com.vn\/#\/schema\/logo\/image\/","url":"https:\/\/matkinh.webie.com.vn\/wp-content\/uploads\/2024\/11\/Matkinh-webie-logo.png","contentUrl":"https:\/\/matkinh.webie.com.vn\/wp-content\/uploads\/2024\/11\/Matkinh-webie-logo.png","width":500,"height":500,"caption":"M\u1eaft k\u00ednh Webie"},"image":{"@id":"https:\/\/matkinh.webie.com.vn\/#\/schema\/logo\/image\/"},"sameAs":["https:\/\/www.facebook.com\/webie.kinhmatonline"]}]},"product_brand":"Bolon","og_availability":"instock","product_availability":"instock","product_retailer_item_id":"BL6109","product_condition":"new"},"_links":{"self":[{"href":"https:\/\/matkinh.webie.com.vn\/en\/wp-json\/wp\/v2\/product\/19626","targetHints":{"allow":["GET"]}}],"collection":[{"href":"https:\/\/matkinh.webie.com.vn\/en\/wp-json\/wp\/v2\/product"}],"about":[{"href":"https:\/\/matkinh.webie.com.vn\/en\/wp-json\/wp\/v2\/types\/product"}],"replies":[{"embeddable":true,"href":"https:\/\/matkinh.webie.com.vn\/en\/wp-json\/wp\/v2\/comments?post=19626"}],"version-history":[{"count":3,"href":"https:\/\/matkinh.webie.com.vn\/en\/wp-json\/wp\/v2\/product\/19626\/revisions"}],"predecessor-version":[{"id":19647,"href":"https:\/\/matkinh.webie.com.vn\/en\/wp-json\/wp\/v2\/product\/19626\/revisions\/19647"}],"wp:featuredmedia":[{"embeddable":true,"href":"https:\/\/matkinh.webie.com.vn\/en\/wp-json\/wp\/v2\/media\/19642"}],"wp:attachment":[{"href":"https:\/\/matkinh.webie.com.vn\/en\/wp-json\/wp\/v2\/media?parent=19626"}],"wp:term":[{"taxonomy":"product_brand","embeddable":true,"href":"https:\/\/matkinh.webie.com.vn\/en\/wp-json\/wp\/v2\/product_brand?post=19626"},{"taxonomy":"product_cat","embeddable":true,"href":"https:\/\/matkinh.webie.com.vn\/en\/wp-json\/wp\/v2\/product_cat?post=19626"},{"taxonomy":"product_tag","embeddable":true,"href":"https:\/\/matkinh.webie.com.vn\/en\/wp-json\/wp\/v2\/product_tag?post=19626"}],"curies":[{"name":"wp","href":"https:\/\/api.w.org\/{rel}","templated":true}]}}