{"id":19659,"date":"2025-07-04T09:23:35","date_gmt":"2025-07-04T02:23:35","guid":{"rendered":"https:\/\/matkinh.webie.com.vn\/?post_type=product&#038;p=19659"},"modified":"2026-02-26T23:58:55","modified_gmt":"2026-02-26T16:58:55","slug":"bolon-bl6111","status":"publish","type":"product","link":"https:\/\/matkinh.webie.com.vn\/en\/product\/bolon-bl6111\/","title":{"rendered":"Bolon &#8211; BL6111"},"content":{"rendered":"<h2><strong>Bolon BL6111<\/strong><\/h2>\n<p>Where boldness meets refinement \u2014 a cat-eye frame design <strong>Bolon BL6111<\/strong> naturally and elegantly draws attention. The thick frame, fully encircling the eye rim, is crafted from TR material combined with alloy, creating bold and distinctive lines. Meanwhile, the ultra-slim titanium temples introduce an unexpected contrast\u2014delicate yet distinctly modern.<\/p>\n<div class=\"ewa-rteLine\">Intricate metallic details accentuate elegant, feminine lines, making this a must-have accessory in the wardrobe of every fashion enthusiast. Available in four refined finishes\u2014Gold &amp; Glossy Black, Gold &amp; Tortoiseshell, Gold &amp; Faded Pink, and Ivory White\u2014this frame effortlessly elevates your everyday style with captivating charm and versatile sophistication.<\/div>\n<div id=\"attachment_19613\" style=\"width: 2570px\" class=\"wp-caption alignnone\"><a href=\"https:\/\/matkinh.webie.com.vn\/wp-content\/uploads\/2025\/06\/BOLON_Eyewear_Logo_Black-scaled.webp\"><img fetchpriority=\"high\" decoding=\"async\" aria-describedby=\"caption-attachment-19613\" class=\"wp-image-19613 size-full\" src=\"https:\/\/matkinh.webie.com.vn\/wp-content\/uploads\/2025\/06\/BOLON_Eyewear_Logo_Black-scaled.webp\" alt=\"BOLON_Eyewear_Logo_Black\" width=\"2560\" height=\"1006\" srcset=\"https:\/\/matkinh.webie.com.vn\/wp-content\/uploads\/2025\/06\/BOLON_Eyewear_Logo_Black-scaled.webp 2560w, https:\/\/matkinh.webie.com.vn\/wp-content\/uploads\/2025\/06\/BOLON_Eyewear_Logo_Black-400x157.webp 400w, https:\/\/matkinh.webie.com.vn\/wp-content\/uploads\/2025\/06\/BOLON_Eyewear_Logo_Black-1300x511.webp 1300w, https:\/\/matkinh.webie.com.vn\/wp-content\/uploads\/2025\/06\/BOLON_Eyewear_Logo_Black-768x302.webp 768w, https:\/\/matkinh.webie.com.vn\/wp-content\/uploads\/2025\/06\/BOLON_Eyewear_Logo_Black-1536x604.webp 1536w, https:\/\/matkinh.webie.com.vn\/wp-content\/uploads\/2025\/06\/BOLON_Eyewear_Logo_Black-2048x805.webp 2048w, https:\/\/matkinh.webie.com.vn\/wp-content\/uploads\/2025\/06\/BOLON_Eyewear_Logo_Black-1320x519.webp 1320w, https:\/\/matkinh.webie.com.vn\/wp-content\/uploads\/2025\/06\/BOLON_Eyewear_Logo_Black-430x169.webp 430w, https:\/\/matkinh.webie.com.vn\/wp-content\/uploads\/2025\/06\/BOLON_Eyewear_Logo_Black-700x275.webp 700w, https:\/\/matkinh.webie.com.vn\/wp-content\/uploads\/2025\/06\/BOLON_Eyewear_Logo_Black-150x59.webp 150w\" sizes=\"(max-width: 2560px) 100vw, 2560px\" \/><\/a><p id=\"caption-attachment-19613\" class=\"wp-caption-text\">Bolon BL6111<\/p><\/div>\n<p>&nbsp;<\/p>\n<h3><strong>PRODUCT INFORMATION<\/strong><\/h3>\n<p><strong>Frames<\/strong><\/p>\n<ul>\n<li>\n<div class=\"ewa-rteLine\">Shape: Cateye<\/div>\n<\/li>\n<li>\n<div class=\"ewa-rteLine\">Frame material: TR + Alloy<\/div>\n<\/li>\n<li>\n<div class=\"ewa-rteLine\">Lens material: Nylon<\/div>\n<\/li>\n<li>\n<div class=\"ewa-rteLine\">UV Protection: YES<\/div>\n<div class=\"ewa-rteLine\"><\/div>\n<\/li>\n<li>\n<div class=\"ewa-rteLine\">Polarized: Yes<\/div>\n<\/li>\n<\/ul>\n<p><strong>Size<\/strong><\/p>\n<ul>\n<li>\n<div class=\"ewa-rteLine\">Lens width: 53 mm<\/div>\n<\/li>\n<li>\n<div class=\"ewa-rteLine\">Nose bridge: 19 mm<\/div>\n<\/li>\n<li>\n<div class=\"ewa-rteLine\">Temple length: 150 mm<\/div>\n<\/li>\n<li>\n<div class=\"ewa-rteLine\">Suitable for: Oval | Triangle | Diamond face shapes<\/div>\n<\/li>\n<\/ul>\n<h3><strong>Eyewear Care Guide<\/strong><\/h3>\n<ul>\n<li>Store glasses in a protective case when not in use.<\/li>\n<li>Avoid touching the lenses with your fingers and never place them face down to prevent scratches.<\/li>\n<li>Use both hands when putting on or removing glasses to hold the temples and keep the frame from bending or deforming.<\/li>\n<li>Clean the lenses regularly using lens cleaning solution and a microfiber cleaning cloth.<\/li>\n<\/ul>","protected":false},"excerpt":{"rendered":"<p>Where boldness meets refinement \u2014 a cat-eye frame design <strong>Bolon BL6111<\/strong> naturally and elegantly draws attention. The thick frame, fully encircling the eye rim, is crafted from TR material combined with alloy, creating bold and distinctive lines. Meanwhile, the ultra-slim titanium temples introduce an unexpected contrast\u2014delicate yet distinctly modern.<\/p>","protected":false},"featured_media":19669,"comment_status":"open","ping_status":"closed","template":"","meta":[],"product_brand":[],"product_cat":[119],"product_tag":[226,449,450],"class_list":{"0":"post-19659","1":"product","2":"type-product","3":"status-publish","4":"has-post-thumbnail","6":"product_cat-kinh-mat","7":"product_tag-boloneyewear","8":"product_tag-kinhmatbolon","9":"product_tag-matkinhwebie","11":"first","12":"instock","13":"shipping-taxable","14":"purchasable","15":"product-type-variable"},"yoast_head":"<!-- This site is optimized with the Yoast SEO Premium plugin v23.2 (Yoast SEO v23.2) - https:\/\/yoast.com\/wordpress\/plugins\/seo\/ -->\n<title>Bolon - BL6111 &#8211; M\u1eaft k\u00ednh Webie<\/title>\n<meta name=\"description\" content=\"K\u00ednh M\u00e1t Bolon BL6111 d\u00e1ng m\u1eaft m\u00e8o thanh l\u1ecbch, g\u1ecdng TR k\u1ebft h\u1ee3p h\u1ee3p kim, tr\u00f2ng nylon ch\u1ed1ng UV &amp; polarized, t\u00f4n l\u00ean v\u1ebb \u0111\u1eb9p th\u1eddi th\u01b0\u1ee3ng v\u00e0 n\u1eef t\u00ednh.\" \/>\n<meta name=\"robots\" content=\"index, follow, max-snippet:-1, max-image-preview:large, max-video-preview:-1\" \/>\n<link rel=\"canonical\" href=\"https:\/\/matkinh.webie.com.vn\/en\/product\/bolon-bl6111\/\" \/>\n<meta property=\"og:locale\" content=\"en_US\" \/>\n<meta property=\"og:type\" content=\"article\" \/>\n<meta property=\"og:title\" content=\"Bolon - BL6111\" \/>\n<meta property=\"og:description\" content=\"K\u00ednh M\u00e1t Bolon BL6111 d\u00e1ng m\u1eaft m\u00e8o thanh l\u1ecbch, g\u1ecdng TR k\u1ebft h\u1ee3p h\u1ee3p kim, tr\u00f2ng nylon ch\u1ed1ng UV &amp; polarized, t\u00f4n l\u00ean v\u1ebb \u0111\u1eb9p th\u1eddi th\u01b0\u1ee3ng v\u00e0 n\u1eef t\u00ednh.\" \/>\n<meta property=\"og:url\" content=\"https:\/\/matkinh.webie.com.vn\/en\/product\/bolon-bl6111\/\" \/>\n<meta property=\"og:site_name\" content=\"M\u1eaft k\u00ednh Webie\" \/>\n<meta property=\"article:publisher\" content=\"https:\/\/www.facebook.com\/webie.kinhmatonline\" \/>\n<meta property=\"article:modified_time\" content=\"2026-02-26T16:58:55+00:00\" \/>\n<meta property=\"og:image\" content=\"https:\/\/matkinh.webie.com.vn\/wp-content\/uploads\/2025\/07\/BL6111_A32_45.webp\" \/>\n\t<meta property=\"og:image:width\" content=\"2000\" \/>\n\t<meta property=\"og:image:height\" content=\"2000\" \/>\n\t<meta property=\"og:image:type\" content=\"image\/webp\" \/>\n<meta name=\"twitter:card\" content=\"summary_large_image\" \/>\n<meta name=\"twitter:label1\" content=\"Availability\" \/>\n\t<meta name=\"twitter:data1\" content=\"In stock\" \/>\n<script type=\"application\/ld+json\" class=\"yoast-schema-graph\">{\"@context\":\"https:\/\/schema.org\",\"@graph\":[{\"@type\":\"WebPage\",\"@id\":\"https:\/\/matkinh.webie.com.vn\/product\/bolon-bl6111\/\",\"url\":\"https:\/\/matkinh.webie.com.vn\/product\/bolon-bl6111\/\",\"name\":\"Bolon - BL6111 &#8211; M\u1eaft k\u00ednh Webie\",\"isPartOf\":{\"@id\":\"https:\/\/matkinh.webie.com.vn\/#website\"},\"primaryImageOfPage\":{\"@id\":\"https:\/\/matkinh.webie.com.vn\/product\/bolon-bl6111\/#primaryimage\"},\"image\":{\"@id\":\"https:\/\/matkinh.webie.com.vn\/product\/bolon-bl6111\/#primaryimage\"},\"thumbnailUrl\":\"https:\/\/matkinh.webie.com.vn\/wp-content\/uploads\/2025\/07\/BL6111_A32_45.webp\",\"datePublished\":\"2025-07-04T02:23:35+00:00\",\"dateModified\":\"2026-02-26T16:58:55+00:00\",\"description\":\"K\u00ednh M\u00e1t Bolon BL6111 d\u00e1ng m\u1eaft m\u00e8o thanh l\u1ecbch, g\u1ecdng TR k\u1ebft h\u1ee3p h\u1ee3p kim, tr\u00f2ng nylon ch\u1ed1ng UV & polarized, t\u00f4n l\u00ean v\u1ebb \u0111\u1eb9p th\u1eddi th\u01b0\u1ee3ng v\u00e0 n\u1eef t\u00ednh.\",\"breadcrumb\":{\"@id\":\"https:\/\/matkinh.webie.com.vn\/product\/bolon-bl6111\/#breadcrumb\"},\"inLanguage\":\"en-US\",\"potentialAction\":[{\"@type\":\"ReadAction\",\"target\":[\"https:\/\/matkinh.webie.com.vn\/product\/bolon-bl6111\/\"]}]},{\"@type\":\"ImageObject\",\"inLanguage\":\"en-US\",\"@id\":\"https:\/\/matkinh.webie.com.vn\/product\/bolon-bl6111\/#primaryimage\",\"url\":\"https:\/\/matkinh.webie.com.vn\/wp-content\/uploads\/2025\/07\/BL6111_A32_45.webp\",\"contentUrl\":\"https:\/\/matkinh.webie.com.vn\/wp-content\/uploads\/2025\/07\/BL6111_A32_45.webp\",\"width\":2000,\"height\":2000,\"caption\":\"BL6111_A32_45\"},{\"@type\":\"BreadcrumbList\",\"@id\":\"https:\/\/matkinh.webie.com.vn\/product\/bolon-bl6111\/#breadcrumb\",\"itemListElement\":[{\"@type\":\"ListItem\",\"position\":1,\"name\":\"Home\",\"item\":\"https:\/\/matkinh.webie.com.vn\/\"},{\"@type\":\"ListItem\",\"position\":2,\"name\":\"Shop\",\"item\":\"https:\/\/matkinh.webie.com.vn\/shop\/\"},{\"@type\":\"ListItem\",\"position\":3,\"name\":\"Bolon &#8211; BL6111\"}]},{\"@type\":\"WebSite\",\"@id\":\"https:\/\/matkinh.webie.com.vn\/#website\",\"url\":\"https:\/\/matkinh.webie.com.vn\/\",\"name\":\"M\u1eaft k\u00ednh Webie\",\"description\":\"\",\"publisher\":{\"@id\":\"https:\/\/matkinh.webie.com.vn\/#organization\"},\"alternateName\":\"Webie Eyewear\",\"potentialAction\":[{\"@type\":\"SearchAction\",\"target\":{\"@type\":\"EntryPoint\",\"urlTemplate\":\"https:\/\/matkinh.webie.com.vn\/?s={search_term_string}\"},\"query-input\":\"required name=search_term_string\"}],\"inLanguage\":\"en-US\"},{\"@type\":\"Organization\",\"@id\":\"https:\/\/matkinh.webie.com.vn\/#organization\",\"name\":\"M\u1eaft k\u00ednh Webie\",\"url\":\"https:\/\/matkinh.webie.com.vn\/\",\"logo\":{\"@type\":\"ImageObject\",\"inLanguage\":\"en-US\",\"@id\":\"https:\/\/matkinh.webie.com.vn\/#\/schema\/logo\/image\/\",\"url\":\"https:\/\/matkinh.webie.com.vn\/wp-content\/uploads\/2024\/11\/Matkinh-webie-logo.png\",\"contentUrl\":\"https:\/\/matkinh.webie.com.vn\/wp-content\/uploads\/2024\/11\/Matkinh-webie-logo.png\",\"width\":500,\"height\":500,\"caption\":\"M\u1eaft k\u00ednh Webie\"},\"image\":{\"@id\":\"https:\/\/matkinh.webie.com.vn\/#\/schema\/logo\/image\/\"},\"sameAs\":[\"https:\/\/www.facebook.com\/webie.kinhmatonline\"]}]}<\/script>\n<meta property=\"product:brand\" content=\"Bolon\" \/>\n<meta property=\"og:availability\" content=\"instock\" \/>\n<meta property=\"product:availability\" content=\"instock\" \/>\n<meta property=\"product:retailer_item_id\" content=\"BL6111\" \/>\n<meta property=\"product:condition\" content=\"new\" \/>\n<!-- \/ Yoast SEO Premium plugin. -->","yoast_head_json":{"title":"Bolon - BL6111 &#8211; M\u1eaft k\u00ednh Webie","description":"K\u00ednh M\u00e1t Bolon BL6111 d\u00e1ng m\u1eaft m\u00e8o thanh l\u1ecbch, g\u1ecdng TR k\u1ebft h\u1ee3p h\u1ee3p kim, tr\u00f2ng nylon ch\u1ed1ng UV & polarized, t\u00f4n l\u00ean v\u1ebb \u0111\u1eb9p th\u1eddi th\u01b0\u1ee3ng v\u00e0 n\u1eef t\u00ednh.","robots":{"index":"index","follow":"follow","max-snippet":"max-snippet:-1","max-image-preview":"max-image-preview:large","max-video-preview":"max-video-preview:-1"},"canonical":"https:\/\/matkinh.webie.com.vn\/en\/product\/bolon-bl6111\/","og_locale":"en_US","og_type":"article","og_title":"Bolon - BL6111","og_description":"K\u00ednh M\u00e1t Bolon BL6111 d\u00e1ng m\u1eaft m\u00e8o thanh l\u1ecbch, g\u1ecdng TR k\u1ebft h\u1ee3p h\u1ee3p kim, tr\u00f2ng nylon ch\u1ed1ng UV & polarized, t\u00f4n l\u00ean v\u1ebb \u0111\u1eb9p th\u1eddi th\u01b0\u1ee3ng v\u00e0 n\u1eef t\u00ednh.","og_url":"https:\/\/matkinh.webie.com.vn\/en\/product\/bolon-bl6111\/","og_site_name":"M\u1eaft k\u00ednh Webie","article_publisher":"https:\/\/www.facebook.com\/webie.kinhmatonline","article_modified_time":"2026-02-26T16:58:55+00:00","og_image":[{"width":2000,"height":2000,"url":"https:\/\/matkinh.webie.com.vn\/wp-content\/uploads\/2025\/07\/BL6111_A32_45.webp","type":"image\/webp"}],"twitter_card":"summary_large_image","twitter_misc":{"Availability":"In stock"},"schema":{"@context":"https:\/\/schema.org","@graph":[{"@type":"WebPage","@id":"https:\/\/matkinh.webie.com.vn\/product\/bolon-bl6111\/","url":"https:\/\/matkinh.webie.com.vn\/product\/bolon-bl6111\/","name":"Bolon - BL6111 &#8211; M\u1eaft k\u00ednh Webie","isPartOf":{"@id":"https:\/\/matkinh.webie.com.vn\/#website"},"primaryImageOfPage":{"@id":"https:\/\/matkinh.webie.com.vn\/product\/bolon-bl6111\/#primaryimage"},"image":{"@id":"https:\/\/matkinh.webie.com.vn\/product\/bolon-bl6111\/#primaryimage"},"thumbnailUrl":"https:\/\/matkinh.webie.com.vn\/wp-content\/uploads\/2025\/07\/BL6111_A32_45.webp","datePublished":"2025-07-04T02:23:35+00:00","dateModified":"2026-02-26T16:58:55+00:00","description":"K\u00ednh M\u00e1t Bolon BL6111 d\u00e1ng m\u1eaft m\u00e8o thanh l\u1ecbch, g\u1ecdng TR k\u1ebft h\u1ee3p h\u1ee3p kim, tr\u00f2ng nylon ch\u1ed1ng UV & polarized, t\u00f4n l\u00ean v\u1ebb \u0111\u1eb9p th\u1eddi th\u01b0\u1ee3ng v\u00e0 n\u1eef t\u00ednh.","breadcrumb":{"@id":"https:\/\/matkinh.webie.com.vn\/product\/bolon-bl6111\/#breadcrumb"},"inLanguage":"en-US","potentialAction":[{"@type":"ReadAction","target":["https:\/\/matkinh.webie.com.vn\/product\/bolon-bl6111\/"]}]},{"@type":"ImageObject","inLanguage":"en-US","@id":"https:\/\/matkinh.webie.com.vn\/product\/bolon-bl6111\/#primaryimage","url":"https:\/\/matkinh.webie.com.vn\/wp-content\/uploads\/2025\/07\/BL6111_A32_45.webp","contentUrl":"https:\/\/matkinh.webie.com.vn\/wp-content\/uploads\/2025\/07\/BL6111_A32_45.webp","width":2000,"height":2000,"caption":"BL6111_A32_45"},{"@type":"BreadcrumbList","@id":"https:\/\/matkinh.webie.com.vn\/product\/bolon-bl6111\/#breadcrumb","itemListElement":[{"@type":"ListItem","position":1,"name":"Home","item":"https:\/\/matkinh.webie.com.vn\/"},{"@type":"ListItem","position":2,"name":"Shop","item":"https:\/\/matkinh.webie.com.vn\/shop\/"},{"@type":"ListItem","position":3,"name":"Bolon &#8211; BL6111"}]},{"@type":"WebSite","@id":"https:\/\/matkinh.webie.com.vn\/#website","url":"https:\/\/matkinh.webie.com.vn\/","name":"M\u1eaft k\u00ednh Webie","description":"","publisher":{"@id":"https:\/\/matkinh.webie.com.vn\/#organization"},"alternateName":"Webie Eyewear","potentialAction":[{"@type":"SearchAction","target":{"@type":"EntryPoint","urlTemplate":"https:\/\/matkinh.webie.com.vn\/?s={search_term_string}"},"query-input":"required name=search_term_string"}],"inLanguage":"en-US"},{"@type":"Organization","@id":"https:\/\/matkinh.webie.com.vn\/#organization","name":"M\u1eaft k\u00ednh Webie","url":"https:\/\/matkinh.webie.com.vn\/","logo":{"@type":"ImageObject","inLanguage":"en-US","@id":"https:\/\/matkinh.webie.com.vn\/#\/schema\/logo\/image\/","url":"https:\/\/matkinh.webie.com.vn\/wp-content\/uploads\/2024\/11\/Matkinh-webie-logo.png","contentUrl":"https:\/\/matkinh.webie.com.vn\/wp-content\/uploads\/2024\/11\/Matkinh-webie-logo.png","width":500,"height":500,"caption":"M\u1eaft k\u00ednh Webie"},"image":{"@id":"https:\/\/matkinh.webie.com.vn\/#\/schema\/logo\/image\/"},"sameAs":["https:\/\/www.facebook.com\/webie.kinhmatonline"]}]},"product_brand":"Bolon","og_availability":"instock","product_availability":"instock","product_retailer_item_id":"BL6111","product_condition":"new"},"_links":{"self":[{"href":"https:\/\/matkinh.webie.com.vn\/en\/wp-json\/wp\/v2\/product\/19659","targetHints":{"allow":["GET"]}}],"collection":[{"href":"https:\/\/matkinh.webie.com.vn\/en\/wp-json\/wp\/v2\/product"}],"about":[{"href":"https:\/\/matkinh.webie.com.vn\/en\/wp-json\/wp\/v2\/types\/product"}],"replies":[{"embeddable":true,"href":"https:\/\/matkinh.webie.com.vn\/en\/wp-json\/wp\/v2\/comments?post=19659"}],"version-history":[{"count":3,"href":"https:\/\/matkinh.webie.com.vn\/en\/wp-json\/wp\/v2\/product\/19659\/revisions"}],"predecessor-version":[{"id":19697,"href":"https:\/\/matkinh.webie.com.vn\/en\/wp-json\/wp\/v2\/product\/19659\/revisions\/19697"}],"wp:featuredmedia":[{"embeddable":true,"href":"https:\/\/matkinh.webie.com.vn\/en\/wp-json\/wp\/v2\/media\/19669"}],"wp:attachment":[{"href":"https:\/\/matkinh.webie.com.vn\/en\/wp-json\/wp\/v2\/media?parent=19659"}],"wp:term":[{"taxonomy":"product_brand","embeddable":true,"href":"https:\/\/matkinh.webie.com.vn\/en\/wp-json\/wp\/v2\/product_brand?post=19659"},{"taxonomy":"product_cat","embeddable":true,"href":"https:\/\/matkinh.webie.com.vn\/en\/wp-json\/wp\/v2\/product_cat?post=19659"},{"taxonomy":"product_tag","embeddable":true,"href":"https:\/\/matkinh.webie.com.vn\/en\/wp-json\/wp\/v2\/product_tag?post=19659"}],"curies":[{"name":"wp","href":"https:\/\/api.w.org\/{rel}","templated":true}]}}