{"id":19695,"date":"2025-07-04T09:46:14","date_gmt":"2025-07-04T02:46:14","guid":{"rendered":"https:\/\/matkinh.webie.com.vn\/?post_type=product&#038;p=19695"},"modified":"2026-04-09T10:00:45","modified_gmt":"2026-04-09T03:00:45","slug":"bolon-bl8122","status":"publish","type":"product","link":"https:\/\/matkinh.webie.com.vn\/en\/product\/bolon-bl8122\/","title":{"rendered":"Bolon &#8211; BL8122"},"content":{"rendered":"<h2><strong>K\u00ednh M\u00e1t Bolon BL8122<\/strong><\/h2>\n<p>M\u1ed9t bi\u1ec3u t\u01b0\u1ee3ng c\u1ee7a v\u1ebb nam t\u00ednh tinh t\u1ebf, m\u1eabu k\u00ednh m\u00e1t <strong>Bolon BL8122<\/strong> t\u00e1i \u0111\u1ecbnh ngh\u0129a d\u00e1ng aviator c\u1ed5 \u0111i\u1ec3n v\u1edbi phom d\u00e1ng l\u1ea5y c\u1ea3m h\u1ee9ng t\u1eeb oval hi\u1ec7n \u0111\u1ea1i, gi\u00fap g\u01b0\u01a1ng m\u1eb7t tr\u00f4ng thon g\u1ecdn m\u1ed9t c\u00e1ch nh\u1eb9 nh\u00e0ng v\u00e0 thanh l\u1ecbch. \u0110\u01b0\u1ee3c ch\u1ebf t\u00e1c t\u1eeb th\u00e9p kh\u00f4ng g\u1ec9, ph\u1ea7n g\u1ecdng full-rim mang \u0111\u1ebfn s\u1ef1 ch\u1eafc ch\u1eafn v\u00e0 sang tr\u1ecdng, trong khi tr\u00f2ng k\u00ednh ph\u00e2n c\u1ef1c \u0111\u1ea3m b\u1ea3o \u0111\u1ed9 r\u00f5 n\u00e9t v\u00e0 b\u1ea3o v\u1ec7 t\u1ed1i \u01b0u cho m\u1eaft.<\/p>\n<div class=\"ewa-rteLine\">C\u00e0ng k\u00ednh l\u00e0m t\u1eeb \u03b2 Titanium l\u00e0 \u0111i\u1ec3m nh\u1ea5n c\u00f4ng ngh\u1ec7 v\u01b0\u1ee3t tr\u1ed9i \u2014 si\u00eau nh\u1eb9 nh\u01b0ng v\u00f4 c\u00f9ng b\u1ec1n b\u1ec9 \u2014 mang l\u1ea1i c\u1ea3m gi\u00e1c xa x\u1ec9 kh\u00f4ng g\u1eafng g\u01b0\u1ee3ng. M\u1ed9t phi\u00ean b\u1ea3n hi\u1ec7n \u0111\u1ea1i c\u1ee7a thi\u1ebft k\u1ebf v\u01b0\u1ee3t th\u1eddi gian, chi\u1ebfc k\u00ednh n\u00e0y l\u00e0 s\u1ef1 k\u1ebft h\u1ee3p ho\u00e0n h\u1ea3o gi\u1eefa phong c\u00e1ch v\u00e0 t\u00ednh n\u0103ng d\u00e0nh cho ng\u01b0\u1eddi \u0111\u00e0n \u00f4ng \u0111\u1ec1 cao tay ngh\u1ec1 th\u1ee7 c\u00f4ng v\u00e0 s\u1ef1 tinh t\u1ebf trong t\u1eebng chi ti\u1ebft.<\/div>\n<p><a href=\"https:\/\/matkinh.webie.com.vn\/wp-content\/uploads\/2025\/06\/BOLON_Eyewear_Logo_Black-scaled.webp\"><img fetchpriority=\"high\" decoding=\"async\" class=\"wp-image-19613 size-full\" src=\"https:\/\/matkinh.webie.com.vn\/wp-content\/uploads\/2025\/06\/BOLON_Eyewear_Logo_Black-scaled.webp\" alt=\"BOLON_Eyewear_Logo_Black\" width=\"2560\" height=\"1006\" srcset=\"https:\/\/matkinh.webie.com.vn\/wp-content\/uploads\/2025\/06\/BOLON_Eyewear_Logo_Black-scaled.webp 2560w, https:\/\/matkinh.webie.com.vn\/wp-content\/uploads\/2025\/06\/BOLON_Eyewear_Logo_Black-400x157.webp 400w, https:\/\/matkinh.webie.com.vn\/wp-content\/uploads\/2025\/06\/BOLON_Eyewear_Logo_Black-1300x511.webp 1300w, https:\/\/matkinh.webie.com.vn\/wp-content\/uploads\/2025\/06\/BOLON_Eyewear_Logo_Black-768x302.webp 768w, https:\/\/matkinh.webie.com.vn\/wp-content\/uploads\/2025\/06\/BOLON_Eyewear_Logo_Black-1536x604.webp 1536w, https:\/\/matkinh.webie.com.vn\/wp-content\/uploads\/2025\/06\/BOLON_Eyewear_Logo_Black-2048x805.webp 2048w, https:\/\/matkinh.webie.com.vn\/wp-content\/uploads\/2025\/06\/BOLON_Eyewear_Logo_Black-1320x519.webp 1320w, https:\/\/matkinh.webie.com.vn\/wp-content\/uploads\/2025\/06\/BOLON_Eyewear_Logo_Black-430x169.webp 430w, https:\/\/matkinh.webie.com.vn\/wp-content\/uploads\/2025\/06\/BOLON_Eyewear_Logo_Black-700x275.webp 700w, https:\/\/matkinh.webie.com.vn\/wp-content\/uploads\/2025\/06\/BOLON_Eyewear_Logo_Black-150x59.webp 150w\" sizes=\"(max-width: 2560px) 100vw, 2560px\" \/><\/a><\/p>\n<h3><strong>PRODUCT INFORMATION<\/strong><\/h3>\n<p><strong>Frames<\/strong><\/p>\n<div class=\"ewa-rteLine\">\n<div class=\"ewa-rteLine\">\n<div class=\"ewa-rteLine\">\n<ul>\n<li class=\"ewa-rteLine\">Shape: Aviator<\/li>\n<li class=\"ewa-rteLine\">Frame material: Stainless steel<\/li>\n<li class=\"ewa-rteLine\">Lens material: Nylon<\/li>\n<li class=\"ewa-rteLine\">UV Protection: YES<\/li>\n<li class=\"ewa-rteLine\">Polarized: Yes<\/li>\n<\/ul>\n<\/div>\n<\/div>\n<\/div>\n<p><strong>Size<\/strong><\/p>\n<div class=\"ewa-rteLine\">\n<ul>\n<li class=\"ewa-rteLine\">\u0110\u1ed9 r\u1ed9ng tr\u00f2ng: 61 mm<\/li>\n<li class=\"ewa-rteLine\">Nose bridge: 15 mm<\/li>\n<li class=\"ewa-rteLine\">Temple length: 148 mm<\/li>\n<li class=\"ewa-rteLine\">Suitable for: Oval | Triangle | Diamond face shapes<\/li>\n<\/ul>\n<\/div>\n<h3><strong>Eyewear Care Guide<\/strong><\/h3>\n<ul>\n<li>Store glasses in a protective case when not in use.<\/li>\n<li>Avoid touching the lenses with your fingers and never place them face down to prevent scratches.<\/li>\n<li>Use both hands when putting on or removing glasses to hold the temples and keep the frame from bending or deforming.<\/li>\n<li>Clean the lenses regularly using lens cleaning solution and a microfiber cleaning cloth.<\/li>\n<\/ul>","protected":false},"excerpt":{"rendered":"<p>M\u1ed9t bi\u1ec3u t\u01b0\u1ee3ng c\u1ee7a v\u1ebb nam t\u00ednh tinh t\u1ebf, m\u1eabu k\u00ednh m\u00e1t <strong>Bolon BL8122<\/strong> t\u00e1i \u0111\u1ecbnh ngh\u0129a d\u00e1ng aviator c\u1ed5 \u0111i\u1ec3n v\u1edbi phom d\u00e1ng l\u1ea5y c\u1ea3m h\u1ee9ng t\u1eeb oval hi\u1ec7n \u0111\u1ea1i, gi\u00fap g\u01b0\u01a1ng m\u1eb7t tr\u00f4ng thon g\u1ecdn m\u1ed9t c\u00e1ch nh\u1eb9 nh\u00e0ng v\u00e0 thanh l\u1ecbch. \u0110\u01b0\u1ee3c ch\u1ebf t\u00e1c t\u1eeb th\u00e9p kh\u00f4ng g\u1ec9, ph\u1ea7n g\u1ecdng full-rim mang \u0111\u1ebfn s\u1ef1 ch\u1eafc ch\u1eafn v\u00e0 sang tr\u1ecdng, trong khi tr\u00f2ng k\u00ednh ph\u00e2n c\u1ef1c \u0111\u1ea3m b\u1ea3o \u0111\u1ed9 r\u00f5 n\u00e9t v\u00e0 b\u1ea3o v\u1ec7 t\u1ed1i \u01b0u cho m\u1eaft.<\/p>","protected":false},"featured_media":19705,"comment_status":"open","ping_status":"closed","template":"","meta":[],"product_brand":[],"product_cat":[119],"product_tag":[226,449,450],"class_list":{"0":"post-19695","1":"product","2":"type-product","3":"status-publish","4":"has-post-thumbnail","6":"product_cat-kinh-mat","7":"product_tag-boloneyewear","8":"product_tag-kinhmatbolon","9":"product_tag-matkinhwebie","11":"first","12":"instock","13":"shipping-taxable","14":"purchasable","15":"product-type-variable"},"yoast_head":"<!-- This site is optimized with the Yoast SEO Premium plugin v23.2 (Yoast SEO v23.2) - https:\/\/yoast.com\/wordpress\/plugins\/seo\/ -->\n<title>Bolon - BL8122 &#8211; M\u1eaft k\u00ednh Webie<\/title>\n<meta name=\"description\" content=\"K\u00ednh M\u00e1t Bolon BL8122 d\u00e1ng phi c\u00f4ng hi\u1ec7n \u0111\u1ea1i, g\u1ecdng th\u00e9p kh\u00f4ng g\u1ec9, c\u00e0ng titanium, tr\u00f2ng polarized ch\u1ed1ng UV \u2014 nam t\u00ednh, tinh t\u1ebf v\u00e0 nh\u1eb9 b\u1ec1n v\u01b0\u1ee3t tr\u1ed9i.\" \/>\n<meta name=\"robots\" content=\"index, follow, max-snippet:-1, max-image-preview:large, max-video-preview:-1\" \/>\n<link rel=\"canonical\" href=\"https:\/\/matkinh.webie.com.vn\/en\/product\/bolon-bl8122\/\" \/>\n<meta property=\"og:locale\" content=\"en_US\" \/>\n<meta property=\"og:type\" content=\"article\" \/>\n<meta property=\"og:title\" content=\"Bolon - BL8122\" \/>\n<meta property=\"og:description\" content=\"K\u00ednh M\u00e1t Bolon BL8122 d\u00e1ng phi c\u00f4ng hi\u1ec7n \u0111\u1ea1i, g\u1ecdng th\u00e9p kh\u00f4ng g\u1ec9, c\u00e0ng titanium, tr\u00f2ng polarized ch\u1ed1ng UV \u2014 nam t\u00ednh, tinh t\u1ebf v\u00e0 nh\u1eb9 b\u1ec1n v\u01b0\u1ee3t tr\u1ed9i.\" \/>\n<meta property=\"og:url\" content=\"https:\/\/matkinh.webie.com.vn\/en\/product\/bolon-bl8122\/\" \/>\n<meta property=\"og:site_name\" content=\"M\u1eaft k\u00ednh Webie\" \/>\n<meta property=\"article:publisher\" content=\"https:\/\/www.facebook.com\/webie.kinhmatonline\" \/>\n<meta property=\"article:modified_time\" content=\"2026-04-09T03:00:45+00:00\" \/>\n<meta property=\"og:image\" content=\"https:\/\/matkinh.webie.com.vn\/wp-content\/uploads\/2025\/07\/BL8122_D11_45.webp\" \/>\n\t<meta property=\"og:image:width\" content=\"2000\" \/>\n\t<meta property=\"og:image:height\" content=\"2000\" \/>\n\t<meta property=\"og:image:type\" content=\"image\/webp\" \/>\n<meta name=\"twitter:card\" content=\"summary_large_image\" \/>\n<meta name=\"twitter:label1\" content=\"Availability\" \/>\n\t<meta name=\"twitter:data1\" content=\"In stock\" \/>\n<script type=\"application\/ld+json\" class=\"yoast-schema-graph\">{\"@context\":\"https:\/\/schema.org\",\"@graph\":[{\"@type\":\"WebPage\",\"@id\":\"https:\/\/matkinh.webie.com.vn\/product\/bolon-bl8122\/\",\"url\":\"https:\/\/matkinh.webie.com.vn\/product\/bolon-bl8122\/\",\"name\":\"Bolon - BL8122 &#8211; M\u1eaft k\u00ednh Webie\",\"isPartOf\":{\"@id\":\"https:\/\/matkinh.webie.com.vn\/#website\"},\"primaryImageOfPage\":{\"@id\":\"https:\/\/matkinh.webie.com.vn\/product\/bolon-bl8122\/#primaryimage\"},\"image\":{\"@id\":\"https:\/\/matkinh.webie.com.vn\/product\/bolon-bl8122\/#primaryimage\"},\"thumbnailUrl\":\"https:\/\/matkinh.webie.com.vn\/wp-content\/uploads\/2025\/07\/BL8122_D11_45.webp\",\"datePublished\":\"2025-07-04T02:46:14+00:00\",\"dateModified\":\"2026-04-09T03:00:45+00:00\",\"description\":\"K\u00ednh M\u00e1t Bolon BL8122 d\u00e1ng phi c\u00f4ng hi\u1ec7n \u0111\u1ea1i, g\u1ecdng th\u00e9p kh\u00f4ng g\u1ec9, c\u00e0ng titanium, tr\u00f2ng polarized ch\u1ed1ng UV \u2014 nam t\u00ednh, tinh t\u1ebf v\u00e0 nh\u1eb9 b\u1ec1n v\u01b0\u1ee3t tr\u1ed9i.\",\"breadcrumb\":{\"@id\":\"https:\/\/matkinh.webie.com.vn\/product\/bolon-bl8122\/#breadcrumb\"},\"inLanguage\":\"en-US\",\"potentialAction\":[{\"@type\":\"ReadAction\",\"target\":[\"https:\/\/matkinh.webie.com.vn\/product\/bolon-bl8122\/\"]}]},{\"@type\":\"ImageObject\",\"inLanguage\":\"en-US\",\"@id\":\"https:\/\/matkinh.webie.com.vn\/product\/bolon-bl8122\/#primaryimage\",\"url\":\"https:\/\/matkinh.webie.com.vn\/wp-content\/uploads\/2025\/07\/BL8122_D11_45.webp\",\"contentUrl\":\"https:\/\/matkinh.webie.com.vn\/wp-content\/uploads\/2025\/07\/BL8122_D11_45.webp\",\"width\":2000,\"height\":2000,\"caption\":\"BL8122_D11_45\"},{\"@type\":\"BreadcrumbList\",\"@id\":\"https:\/\/matkinh.webie.com.vn\/product\/bolon-bl8122\/#breadcrumb\",\"itemListElement\":[{\"@type\":\"ListItem\",\"position\":1,\"name\":\"Home\",\"item\":\"https:\/\/matkinh.webie.com.vn\/\"},{\"@type\":\"ListItem\",\"position\":2,\"name\":\"Shop\",\"item\":\"https:\/\/matkinh.webie.com.vn\/shop\/\"},{\"@type\":\"ListItem\",\"position\":3,\"name\":\"Bolon &#8211; BL8122\"}]},{\"@type\":\"WebSite\",\"@id\":\"https:\/\/matkinh.webie.com.vn\/#website\",\"url\":\"https:\/\/matkinh.webie.com.vn\/\",\"name\":\"M\u1eaft k\u00ednh Webie\",\"description\":\"\",\"publisher\":{\"@id\":\"https:\/\/matkinh.webie.com.vn\/#organization\"},\"alternateName\":\"Webie Eyewear\",\"potentialAction\":[{\"@type\":\"SearchAction\",\"target\":{\"@type\":\"EntryPoint\",\"urlTemplate\":\"https:\/\/matkinh.webie.com.vn\/?s={search_term_string}\"},\"query-input\":\"required name=search_term_string\"}],\"inLanguage\":\"en-US\"},{\"@type\":\"Organization\",\"@id\":\"https:\/\/matkinh.webie.com.vn\/#organization\",\"name\":\"M\u1eaft k\u00ednh Webie\",\"url\":\"https:\/\/matkinh.webie.com.vn\/\",\"logo\":{\"@type\":\"ImageObject\",\"inLanguage\":\"en-US\",\"@id\":\"https:\/\/matkinh.webie.com.vn\/#\/schema\/logo\/image\/\",\"url\":\"https:\/\/matkinh.webie.com.vn\/wp-content\/uploads\/2024\/11\/Matkinh-webie-logo.png\",\"contentUrl\":\"https:\/\/matkinh.webie.com.vn\/wp-content\/uploads\/2024\/11\/Matkinh-webie-logo.png\",\"width\":500,\"height\":500,\"caption\":\"M\u1eaft k\u00ednh Webie\"},\"image\":{\"@id\":\"https:\/\/matkinh.webie.com.vn\/#\/schema\/logo\/image\/\"},\"sameAs\":[\"https:\/\/www.facebook.com\/webie.kinhmatonline\"]}]}<\/script>\n<meta property=\"product:brand\" content=\"Bolon\" \/>\n<meta property=\"og:availability\" content=\"instock\" \/>\n<meta property=\"product:availability\" content=\"instock\" \/>\n<meta property=\"product:retailer_item_id\" content=\"BL8122\" \/>\n<meta property=\"product:condition\" content=\"new\" \/>\n<!-- \/ Yoast SEO Premium plugin. -->","yoast_head_json":{"title":"Bolon - BL8122 &#8211; M\u1eaft k\u00ednh Webie","description":"K\u00ednh M\u00e1t Bolon BL8122 d\u00e1ng phi c\u00f4ng hi\u1ec7n \u0111\u1ea1i, g\u1ecdng th\u00e9p kh\u00f4ng g\u1ec9, c\u00e0ng titanium, tr\u00f2ng polarized ch\u1ed1ng UV \u2014 nam t\u00ednh, tinh t\u1ebf v\u00e0 nh\u1eb9 b\u1ec1n v\u01b0\u1ee3t tr\u1ed9i.","robots":{"index":"index","follow":"follow","max-snippet":"max-snippet:-1","max-image-preview":"max-image-preview:large","max-video-preview":"max-video-preview:-1"},"canonical":"https:\/\/matkinh.webie.com.vn\/en\/product\/bolon-bl8122\/","og_locale":"en_US","og_type":"article","og_title":"Bolon - BL8122","og_description":"K\u00ednh M\u00e1t Bolon BL8122 d\u00e1ng phi c\u00f4ng hi\u1ec7n \u0111\u1ea1i, g\u1ecdng th\u00e9p kh\u00f4ng g\u1ec9, c\u00e0ng titanium, tr\u00f2ng polarized ch\u1ed1ng UV \u2014 nam t\u00ednh, tinh t\u1ebf v\u00e0 nh\u1eb9 b\u1ec1n v\u01b0\u1ee3t tr\u1ed9i.","og_url":"https:\/\/matkinh.webie.com.vn\/en\/product\/bolon-bl8122\/","og_site_name":"M\u1eaft k\u00ednh Webie","article_publisher":"https:\/\/www.facebook.com\/webie.kinhmatonline","article_modified_time":"2026-04-09T03:00:45+00:00","og_image":[{"width":2000,"height":2000,"url":"https:\/\/matkinh.webie.com.vn\/wp-content\/uploads\/2025\/07\/BL8122_D11_45.webp","type":"image\/webp"}],"twitter_card":"summary_large_image","twitter_misc":{"Availability":"In stock"},"schema":{"@context":"https:\/\/schema.org","@graph":[{"@type":"WebPage","@id":"https:\/\/matkinh.webie.com.vn\/product\/bolon-bl8122\/","url":"https:\/\/matkinh.webie.com.vn\/product\/bolon-bl8122\/","name":"Bolon - BL8122 &#8211; M\u1eaft k\u00ednh Webie","isPartOf":{"@id":"https:\/\/matkinh.webie.com.vn\/#website"},"primaryImageOfPage":{"@id":"https:\/\/matkinh.webie.com.vn\/product\/bolon-bl8122\/#primaryimage"},"image":{"@id":"https:\/\/matkinh.webie.com.vn\/product\/bolon-bl8122\/#primaryimage"},"thumbnailUrl":"https:\/\/matkinh.webie.com.vn\/wp-content\/uploads\/2025\/07\/BL8122_D11_45.webp","datePublished":"2025-07-04T02:46:14+00:00","dateModified":"2026-04-09T03:00:45+00:00","description":"K\u00ednh M\u00e1t Bolon BL8122 d\u00e1ng phi c\u00f4ng hi\u1ec7n \u0111\u1ea1i, g\u1ecdng th\u00e9p kh\u00f4ng g\u1ec9, c\u00e0ng titanium, tr\u00f2ng polarized ch\u1ed1ng UV \u2014 nam t\u00ednh, tinh t\u1ebf v\u00e0 nh\u1eb9 b\u1ec1n v\u01b0\u1ee3t tr\u1ed9i.","breadcrumb":{"@id":"https:\/\/matkinh.webie.com.vn\/product\/bolon-bl8122\/#breadcrumb"},"inLanguage":"en-US","potentialAction":[{"@type":"ReadAction","target":["https:\/\/matkinh.webie.com.vn\/product\/bolon-bl8122\/"]}]},{"@type":"ImageObject","inLanguage":"en-US","@id":"https:\/\/matkinh.webie.com.vn\/product\/bolon-bl8122\/#primaryimage","url":"https:\/\/matkinh.webie.com.vn\/wp-content\/uploads\/2025\/07\/BL8122_D11_45.webp","contentUrl":"https:\/\/matkinh.webie.com.vn\/wp-content\/uploads\/2025\/07\/BL8122_D11_45.webp","width":2000,"height":2000,"caption":"BL8122_D11_45"},{"@type":"BreadcrumbList","@id":"https:\/\/matkinh.webie.com.vn\/product\/bolon-bl8122\/#breadcrumb","itemListElement":[{"@type":"ListItem","position":1,"name":"Home","item":"https:\/\/matkinh.webie.com.vn\/"},{"@type":"ListItem","position":2,"name":"Shop","item":"https:\/\/matkinh.webie.com.vn\/shop\/"},{"@type":"ListItem","position":3,"name":"Bolon &#8211; BL8122"}]},{"@type":"WebSite","@id":"https:\/\/matkinh.webie.com.vn\/#website","url":"https:\/\/matkinh.webie.com.vn\/","name":"M\u1eaft k\u00ednh Webie","description":"","publisher":{"@id":"https:\/\/matkinh.webie.com.vn\/#organization"},"alternateName":"Webie Eyewear","potentialAction":[{"@type":"SearchAction","target":{"@type":"EntryPoint","urlTemplate":"https:\/\/matkinh.webie.com.vn\/?s={search_term_string}"},"query-input":"required name=search_term_string"}],"inLanguage":"en-US"},{"@type":"Organization","@id":"https:\/\/matkinh.webie.com.vn\/#organization","name":"M\u1eaft k\u00ednh Webie","url":"https:\/\/matkinh.webie.com.vn\/","logo":{"@type":"ImageObject","inLanguage":"en-US","@id":"https:\/\/matkinh.webie.com.vn\/#\/schema\/logo\/image\/","url":"https:\/\/matkinh.webie.com.vn\/wp-content\/uploads\/2024\/11\/Matkinh-webie-logo.png","contentUrl":"https:\/\/matkinh.webie.com.vn\/wp-content\/uploads\/2024\/11\/Matkinh-webie-logo.png","width":500,"height":500,"caption":"M\u1eaft k\u00ednh Webie"},"image":{"@id":"https:\/\/matkinh.webie.com.vn\/#\/schema\/logo\/image\/"},"sameAs":["https:\/\/www.facebook.com\/webie.kinhmatonline"]}]},"product_brand":"Bolon","og_availability":"instock","product_availability":"instock","product_retailer_item_id":"BL8122","product_condition":"new"},"_links":{"self":[{"href":"https:\/\/matkinh.webie.com.vn\/en\/wp-json\/wp\/v2\/product\/19695","targetHints":{"allow":["GET"]}}],"collection":[{"href":"https:\/\/matkinh.webie.com.vn\/en\/wp-json\/wp\/v2\/product"}],"about":[{"href":"https:\/\/matkinh.webie.com.vn\/en\/wp-json\/wp\/v2\/types\/product"}],"replies":[{"embeddable":true,"href":"https:\/\/matkinh.webie.com.vn\/en\/wp-json\/wp\/v2\/comments?post=19695"}],"version-history":[{"count":3,"href":"https:\/\/matkinh.webie.com.vn\/en\/wp-json\/wp\/v2\/product\/19695\/revisions"}],"predecessor-version":[{"id":19714,"href":"https:\/\/matkinh.webie.com.vn\/en\/wp-json\/wp\/v2\/product\/19695\/revisions\/19714"}],"wp:featuredmedia":[{"embeddable":true,"href":"https:\/\/matkinh.webie.com.vn\/en\/wp-json\/wp\/v2\/media\/19705"}],"wp:attachment":[{"href":"https:\/\/matkinh.webie.com.vn\/en\/wp-json\/wp\/v2\/media?parent=19695"}],"wp:term":[{"taxonomy":"product_brand","embeddable":true,"href":"https:\/\/matkinh.webie.com.vn\/en\/wp-json\/wp\/v2\/product_brand?post=19695"},{"taxonomy":"product_cat","embeddable":true,"href":"https:\/\/matkinh.webie.com.vn\/en\/wp-json\/wp\/v2\/product_cat?post=19695"},{"taxonomy":"product_tag","embeddable":true,"href":"https:\/\/matkinh.webie.com.vn\/en\/wp-json\/wp\/v2\/product_tag?post=19695"}],"curies":[{"name":"wp","href":"https:\/\/api.w.org\/{rel}","templated":true}]}}