{"id":19711,"date":"2025-07-09T10:40:11","date_gmt":"2025-07-09T03:40:11","guid":{"rendered":"https:\/\/matkinh.webie.com.vn\/?post_type=product&#038;p=19711"},"modified":"2025-07-09T10:49:18","modified_gmt":"2025-07-09T03:49:18","slug":"bolon-bx5007","status":"publish","type":"product","link":"https:\/\/matkinh.webie.com.vn\/en\/product\/bolon-bx5007\/","title":{"rendered":"Bolon &#8211; BX5007"},"content":{"rendered":"<h2><strong>Bolon BX5007<\/strong><\/h2>\n<p>A striking fusion of artistry and functionality, this sunglasses <strong>Bolon BX5007 Unisex<\/strong> brings a bold and distinctive perspective to the world of accessories. Crafted from premium TR material, the full-rim frame combines elegance with a strong sense of individuality. Its asymmetrical design creates a contemporary statement, capturing attention in a refined and understated way.<\/p>\n<div class=\"ewa-rteLine\">The lenses extend subtly toward the wide-frame structure, creating a seamless and captivating flow. While the frame maintains a slender silhouette, the bold and unconventional lens shape elevates the overall look, making a striking statement of individuality. Perfect for those who appreciate modern design and meticulous craftsmanship, this eyewear redefines the concept of \u201cstylish distinction.\u201d<\/div>\n<p><a href=\"https:\/\/matkinh.webie.com.vn\/wp-content\/uploads\/2025\/06\/BOLON_Eyewear_Logo_Black-scaled.webp\"><img fetchpriority=\"high\" decoding=\"async\" class=\"wp-image-19613 size-full\" src=\"https:\/\/matkinh.webie.com.vn\/wp-content\/uploads\/2025\/06\/BOLON_Eyewear_Logo_Black-scaled.webp\" alt=\"BOLON_Eyewear_Logo_Black\" width=\"2560\" height=\"1006\" srcset=\"https:\/\/matkinh.webie.com.vn\/wp-content\/uploads\/2025\/06\/BOLON_Eyewear_Logo_Black-scaled.webp 2560w, https:\/\/matkinh.webie.com.vn\/wp-content\/uploads\/2025\/06\/BOLON_Eyewear_Logo_Black-400x157.webp 400w, https:\/\/matkinh.webie.com.vn\/wp-content\/uploads\/2025\/06\/BOLON_Eyewear_Logo_Black-1300x511.webp 1300w, https:\/\/matkinh.webie.com.vn\/wp-content\/uploads\/2025\/06\/BOLON_Eyewear_Logo_Black-768x302.webp 768w, https:\/\/matkinh.webie.com.vn\/wp-content\/uploads\/2025\/06\/BOLON_Eyewear_Logo_Black-1536x604.webp 1536w, https:\/\/matkinh.webie.com.vn\/wp-content\/uploads\/2025\/06\/BOLON_Eyewear_Logo_Black-2048x805.webp 2048w, https:\/\/matkinh.webie.com.vn\/wp-content\/uploads\/2025\/06\/BOLON_Eyewear_Logo_Black-1320x519.webp 1320w, https:\/\/matkinh.webie.com.vn\/wp-content\/uploads\/2025\/06\/BOLON_Eyewear_Logo_Black-430x169.webp 430w, https:\/\/matkinh.webie.com.vn\/wp-content\/uploads\/2025\/06\/BOLON_Eyewear_Logo_Black-700x275.webp 700w, https:\/\/matkinh.webie.com.vn\/wp-content\/uploads\/2025\/06\/BOLON_Eyewear_Logo_Black-150x59.webp 150w\" sizes=\"(max-width: 2560px) 100vw, 2560px\" \/><\/a><\/p>\n<h3><strong>PRODUCT INFORMATION<\/strong><\/h3>\n<p><strong>Frames<\/strong><\/p>\n<div class=\"ewa-rteLine\">\n<div class=\"ewa-rteLine\">\n<div class=\"ewa-rteLine\">\n<ul>\n<li class=\"ewa-rteLine\">\n<div class=\"ewa-rteLine\">Shape: Polygon<\/div>\n<div class=\"ewa-rteLine\"><\/div>\n<\/li>\n<li class=\"ewa-rteLine\">\n<div class=\"ewa-rteLine\">Frame material: TR<\/p>\n<div class=\"ewa-rteLine\"><\/div>\n<\/div>\n<\/li>\n<li class=\"ewa-rteLine\">\n<div class=\"ewa-rteLine\">Lens material: Nylon<\/div>\n<div class=\"ewa-rteLine\"><\/div>\n<div class=\"ewa-rteLine\"><\/div>\n<\/li>\n<li class=\"ewa-rteLine\">\n<div class=\"ewa-rteLine\">UV Protection: YES<\/div>\n<div class=\"ewa-rteLine\"><\/div>\n<\/li>\n<li class=\"ewa-rteLine\">\n<div class=\"ewa-rteLine\">Polarized: Yes<\/div>\n<\/li>\n<\/ul>\n<\/div>\n<\/div>\n<\/div>\n<p><strong>Size<\/strong><\/p>\n<div class=\"ewa-rteLine\">\n<ul>\n<li class=\"ewa-rteLine\">\n<div class=\"ewa-rteLine\">Lens width: 68 mm<\/div>\n<\/li>\n<li class=\"ewa-rteLine\">\n<div class=\"ewa-rteLine\">Nose bridge: 15 mm<\/div>\n<div class=\"ewa-rteLine\"><\/div>\n<\/li>\n<li class=\"ewa-rteLine\">\n<div class=\"ewa-rteLine\">Temple length: 138 mm<\/div>\n<div class=\"ewa-rteLine\"><\/div>\n<\/li>\n<li class=\"ewa-rteLine\">\n<div class=\"ewa-rteLine\">Suitable for: Oval | Triangle | Diamond face shapes<\/div>\n<\/li>\n<\/ul>\n<\/div>\n<h3><strong>Eyewear Care Guide<\/strong><\/h3>\n<ul>\n<li>Store glasses in a protective case when not in use.<\/li>\n<li>Avoid touching the lenses with your fingers and never place them face down to prevent scratches.<\/li>\n<li>Use both hands when putting on or removing glasses to hold the temples and keep the frame from bending or deforming.<\/li>\n<li>Clean the lenses regularly using lens cleaning solution and a microfiber cleaning cloth.<\/li>\n<\/ul>","protected":false},"excerpt":{"rendered":"<p>K\u00ednh M\u00e1t Bolon BX5007 M\u1ed9t s\u1ef1 k\u1ebft h\u1ee3p \u0111\u1ea7y \u1ea5n t\u01b0\u1ee3ng gi\u1eefa ngh\u1ec7 thu\u1eadt v\u00e0 c\u00f4ng n\u0103ng, m\u1eabu k\u00ednh m\u00e1t<\/p>","protected":false},"featured_media":19718,"comment_status":"open","ping_status":"closed","template":"","meta":[],"product_brand":[],"product_cat":[119],"product_tag":[226,449,450],"class_list":{"0":"post-19711","1":"product","2":"type-product","3":"status-publish","4":"has-post-thumbnail","6":"product_cat-kinh-mat","7":"product_tag-boloneyewear","8":"product_tag-kinhmatbolon","9":"product_tag-matkinhwebie","11":"first","12":"instock","13":"shipping-taxable","14":"purchasable","15":"product-type-variable"},"yoast_head":"<!-- This site is optimized with the Yoast SEO Premium plugin v23.2 (Yoast SEO v23.2) - https:\/\/yoast.com\/wordpress\/plugins\/seo\/ -->\n<title>Bolon - BX5007 &#8211; M\u1eaft k\u00ednh Webie<\/title>\n<meta name=\"description\" content=\"Kh\u00e1m ph\u00e1 k\u00ednh m\u00e1t Bolon BX5007 v\u1edbi thi\u1ebft k\u1ebf \u0111a gi\u00e1c \u0111\u1ed9c \u0111\u00e1o, ch\u1ea5t li\u1ec7u TR cao c\u1ea5p, tr\u00f2ng Polarized ch\u1ed1ng UV \u2013 phong c\u00e1ch v\u00e0 b\u1ea3o v\u1ec7 t\u1ed1i \u01b0u.\" \/>\n<meta name=\"robots\" content=\"index, follow, max-snippet:-1, max-image-preview:large, max-video-preview:-1\" \/>\n<link rel=\"canonical\" href=\"https:\/\/matkinh.webie.com.vn\/en\/product\/bolon-bx5007\/\" \/>\n<meta property=\"og:locale\" content=\"en_US\" \/>\n<meta property=\"og:type\" content=\"article\" \/>\n<meta property=\"og:title\" content=\"Bolon - BX5007\" \/>\n<meta property=\"og:description\" content=\"Kh\u00e1m ph\u00e1 k\u00ednh m\u00e1t Bolon BX5007 v\u1edbi thi\u1ebft k\u1ebf \u0111a gi\u00e1c \u0111\u1ed9c \u0111\u00e1o, ch\u1ea5t li\u1ec7u TR cao c\u1ea5p, tr\u00f2ng Polarized ch\u1ed1ng UV \u2013 phong c\u00e1ch v\u00e0 b\u1ea3o v\u1ec7 t\u1ed1i \u01b0u.\" \/>\n<meta property=\"og:url\" content=\"https:\/\/matkinh.webie.com.vn\/en\/product\/bolon-bx5007\/\" \/>\n<meta property=\"og:site_name\" content=\"M\u1eaft k\u00ednh Webie\" \/>\n<meta property=\"article:publisher\" content=\"https:\/\/www.facebook.com\/webie.kinhmatonline\" \/>\n<meta property=\"article:modified_time\" content=\"2025-07-09T03:49:18+00:00\" \/>\n<meta property=\"og:image\" content=\"https:\/\/matkinh.webie.com.vn\/wp-content\/uploads\/2025\/07\/BX5007_A10_45.webp\" \/>\n\t<meta property=\"og:image:width\" content=\"2000\" \/>\n\t<meta property=\"og:image:height\" content=\"2000\" \/>\n\t<meta property=\"og:image:type\" content=\"image\/webp\" \/>\n<meta name=\"twitter:card\" content=\"summary_large_image\" \/>\n<meta name=\"twitter:label1\" content=\"Availability\" \/>\n\t<meta name=\"twitter:data1\" content=\"In stock\" \/>\n<script type=\"application\/ld+json\" class=\"yoast-schema-graph\">{\"@context\":\"https:\/\/schema.org\",\"@graph\":[{\"@type\":\"WebPage\",\"@id\":\"https:\/\/matkinh.webie.com.vn\/product\/bolon-bx5007\/\",\"url\":\"https:\/\/matkinh.webie.com.vn\/product\/bolon-bx5007\/\",\"name\":\"Bolon - BX5007 &#8211; M\u1eaft k\u00ednh Webie\",\"isPartOf\":{\"@id\":\"https:\/\/matkinh.webie.com.vn\/#website\"},\"primaryImageOfPage\":{\"@id\":\"https:\/\/matkinh.webie.com.vn\/product\/bolon-bx5007\/#primaryimage\"},\"image\":{\"@id\":\"https:\/\/matkinh.webie.com.vn\/product\/bolon-bx5007\/#primaryimage\"},\"thumbnailUrl\":\"https:\/\/matkinh.webie.com.vn\/wp-content\/uploads\/2025\/07\/BX5007_A10_45.webp\",\"datePublished\":\"2025-07-09T03:40:11+00:00\",\"dateModified\":\"2025-07-09T03:49:18+00:00\",\"description\":\"Kh\u00e1m ph\u00e1 k\u00ednh m\u00e1t Bolon BX5007 v\u1edbi thi\u1ebft k\u1ebf \u0111a gi\u00e1c \u0111\u1ed9c \u0111\u00e1o, ch\u1ea5t li\u1ec7u TR cao c\u1ea5p, tr\u00f2ng Polarized ch\u1ed1ng UV \u2013 phong c\u00e1ch v\u00e0 b\u1ea3o v\u1ec7 t\u1ed1i \u01b0u.\",\"breadcrumb\":{\"@id\":\"https:\/\/matkinh.webie.com.vn\/product\/bolon-bx5007\/#breadcrumb\"},\"inLanguage\":\"en-US\",\"potentialAction\":[{\"@type\":\"ReadAction\",\"target\":[\"https:\/\/matkinh.webie.com.vn\/product\/bolon-bx5007\/\"]}]},{\"@type\":\"ImageObject\",\"inLanguage\":\"en-US\",\"@id\":\"https:\/\/matkinh.webie.com.vn\/product\/bolon-bx5007\/#primaryimage\",\"url\":\"https:\/\/matkinh.webie.com.vn\/wp-content\/uploads\/2025\/07\/BX5007_A10_45.webp\",\"contentUrl\":\"https:\/\/matkinh.webie.com.vn\/wp-content\/uploads\/2025\/07\/BX5007_A10_45.webp\",\"width\":2000,\"height\":2000,\"caption\":\"BX5007_A10_45\"},{\"@type\":\"BreadcrumbList\",\"@id\":\"https:\/\/matkinh.webie.com.vn\/product\/bolon-bx5007\/#breadcrumb\",\"itemListElement\":[{\"@type\":\"ListItem\",\"position\":1,\"name\":\"Home\",\"item\":\"https:\/\/matkinh.webie.com.vn\/\"},{\"@type\":\"ListItem\",\"position\":2,\"name\":\"Shop\",\"item\":\"https:\/\/matkinh.webie.com.vn\/shop\/\"},{\"@type\":\"ListItem\",\"position\":3,\"name\":\"Bolon &#8211; BX5007\"}]},{\"@type\":\"WebSite\",\"@id\":\"https:\/\/matkinh.webie.com.vn\/#website\",\"url\":\"https:\/\/matkinh.webie.com.vn\/\",\"name\":\"M\u1eaft k\u00ednh Webie\",\"description\":\"\",\"publisher\":{\"@id\":\"https:\/\/matkinh.webie.com.vn\/#organization\"},\"alternateName\":\"Webie Eyewear\",\"potentialAction\":[{\"@type\":\"SearchAction\",\"target\":{\"@type\":\"EntryPoint\",\"urlTemplate\":\"https:\/\/matkinh.webie.com.vn\/?s={search_term_string}\"},\"query-input\":\"required name=search_term_string\"}],\"inLanguage\":\"en-US\"},{\"@type\":\"Organization\",\"@id\":\"https:\/\/matkinh.webie.com.vn\/#organization\",\"name\":\"M\u1eaft k\u00ednh Webie\",\"url\":\"https:\/\/matkinh.webie.com.vn\/\",\"logo\":{\"@type\":\"ImageObject\",\"inLanguage\":\"en-US\",\"@id\":\"https:\/\/matkinh.webie.com.vn\/#\/schema\/logo\/image\/\",\"url\":\"https:\/\/matkinh.webie.com.vn\/wp-content\/uploads\/2024\/11\/Matkinh-webie-logo.png\",\"contentUrl\":\"https:\/\/matkinh.webie.com.vn\/wp-content\/uploads\/2024\/11\/Matkinh-webie-logo.png\",\"width\":500,\"height\":500,\"caption\":\"M\u1eaft k\u00ednh Webie\"},\"image\":{\"@id\":\"https:\/\/matkinh.webie.com.vn\/#\/schema\/logo\/image\/\"},\"sameAs\":[\"https:\/\/www.facebook.com\/webie.kinhmatonline\"]}]}<\/script>\n<meta property=\"product:brand\" content=\"Bolon\" \/>\n<meta property=\"og:availability\" content=\"instock\" \/>\n<meta property=\"product:availability\" content=\"instock\" \/>\n<meta property=\"product:retailer_item_id\" content=\"BX5007\" \/>\n<meta property=\"product:condition\" content=\"new\" \/>\n<!-- \/ Yoast SEO Premium plugin. -->","yoast_head_json":{"title":"Bolon - BX5007 &#8211; M\u1eaft k\u00ednh Webie","description":"Kh\u00e1m ph\u00e1 k\u00ednh m\u00e1t Bolon BX5007 v\u1edbi thi\u1ebft k\u1ebf \u0111a gi\u00e1c \u0111\u1ed9c \u0111\u00e1o, ch\u1ea5t li\u1ec7u TR cao c\u1ea5p, tr\u00f2ng Polarized ch\u1ed1ng UV \u2013 phong c\u00e1ch v\u00e0 b\u1ea3o v\u1ec7 t\u1ed1i \u01b0u.","robots":{"index":"index","follow":"follow","max-snippet":"max-snippet:-1","max-image-preview":"max-image-preview:large","max-video-preview":"max-video-preview:-1"},"canonical":"https:\/\/matkinh.webie.com.vn\/en\/product\/bolon-bx5007\/","og_locale":"en_US","og_type":"article","og_title":"Bolon - BX5007","og_description":"Kh\u00e1m ph\u00e1 k\u00ednh m\u00e1t Bolon BX5007 v\u1edbi thi\u1ebft k\u1ebf \u0111a gi\u00e1c \u0111\u1ed9c \u0111\u00e1o, ch\u1ea5t li\u1ec7u TR cao c\u1ea5p, tr\u00f2ng Polarized ch\u1ed1ng UV \u2013 phong c\u00e1ch v\u00e0 b\u1ea3o v\u1ec7 t\u1ed1i \u01b0u.","og_url":"https:\/\/matkinh.webie.com.vn\/en\/product\/bolon-bx5007\/","og_site_name":"M\u1eaft k\u00ednh Webie","article_publisher":"https:\/\/www.facebook.com\/webie.kinhmatonline","article_modified_time":"2025-07-09T03:49:18+00:00","og_image":[{"width":2000,"height":2000,"url":"https:\/\/matkinh.webie.com.vn\/wp-content\/uploads\/2025\/07\/BX5007_A10_45.webp","type":"image\/webp"}],"twitter_card":"summary_large_image","twitter_misc":{"Availability":"In stock"},"schema":{"@context":"https:\/\/schema.org","@graph":[{"@type":"WebPage","@id":"https:\/\/matkinh.webie.com.vn\/product\/bolon-bx5007\/","url":"https:\/\/matkinh.webie.com.vn\/product\/bolon-bx5007\/","name":"Bolon - BX5007 &#8211; M\u1eaft k\u00ednh Webie","isPartOf":{"@id":"https:\/\/matkinh.webie.com.vn\/#website"},"primaryImageOfPage":{"@id":"https:\/\/matkinh.webie.com.vn\/product\/bolon-bx5007\/#primaryimage"},"image":{"@id":"https:\/\/matkinh.webie.com.vn\/product\/bolon-bx5007\/#primaryimage"},"thumbnailUrl":"https:\/\/matkinh.webie.com.vn\/wp-content\/uploads\/2025\/07\/BX5007_A10_45.webp","datePublished":"2025-07-09T03:40:11+00:00","dateModified":"2025-07-09T03:49:18+00:00","description":"Kh\u00e1m ph\u00e1 k\u00ednh m\u00e1t Bolon BX5007 v\u1edbi thi\u1ebft k\u1ebf \u0111a gi\u00e1c \u0111\u1ed9c \u0111\u00e1o, ch\u1ea5t li\u1ec7u TR cao c\u1ea5p, tr\u00f2ng Polarized ch\u1ed1ng UV \u2013 phong c\u00e1ch v\u00e0 b\u1ea3o v\u1ec7 t\u1ed1i \u01b0u.","breadcrumb":{"@id":"https:\/\/matkinh.webie.com.vn\/product\/bolon-bx5007\/#breadcrumb"},"inLanguage":"en-US","potentialAction":[{"@type":"ReadAction","target":["https:\/\/matkinh.webie.com.vn\/product\/bolon-bx5007\/"]}]},{"@type":"ImageObject","inLanguage":"en-US","@id":"https:\/\/matkinh.webie.com.vn\/product\/bolon-bx5007\/#primaryimage","url":"https:\/\/matkinh.webie.com.vn\/wp-content\/uploads\/2025\/07\/BX5007_A10_45.webp","contentUrl":"https:\/\/matkinh.webie.com.vn\/wp-content\/uploads\/2025\/07\/BX5007_A10_45.webp","width":2000,"height":2000,"caption":"BX5007_A10_45"},{"@type":"BreadcrumbList","@id":"https:\/\/matkinh.webie.com.vn\/product\/bolon-bx5007\/#breadcrumb","itemListElement":[{"@type":"ListItem","position":1,"name":"Home","item":"https:\/\/matkinh.webie.com.vn\/"},{"@type":"ListItem","position":2,"name":"Shop","item":"https:\/\/matkinh.webie.com.vn\/shop\/"},{"@type":"ListItem","position":3,"name":"Bolon &#8211; BX5007"}]},{"@type":"WebSite","@id":"https:\/\/matkinh.webie.com.vn\/#website","url":"https:\/\/matkinh.webie.com.vn\/","name":"M\u1eaft k\u00ednh Webie","description":"","publisher":{"@id":"https:\/\/matkinh.webie.com.vn\/#organization"},"alternateName":"Webie Eyewear","potentialAction":[{"@type":"SearchAction","target":{"@type":"EntryPoint","urlTemplate":"https:\/\/matkinh.webie.com.vn\/?s={search_term_string}"},"query-input":"required name=search_term_string"}],"inLanguage":"en-US"},{"@type":"Organization","@id":"https:\/\/matkinh.webie.com.vn\/#organization","name":"M\u1eaft k\u00ednh Webie","url":"https:\/\/matkinh.webie.com.vn\/","logo":{"@type":"ImageObject","inLanguage":"en-US","@id":"https:\/\/matkinh.webie.com.vn\/#\/schema\/logo\/image\/","url":"https:\/\/matkinh.webie.com.vn\/wp-content\/uploads\/2024\/11\/Matkinh-webie-logo.png","contentUrl":"https:\/\/matkinh.webie.com.vn\/wp-content\/uploads\/2024\/11\/Matkinh-webie-logo.png","width":500,"height":500,"caption":"M\u1eaft k\u00ednh Webie"},"image":{"@id":"https:\/\/matkinh.webie.com.vn\/#\/schema\/logo\/image\/"},"sameAs":["https:\/\/www.facebook.com\/webie.kinhmatonline"]}]},"product_brand":"Bolon","og_availability":"instock","product_availability":"instock","product_retailer_item_id":"BX5007","product_condition":"new"},"_links":{"self":[{"href":"https:\/\/matkinh.webie.com.vn\/en\/wp-json\/wp\/v2\/product\/19711","targetHints":{"allow":["GET"]}}],"collection":[{"href":"https:\/\/matkinh.webie.com.vn\/en\/wp-json\/wp\/v2\/product"}],"about":[{"href":"https:\/\/matkinh.webie.com.vn\/en\/wp-json\/wp\/v2\/types\/product"}],"replies":[{"embeddable":true,"href":"https:\/\/matkinh.webie.com.vn\/en\/wp-json\/wp\/v2\/comments?post=19711"}],"version-history":[{"count":2,"href":"https:\/\/matkinh.webie.com.vn\/en\/wp-json\/wp\/v2\/product\/19711\/revisions"}],"predecessor-version":[{"id":19727,"href":"https:\/\/matkinh.webie.com.vn\/en\/wp-json\/wp\/v2\/product\/19711\/revisions\/19727"}],"wp:featuredmedia":[{"embeddable":true,"href":"https:\/\/matkinh.webie.com.vn\/en\/wp-json\/wp\/v2\/media\/19718"}],"wp:attachment":[{"href":"https:\/\/matkinh.webie.com.vn\/en\/wp-json\/wp\/v2\/media?parent=19711"}],"wp:term":[{"taxonomy":"product_brand","embeddable":true,"href":"https:\/\/matkinh.webie.com.vn\/en\/wp-json\/wp\/v2\/product_brand?post=19711"},{"taxonomy":"product_cat","embeddable":true,"href":"https:\/\/matkinh.webie.com.vn\/en\/wp-json\/wp\/v2\/product_cat?post=19711"},{"taxonomy":"product_tag","embeddable":true,"href":"https:\/\/matkinh.webie.com.vn\/en\/wp-json\/wp\/v2\/product_tag?post=19711"}],"curies":[{"name":"wp","href":"https:\/\/api.w.org\/{rel}","templated":true}]}}